{"id":964,"date":"2022-04-13T21:56:17","date_gmt":"2022-04-13T21:56:17","guid":{"rendered":"https:\/\/enjeux-rlaroche.profweb.ca\/?page_id=964"},"modified":"2022-04-22T00:30:25","modified_gmt":"2022-04-22T00:30:25","slug":"la-page-hote-de-millie","status":"publish","type":"page","link":"https:\/\/enjeux-rlaroche.philo-cvm.ca\/?page_id=964","title":{"rendered":"La page h\u00f4te de Milli"},"content":{"rendered":"\n<h2 class=\"wp-block-heading\" id=\"tour-de-table\"><mark style=\"background-color:rgba(0, 0, 0, 0)\" class=\"has-inline-color has-vivid-red-color\">Tour de table: <\/mark><\/h2>\n\n\n\n<ul class=\"wp-block-list\"><li>Pr\u00e9sentations (noms, pronoms si d\u00e9sir\u00e9 et cegep) \/ OK. <\/li><li>Analyse(s) de la question qui vous font vibrer<\/li><\/ul>\n\n\n\n<h2 class=\"wp-block-heading\" id=\"rappels\"><mark style=\"background-color:rgba(0, 0, 0, 0)\" class=\"has-inline-color has-vivid-red-color\">Rappels:<\/mark><\/h2>\n\n\n\n<ul class=\"wp-block-list\"><li>\u00c9coute<\/li><li>Discussion, pas d\u00e9bat<\/li><li>Mansplaining<\/li><li>Demander d&rsquo;expliquer si on ne comprend pas <\/li><li>\u00c9changes, plaisir et joie <\/li><\/ul>\n\n\n\n<h2 class=\"wp-block-heading\" id=\"definitions-communes\"><mark style=\"background-color:rgba(0, 0, 0, 0)\" class=\"has-inline-color has-vivid-red-color\">D\u00e9finitions communes:<\/mark><\/h2>\n\n\n\n<ul class=\"wp-block-list\"><li>Quelle d\u00e9finition donner vous au mot \u00ab\u00a0woke\u00a0\u00bb<\/li><li>Consid\u00e9rer vous qu&rsquo;il s&rsquo;agit d&rsquo;un mouvement de gauche\/r\u00e9volutionnaire<\/li><li>En quoi \u00ab\u00a0l&rsquo;\u00e9veil\u00a0\u00bb consiste-t-il pour vous<\/li><\/ul>\n\n\n\n<h2 class=\"wp-block-heading\" id=\"lancement-de-la-discussion\"><mark style=\"background-color:rgba(0, 0, 0, 0)\" class=\"has-inline-color has-vivid-red-color\">Lancement de la discussion: <\/mark><\/h2>\n\n\n\n<p>R\u00e9sum\u00e9 rapide des discussions des autres coll\u00e8ges (mots-cl\u00e9s, animaux pr\u00e9f\u00e9r\u00e9s). <\/p>\n\n\n\n<p>Noam d\u00e9bute : L&rsquo;anticipation de la conscience. Comment penser l&rsquo;avenir ? Notre interpr\u00e9tation de l&rsquo;avenir d\u00e9pend de notre compr\u00e9hension du pr\u00e9sent. Au lieu de penser l&rsquo;avenir individuellement (menant \u00e0 une impasse), avons-nous les possibilit\u00e9s d&rsquo;imaginer l&rsquo;avenir collectivement ? <\/p>\n\n\n\n<p><\/p>\n\n\n\n<p>Notre vision de l&rsquo;avenir d\u00e9pend de celle que nous avons de notre pr\u00e9sent. Voyons-nous simplement l&rsquo;avenir de fa\u00e7on utopique, ou pouvons-nous voir l&rsquo;avenir de fa\u00e7on pessimiste ? Est-ce que cela doit \u00eatre une question de dualisme entre ces deux concepts ? <\/p>\n\n\n\n<p>Notre futur sera-t-il b\u00e2tie sur notre compr\u00e9hension du pr\u00e9sent, mais aussi influenc\u00e9 par les variables de notre pr\u00e9sent ? <\/p>\n\n\n\n<p>Nous sommes pr\u00e9sentement face \u00e0 la situation qu&rsquo;une grande partie de la population est \u00ab \u00e9veill\u00e9 \u00bb politiquement et collectivement, et une autre moiti\u00e9 ne l&rsquo;est pas. Comment convaincre les gens de passer \u00e0 l&rsquo;action ? Comment convaincre l&rsquo;autre moiti\u00e9 d&rsquo;\u00eatre compatissant entre ses semblables ? Mais est-ce que l&rsquo;\u00e9veil politique est suffisant ? La prise de conscience est un choix. Est-ce qu&rsquo;une catastrophe sociale ou naturelle peut imposer la prise de conscience ? <\/p>\n\n\n\n<p>Peut-on \u00eatre \u00ab \u00e9veill\u00e9 \u00bb si nous restons isol\u00e9 des m\u00eames groupes sociaux que nous pr\u00e9tendons d\u00e9fendre (malgr\u00e9 les r\u00e9seaux sociaux, ou ali\u00e9nation \u00e0 l&rsquo;id\u00e9e que nous aidons sans pour autant faire notre marque dans le r\u00e9el) ? Est-ce qu&rsquo;il y a une probl\u00e9matique sociologique \u00e0 tout \u00e7a ? Une probl\u00e9matique g\u00e9ographique ? <\/p>\n\n\n\n<p>\u00ab Nous pensons que le monde est ce que l&rsquo;on pense \u00bb. Pouvons-nous travailler notre fa\u00e7on de voir le futur en imaginant un monde commun, et non individuel ? <\/p>\n\n\n\n<p>Agir. Comment agir pour vrai ? Comment chercher \u00e0 agir ? <\/p>\n\n\n\n<p>Penser. Comment penser en commun ? Comment convaincre les autres de penser en commun, ou du moins, r\u00e9fl\u00e9chissant en n&rsquo;oubliant pas les autres ? <\/p>\n\n\n\n<p>L&rsquo;action n&rsquo;a pas \u00e0 \u00eatre politique, \u00e9conomique, \u00e0 grande \u00e9chelle. Elle aurait en fait plus d&rsquo;impact \u00e0 petit \u00e9chelle, en petite communaut\u00e9. Ex: l&rsquo;art maintenant individuel, ou lieu d&rsquo;un commun. (Noam et son anarchisme du futur haha). <\/p>\n\n\n\n<p>L&rsquo;auto-destruction n&rsquo;est pas l&rsquo;id\u00e9e de se manger soit-m\u00eame, mais plut\u00f4t de manger les autres car ils ne sont pas comme nous. <\/p>\n\n\n\n<p>Mais encore, est-ce que la conscience politique suffit ? Avons-nous besoin d&rsquo;une conscience communautaire puissante ? Quel est l&rsquo;impact de l&rsquo;isolation pr\u00e9sente sur notre futur, sur l&rsquo;avenir ? <\/p>\n\n\n\n<p>Mais le probl\u00e8me n&rsquo;est pas l&rsquo;individualisme d&rsquo;une grande ville VS celui des petits centres. Il y a un v\u00e9ritable probl\u00e8me d&rsquo;\u00e9ducation sur la fa\u00e7on dont nous nous comportons avec les autres. Parce que, la r\u00e9alit\u00e9, c&rsquo;est que m\u00eame les petites communaut\u00e9s ne ressentent plus le besoin d&rsquo;oeuvrer en commun. <\/p>\n\n\n\n<p>Noam et son cher artisanat : le fait de produire des choses en commun est diff\u00e9rent que celui d&rsquo;acheter des choses produites par d&rsquo;autres en commun. <\/p>\n\n\n\n<p>Comment renforcer le lien commun entre les gens au Qu\u00e9bec, pas seulement comme une marchandise ? <\/p>\n\n\n\n<h2 class=\"wp-block-heading\" id=\"questions-de-milli-avant-rencontre\">Questions de Milli (avant rencontre)<\/h2>\n\n\n\n<p>1. Comment pr\u00e9dire l\u2019avenir ?<\/p>\n\n\n\n<ul class=\"wp-block-list\"><li>Est-t-il possible de pr\u00e9venir l&rsquo;avenir? <\/li><li>Quelles difficult\u00e9s rencontrons nous face \u00e0 cette impasse? Comment les surmonter?<\/li><li>Quelle analyse\/m\u00e9thode croyez la plus pertinente pour discuter de l&rsquo;avenir?<\/li><\/ul>\n\n\n\n<p>2. Que veut-on pour l\u2019avenir ?<\/p>\n\n\n\n<ul class=\"wp-block-list\"><li>Si on con\u00e7oit que le wokisme comme encr\u00e9 dans le pr\u00e9sent, voir le pass\u00e9, sous qu&rsquo;elle forme existeras-t-il dans le futur? <\/li><li>Quel est le but de l&rsquo;\u00e9veil politique? <\/li><li>Croyez vous que l&rsquo;\u00e9veil politique \u00e9tait\/est\/sera suffisant? <\/li><li>Comment appliquer nos d\u00e9sirs pour le futur? <\/li><\/ul>\n\n\n\n<p><\/p>\n","protected":false},"excerpt":{"rendered":"<p>Tour de table: Pr\u00e9sentations (noms, pronoms si d\u00e9sir\u00e9 et cegep) \/ OK. Analyse(s) de la question qui vous font vibrer Rappels: \u00c9coute Discussion, pas d\u00e9bat Mansplaining Demander d&rsquo;expliquer si on ne comprend pas \u00c9changes, plaisir et joie D\u00e9finitions communes: Quelle d\u00e9finition donner vous au mot \u00ab\u00a0woke\u00a0\u00bb Consid\u00e9rer vous qu&rsquo;il s&rsquo;agit d&rsquo;un mouvement de gauche\/r\u00e9volutionnaire En&hellip;<\/p>\n","protected":false},"author":1,"featured_media":0,"parent":0,"menu_order":0,"comment_status":"closed","ping_status":"closed","template":"","meta":{"footnotes":""},"class_list":["post-964","page","type-page","status-publish","hentry"],"_links":{"self":[{"href":"https:\/\/enjeux-rlaroche.philo-cvm.ca\/index.php?rest_route=\/wp\/v2\/pages\/964","targetHints":{"allow":["GET"]}}],"collection":[{"href":"https:\/\/enjeux-rlaroche.philo-cvm.ca\/index.php?rest_route=\/wp\/v2\/pages"}],"about":[{"href":"https:\/\/enjeux-rlaroche.philo-cvm.ca\/index.php?rest_route=\/wp\/v2\/types\/page"}],"author":[{"embeddable":true,"href":"https:\/\/enjeux-rlaroche.philo-cvm.ca\/index.php?rest_route=\/wp\/v2\/users\/1"}],"replies":[{"embeddable":true,"href":"https:\/\/enjeux-rlaroche.philo-cvm.ca\/index.php?rest_route=%2Fwp%2Fv2%2Fcomments&post=964"}],"version-history":[{"count":5,"href":"https:\/\/enjeux-rlaroche.philo-cvm.ca\/index.php?rest_route=\/wp\/v2\/pages\/964\/revisions"}],"predecessor-version":[{"id":1039,"href":"https:\/\/enjeux-rlaroche.philo-cvm.ca\/index.php?rest_route=\/wp\/v2\/pages\/964\/revisions\/1039"}],"wp:attachment":[{"href":"https:\/\/enjeux-rlaroche.philo-cvm.ca\/index.php?rest_route=%2Fwp%2Fv2%2Fmedia&parent=964"}],"curies":[{"name":"wp","href":"https:\/\/api.w.org\/{rel}","templated":true}]}}