{"id":959,"date":"2022-04-13T21:54:25","date_gmt":"2022-04-13T21:54:25","guid":{"rendered":"https:\/\/enjeux-rlaroche.profweb.ca\/?page_id=959"},"modified":"2022-04-22T01:43:11","modified_gmt":"2022-04-22T01:43:11","slug":"la-page-hote-de-gaelle","status":"publish","type":"page","link":"https:\/\/enjeux-rlaroche.philo-cvm.ca\/?page_id=959","title":{"rendered":"La page h\u00f4te de Ga\u00eblle"},"content":{"rendered":"\n<p class=\"has-luminous-vivid-orange-color has-text-color has-large-font-size\" style=\"text-transform:uppercase\"><strong>Mettre la table<\/strong><\/p>\n\n\n\n<figure class=\"wp-block-image size-full\"><img loading=\"lazy\" decoding=\"async\" width=\"934\" height=\"698\" src=\"https:\/\/enjeux-rlaroche.philo-cvm.ca\/wp-content\/uploads\/2022\/04\/image.png\" alt=\"\" class=\"wp-image-998\" srcset=\"https:\/\/enjeux-rlaroche.philo-cvm.ca\/wp-content\/uploads\/2022\/04\/image.png 934w, https:\/\/enjeux-rlaroche.philo-cvm.ca\/wp-content\/uploads\/2022\/04\/image-300x224.png 300w, https:\/\/enjeux-rlaroche.philo-cvm.ca\/wp-content\/uploads\/2022\/04\/image-768x574.png 768w\" sizes=\"auto, (max-width: 934px) 100vw, 934px\" \/><\/figure>\n\n\n\n<p><\/p>\n\n\n\n<p class=\"has-luminous-vivid-orange-color has-text-color has-large-font-size\" style=\"text-transform:uppercase\"><strong>ENtr\u00e9e<\/strong><\/p>\n\n\n\n<p>Tour de table :<\/p>\n\n\n\n<ul class=\"wp-block-list\"><li>De quoi avez-vous discut\u00e9 lors de vos rencontres? (Tr\u00e8s bri\u00e8vement, 1-2 \u00e9l\u00e9ments)<\/li><li>O\u00f9 en \u00eates vous par rapport \u00e0 la question \u00abL&rsquo;avenir est-il <em>woke<\/em>?\u00bb<\/li><\/ul>\n\n\n\n<p class=\"has-luminous-vivid-orange-color has-text-color has-large-font-size\" style=\"text-transform:uppercase\"><strong>Plat Principal<\/strong><\/p>\n\n\n\n<p><strong>COMMENT <\/strong>pr\u00e9dire l&rsquo;avenir?<\/p>\n\n\n\n<p>Il me semble n\u00e9cessaire de se poser sur la question du pr\u00e9sent pour envisager un futur. Puisque ce dernier est impr\u00e9visible, la mani\u00e8re la plus concr\u00e8te d&rsquo;y r\u00e9fl\u00e9chir est selon moi de se pencher sur notre condition actuelle.<\/p>\n\n\n\n<ul class=\"wp-block-list\"><li>Quelle est votre <strong>compr\u00e9hension<\/strong> du pr\u00e9sent?<\/li><\/ul>\n\n\n\n<ul class=\"wp-block-list\"><li>Qu&rsquo;est-ce qui va <strong>\u00e9merger<\/strong> de la pr\u00e9sente situation?<\/li><\/ul>\n\n\n\n<ul class=\"wp-block-list\"><li>Quelle <strong>analyse<\/strong> utiliser \/ sur quoi se baser pour <strong>pr\u00e9dire<\/strong> l&rsquo;avenir?<\/li><\/ul>\n\n\n\n<p><\/p>\n\n\n\n<p>    <\/p>\n\n\n\n<p><strong>QUE VEUT-ON <\/strong>pour l&rsquo;avenir?<\/p>\n\n\n\n<p>Pistes de r\u00e9flexions (Je veux vous entendre!!!)<\/p>\n\n\n\n<ul class=\"wp-block-list\"><li>\u00c9veil (\u00e9veil des consciences)<\/li><\/ul>\n\n\n\n<ul class=\"wp-block-list\"><li>L&rsquo;amour (amour de l&rsquo;humanit\u00e9)<\/li><\/ul>\n\n\n\n<ul class=\"wp-block-list\"><li>Bienveillance (s&rsquo;engager dans des luttes avec de l&#8217;empathie)<\/li><\/ul>\n\n\n\n<ul class=\"wp-block-list\"><li>\u00c9go\u00efsme (a-t-il des cons\u00e9quences positives?)<\/li><\/ul>\n\n\n\n<ul class=\"wp-block-list\"><li>Lib\u00e9rer le d\u00e9sir (agir par d\u00e9sir et non par devoir)<\/li><\/ul>\n\n\n\n<p><\/p>\n\n\n\n<p>    <\/p>\n\n\n\n<p>La question \u00abL&rsquo;avenir est-il <em>woke<\/em>?\u00bb est universalisante mais l&rsquo;avenir ne l&rsquo;est pas du tout. <\/p>\n\n\n\n<p>La <strong>rationalit\u00e9<\/strong> prend une grande place dans notre soci\u00e9t\u00e9, les sentiments et la <strong>subjectivit\u00e9<\/strong> sont ainsi souvent reproch\u00e9s au <em>wokisme<\/em>. La r\u00e9alisation de nos r\u00eaves concernant l&rsquo;avenir est-elle rationnelle? Les sentiments que nous \u00e9prouvons en projetant un r\u00eave dans le futur ne sont-ils pas en avance sur la rationalit\u00e9? <\/p>\n\n\n\n<p>Comment \u00e9viter que nos r\u00eaves se fassent reprendre\/d\u00e9tourner par le syst\u00e8me politique?<\/p>\n\n\n\n<p>    <\/p>\n\n\n\n<p class=\"has-luminous-vivid-orange-color has-text-color has-large-font-size\" style=\"text-transform:uppercase\"><strong>Dessert<\/strong><\/p>\n\n\n\n<p><strong>PISTES DE SOLUTIONS <\/strong><\/p>\n\n\n\n<ul class=\"wp-block-list\"><li>Quels <strong>moyens <\/strong>pouvons-nous nous donner?<\/li><\/ul>\n\n\n\n<ul class=\"wp-block-list\"><li>R\u00e9fl\u00e9chir \u00e0 partir de<em><strong> l&rsquo;ici et maintenant <\/strong><\/em>(Que peut-on faire dans le pr\u00e9sent?)<\/li><\/ul>\n\n\n\n<p>\u00c9tant donn\u00e9 la  multiplication des savoirs faire et des attitudes, il est plus difficile d&rsquo;\u00eatre ensemble, en communion&#8230;<\/p>\n\n\n\n<ul class=\"wp-block-list\"><li>Comment penser \/ cr\u00e9er en <strong>commun<\/strong>? (Tenter d&rsquo;\u00e9viter les guerres d&rsquo;opinion)<\/li><\/ul>\n\n\n\n<p><\/p>\n\n\n\n<p class=\"has-large-font-size\"><strong>Notes sur la discussion : <\/strong><\/p>\n\n\n\n<p>Pr\u00e9voir l&rsquo;avenir sur ce qu&rsquo;on veut (plaisir) et on \u00e9vite le malheur, on envisagerait une utopie<\/p>\n\n\n\n<p>Fiction dystopique<\/p>\n\n\n\n<p>Changements climatiques = vision pessimiste, rien de peut \u00eatre fait?<\/p>\n\n\n\n<p>Vision pessimiste du pr\u00e9sent = vision pessimiste du futur?<\/p>\n\n\n\n<p>Adaptation, Darwin<\/p>\n\n\n\n<p>Prise de conscience est un choix VS face \u00e0 une catastrophe (ou face \u00e0 l&rsquo;injustice) = obligation de poser des actions<\/p>\n\n\n\n<p>\u00c7A VA PRENDRE UNE CATASTROPHE POUR QU&rsquo;ON SE R\u00c9VEILLE<\/p>\n\n\n\n<p>Angel sociologique<\/p>\n\n\n\n<p>Cancel culture nous permet d&rsquo;approcher les autres diff\u00e9remment<\/p>\n\n\n\n<p>L&rsquo;arch\u00e9 texte, \u00eatre s\u00fbr de comment on comprend le monde, pi\u00e9g\u00e9 dans notre id\u00e9ologie, culture. Se d\u00e9faire de l&rsquo;histoire unique dans laquelle nous sommes et s&rsquo;engager avec humanit\u00e9 avec les autres.<\/p>\n\n\n\n<p>Reconnaissance de la SUBJECTIVIT\u00c9 des autres<\/p>\n\n\n\n<p>Manque d&rsquo;engagement dans notre soci\u00e9t\u00e9 (m\u00e9dias sociaux)<\/p>\n\n\n\n<p>On doit <strong>cr\u00e9er<\/strong> quelque chose \u00e0 partir de \u00e7a<\/p>\n\n\n\n<p>Agir au sein de son milieu, \u00e0 une \u00e9chelle citoyenne (Artisanat, permaculture, lien)<\/p>\n\n\n\n<p>L&rsquo;art s&rsquo;est individualis\u00e9<\/p>\n\n\n\n<p>Urbanisation = individualisation<\/p>\n\n\n\n<p>Renouer, rencontrer les gens dans sa communaut\u00e9 (former une communaut\u00e9) ressentir les choses en plus des id\u00e9es pour comprendre la soci\u00e9t\u00e9<\/p>\n\n\n\n<p>Plus on est ancr\u00e9 dans l&rsquo;individualit\u00e9 moins on est ancr\u00e9 dans la r\u00e9alit\u00e9 qui nous entoure (plein de petites r\u00e9alit\u00e9s individuelles)<\/p>\n\n\n\n<p>Risque avec le wokisme : se servir d&rsquo;une id\u00e9ologie pour agir sur un monde qu&rsquo;on ne comprend pas<\/p>\n\n\n\n<p>Pas les grandes villes le probl\u00e8me, pas un aspect physique d&rsquo;\u00eatre proche ou pas, il s&rsquo;agit de renouer avec les autres<\/p>\n\n\n\n<p>Raffermir les liens dans une grande ville en jouant de la <strong>musique<\/strong> \u00e0 tous les coins de rue<\/p>\n\n\n\n<p>culture latine?<\/p>\n\n\n\n<figure class=\"wp-block-image\"><img decoding=\"async\" src=\"https:\/\/www.barcelonacheckin.com\/img\/stored_images\/barcelona\/articles_images\/dsc_03432.jpg\" alt=\"Jouer de la musique \u00e0 Barcelone\"\/><\/figure>\n\n\n\n<p><\/p>\n\n\n\n<p>Au lieu d&rsquo;acheter, produire par soi-m\u00eame<\/p>\n\n\n\n<p>Collectiviser les savoirs, cr\u00e9er des r\u00e9seaux<\/p>\n\n\n\n<p>COMMENT faire ces liens <\/p>\n\n\n\n<p>FAIRE en commun, pas acheter<\/p>\n\n\n\n<p>Marchandisation de l&rsquo;art, arghhh<\/p>\n\n\n\n<p>Mondialiser<\/p>\n\n\n\n<p>S&rsquo;isoler pour comprendre ne marche pas, il faut penser en commun (exp\u00e9riences diff\u00e9rentes)<\/p>\n\n\n\n<p>actions &#8211; r\u00e9flexion &#8211; \u00e9gal \u00e0 \u00e9gal &#8211; <\/p>\n\n\n\n<p class=\"has-larger-font-size\"><strong>\u00ab Partir du terreau de la vie r\u00e9elle et pas des livres poussi\u00e9reux. \u00bb<\/strong><\/p>\n\n\n\n<p><\/p>\n","protected":false},"excerpt":{"rendered":"<p>Mettre la table ENtr\u00e9e Tour de table : De quoi avez-vous discut\u00e9 lors de vos rencontres? (Tr\u00e8s bri\u00e8vement, 1-2 \u00e9l\u00e9ments) O\u00f9 en \u00eates vous par rapport \u00e0 la question \u00abL&rsquo;avenir est-il woke?\u00bb Plat Principal COMMENT pr\u00e9dire l&rsquo;avenir? Il me semble n\u00e9cessaire de se poser sur la question du pr\u00e9sent pour envisager un futur. Puisque ce&hellip;<\/p>\n","protected":false},"author":1,"featured_media":0,"parent":0,"menu_order":0,"comment_status":"closed","ping_status":"closed","template":"","meta":{"footnotes":""},"class_list":["post-959","page","type-page","status-publish","hentry"],"_links":{"self":[{"href":"https:\/\/enjeux-rlaroche.philo-cvm.ca\/index.php?rest_route=\/wp\/v2\/pages\/959","targetHints":{"allow":["GET"]}}],"collection":[{"href":"https:\/\/enjeux-rlaroche.philo-cvm.ca\/index.php?rest_route=\/wp\/v2\/pages"}],"about":[{"href":"https:\/\/enjeux-rlaroche.philo-cvm.ca\/index.php?rest_route=\/wp\/v2\/types\/page"}],"author":[{"embeddable":true,"href":"https:\/\/enjeux-rlaroche.philo-cvm.ca\/index.php?rest_route=\/wp\/v2\/users\/1"}],"replies":[{"embeddable":true,"href":"https:\/\/enjeux-rlaroche.philo-cvm.ca\/index.php?rest_route=%2Fwp%2Fv2%2Fcomments&post=959"}],"version-history":[{"count":8,"href":"https:\/\/enjeux-rlaroche.philo-cvm.ca\/index.php?rest_route=\/wp\/v2\/pages\/959\/revisions"}],"predecessor-version":[{"id":1041,"href":"https:\/\/enjeux-rlaroche.philo-cvm.ca\/index.php?rest_route=\/wp\/v2\/pages\/959\/revisions\/1041"}],"wp:attachment":[{"href":"https:\/\/enjeux-rlaroche.philo-cvm.ca\/index.php?rest_route=%2Fwp%2Fv2%2Fmedia&parent=959"}],"curies":[{"name":"wp","href":"https:\/\/api.w.org\/{rel}","templated":true}]}}