{"id":956,"date":"2022-04-13T21:53:42","date_gmt":"2022-04-13T21:53:42","guid":{"rendered":"https:\/\/enjeux-rlaroche.profweb.ca\/?page_id=956"},"modified":"2022-04-21T20:09:16","modified_gmt":"2022-04-21T20:09:16","slug":"la-page-hote-de-francois","status":"publish","type":"page","link":"https:\/\/enjeux-rlaroche.philo-cvm.ca\/?page_id=956","title":{"rendered":"La page h\u00f4te de Fran\u00e7ois"},"content":{"rendered":"\n<p class=\"has-larger-font-size\"><strong>Atmosph\u00e8re<\/strong><\/p>\n\n\n\n<ul class=\"wp-block-list\"><li>\u00c9coute, bienveillance, ouverture, curiosit\u00e9, amour, <\/li><\/ul>\n\n\n\n<p class=\"has-larger-font-size\"><strong>Comment pr\u00e9dire l&rsquo;avenir? <\/strong><\/p>\n\n\n\n<ul class=\"wp-block-list\"><li><strong>Pourquoi pr\u00e9dire l&rsquo;avenir?<\/strong><\/li><\/ul>\n\n\n\n<ul class=\"wp-block-list\"><li><strong>Je propose : penser \u00e0 partir de notre exp\u00e9rience personnelle ; de notre v\u00e9cu<\/strong><ul><li>Comme dit Pascale (il me semble) : on en aura jamais autant \u00e0 dire qu&rsquo;\u00e0 propos de notre v\u00e9cu. <\/li><\/ul><\/li><\/ul>\n\n\n\n<p class=\"has-larger-font-size\"><strong>Que veut-on pour l&rsquo;avenir?<\/strong><\/p>\n\n\n\n<ul class=\"wp-block-list\"><li><strong>Sur quel plan?<\/strong> <ul><li>Social<\/li><li>\u00c9conomique<\/li><li>Politique<\/li><li>Sant\u00e9<\/li><li>Artistique<\/li><li>Individuel<\/li><li>Environnemental<\/li><li>&#8230;<\/li><\/ul><\/li><\/ul>\n\n\n\n<ul class=\"wp-block-list\"><li><strong>Quelles sont les valeurs ou les principes fondamentaux de soci\u00e9t\u00e9 que nous d\u00e9sirons pour l&rsquo;avenir?<\/strong><ul><li>Piste : Les soci\u00e9t\u00e9s sont mise en place afin de b\u00e9n\u00e9ficier \u00e0 tous et \u00e0 toutes. Les forces des gens sont mises aux profits de l&rsquo;ensemble des habitants. <ul><li>Toutefois, la comp\u00e9tition est omnipr\u00e9sente. Par exemple, dans le syst\u00e8me scolaire et dans le syst\u00e8me \u00e9conomique (comp\u00e9tition entre les produits, entre les soumissionnaires). <\/li><li>Personnellement, un principe que j&rsquo;aimerais voir \u00e0 la base de la soci\u00e9t\u00e9 est la collaboration et l&rsquo;entraide. <\/li><li>Un autre serait : qualit\u00e9 avant quantit\u00e9. <\/li><\/ul><\/li><\/ul><\/li><\/ul>\n\n\n\n<ul class=\"wp-block-list\"><li><strong>Quelles actions pourrions-nous porter d\u00e8s maintenant afin de cheminer vers cela? <\/strong><ul><li>Piste : la musique : Toutes et tous ressembl\u00e9s autour de sensation et de bonheur. <ul><li>Coh\u00e9sion sociale? <\/li><li>Spinoza\/Lenoir : \u00ab Notre pouvoir d&rsquo;action est au maximum quand on est heureux \u00bb<\/li><\/ul><\/li><\/ul><\/li><\/ul>\n","protected":false},"excerpt":{"rendered":"<p>Atmosph\u00e8re \u00c9coute, bienveillance, ouverture, curiosit\u00e9, amour, Comment pr\u00e9dire l&rsquo;avenir? Pourquoi pr\u00e9dire l&rsquo;avenir? Je propose : penser \u00e0 partir de notre exp\u00e9rience personnelle ; de notre v\u00e9cu Comme dit Pascale (il me semble) : on en aura jamais autant \u00e0 dire qu&rsquo;\u00e0 propos de notre v\u00e9cu. Que veut-on pour l&rsquo;avenir? Sur quel plan? Social \u00c9conomique Politique&hellip;<\/p>\n","protected":false},"author":1,"featured_media":1032,"parent":0,"menu_order":0,"comment_status":"closed","ping_status":"closed","template":"","meta":{"footnotes":""},"class_list":["post-956","page","type-page","status-publish","has-post-thumbnail","hentry"],"_links":{"self":[{"href":"https:\/\/enjeux-rlaroche.philo-cvm.ca\/index.php?rest_route=\/wp\/v2\/pages\/956","targetHints":{"allow":["GET"]}}],"collection":[{"href":"https:\/\/enjeux-rlaroche.philo-cvm.ca\/index.php?rest_route=\/wp\/v2\/pages"}],"about":[{"href":"https:\/\/enjeux-rlaroche.philo-cvm.ca\/index.php?rest_route=\/wp\/v2\/types\/page"}],"author":[{"embeddable":true,"href":"https:\/\/enjeux-rlaroche.philo-cvm.ca\/index.php?rest_route=\/wp\/v2\/users\/1"}],"replies":[{"embeddable":true,"href":"https:\/\/enjeux-rlaroche.philo-cvm.ca\/index.php?rest_route=%2Fwp%2Fv2%2Fcomments&post=956"}],"version-history":[{"count":4,"href":"https:\/\/enjeux-rlaroche.philo-cvm.ca\/index.php?rest_route=\/wp\/v2\/pages\/956\/revisions"}],"predecessor-version":[{"id":1033,"href":"https:\/\/enjeux-rlaroche.philo-cvm.ca\/index.php?rest_route=\/wp\/v2\/pages\/956\/revisions\/1033"}],"wp:featuredmedia":[{"embeddable":true,"href":"https:\/\/enjeux-rlaroche.philo-cvm.ca\/index.php?rest_route=\/wp\/v2\/media\/1032"}],"wp:attachment":[{"href":"https:\/\/enjeux-rlaroche.philo-cvm.ca\/index.php?rest_route=%2Fwp%2Fv2%2Fmedia&parent=956"}],"curies":[{"name":"wp","href":"https:\/\/api.w.org\/{rel}","templated":true}]}}