{"id":949,"date":"2022-04-13T21:49:50","date_gmt":"2022-04-13T21:49:50","guid":{"rendered":"https:\/\/enjeux-rlaroche.profweb.ca\/?page_id=949"},"modified":"2022-04-22T00:41:24","modified_gmt":"2022-04-22T00:41:24","slug":"la-page-hote-de-pascale","status":"publish","type":"page","link":"https:\/\/enjeux-rlaroche.philo-cvm.ca\/?page_id=949","title":{"rendered":"La page h\u00f4te de Pascale"},"content":{"rendered":"\n<p><strong>L&rsquo;AVENIR est-il <em>woke<\/em>?<\/strong><\/p>\n\n\n\n<p><em>Donc, est-ce que A=B? Mais A=? <\/em><\/p>\n\n\n\n<p><strong>TOUR DE TABLE<\/strong><\/p>\n\n\n\n<ul class=\"wp-block-list\"><li>Sujets de discussions ayant le plus suscit\u00e9 vos esprits<\/li><li>Quel est le but de la lutte woke? Correspond-elle avec l&rsquo;avenir souhait\u00e9?<\/li><\/ul>\n\n\n\n<p><strong>L&rsquo;AVENIR<\/strong><\/p>\n\n\n\n<ul class=\"wp-block-list\"><li><strong>Peut-on le pr\u00e9dire? Si oui, comment? Si non, pourquoi pas?<\/strong><\/li><\/ul>\n\n\n\n<figure class=\"wp-block-image size-full\"><img loading=\"lazy\" decoding=\"async\" width=\"592\" height=\"263\" src=\"https:\/\/enjeux-rlaroche.philo-cvm.ca\/wp-content\/uploads\/2022\/04\/image-1.png\" alt=\"\" class=\"wp-image-1009\" srcset=\"https:\/\/enjeux-rlaroche.philo-cvm.ca\/wp-content\/uploads\/2022\/04\/image-1.png 592w, https:\/\/enjeux-rlaroche.philo-cvm.ca\/wp-content\/uploads\/2022\/04\/image-1-300x133.png 300w\" sizes=\"auto, (max-width: 592px) 100vw, 592px\" \/><figcaption>https:\/\/www.jepense.org\/avenir-est-il-deja-ecrit-philosophie\/<\/figcaption><\/figure>\n\n\n\n<p>Retenons deux notions oppos\u00e9es: le <strong>DESTIN<\/strong> et le <strong>HASARD<\/strong>. <\/p>\n\n\n\n<p>Si l&rsquo;avenir est \u00e9crit, il y a une force plus grande que nature addition\u00e9e \u00e0 un encha\u00eenement causal qui <strong>destine<\/strong> l&rsquo;avenir a \u00eatre tel qu&rsquo;il est. <\/p>\n\n\n\n<ul class=\"wp-block-list\"><li>D\u00e9terminisme<\/li><\/ul>\n\n\n\n<p>SI l&rsquo;avenir n&rsquo;est pas \u00e9crit, c&rsquo;est qui n&rsquo;y a rien dans le pass\u00e9 ou le pr\u00e9sent qui ne puisse donner un indice sur ce \u00e0 quoi l&rsquo;avenir nous r\u00e9serve. Les \u00e9v\u00e9nements sont donc al\u00e9atoires, <strong>hasardeux<\/strong>.<\/p>\n\n\n\n<ul class=\"wp-block-list\"><li>Libert\u00e9, libre-arbitre, possibilit\u00e9 de faire des <strong>choix<\/strong>.<\/li><li>\u00c0 quelle point cette libert\u00e9 est-elle authentique?<\/li><\/ul>\n\n\n\n<figure class=\"wp-block-image size-full\"><img loading=\"lazy\" decoding=\"async\" width=\"596\" height=\"482\" src=\"https:\/\/enjeux-rlaroche.philo-cvm.ca\/wp-content\/uploads\/2022\/04\/ss2.png\" alt=\"\" class=\"wp-image-1021\" srcset=\"https:\/\/enjeux-rlaroche.philo-cvm.ca\/wp-content\/uploads\/2022\/04\/ss2.png 596w, https:\/\/enjeux-rlaroche.philo-cvm.ca\/wp-content\/uploads\/2022\/04\/ss2-300x243.png 300w\" sizes=\"auto, (max-width: 596px) 100vw, 596px\" \/><\/figure>\n\n\n\n<ul class=\"wp-block-list\"><li><strong>Que veut-on pour notre avenir?<\/strong><\/li><\/ul>\n\n\n\n<p>Pourquoi avons-nous cr\u00e9\u00e9 ce concept d&rsquo;avenir? Pour r\u00e9pondre \u00e0 quel besoin?<\/p>\n\n\n\n<p>Dans quelles mesures l&rsquo;avenir pourra-t-il concorder avec les luttes woke, si possible?<\/p>\n\n\n\n<ul class=\"wp-block-list\"><li>Dans les sph\u00e8res culturelle et artistique<\/li><li>Politique et id\u00e9ologique<\/li><li>Scientifique<\/li><li>Intrapersonnelle<\/li><li>etc.<\/li><\/ul>\n\n\n\n<p><strong><em>Deviens qui tu es!<\/em><\/strong>   -Pindare<\/p>\n\n\n\n<p><\/p>\n\n\n\n<p><strong>Notes de discussions:<\/strong><\/p>\n\n\n\n<p>Destin: Comportement humain est un cercle vicieux. Les actions perp\u00e9tr\u00e9es se reproduiront continuellement et c&rsquo;est \u00e7a la force surnaturelle.<\/p>\n\n\n\n<p>Hasard: Comment, \u00e0 partir de ce qui est, les autres agiront. <\/p>\n\n\n\n<p>D\u00e9terminisme: l&rsquo;avenir est d\u00e9termin\u00e9, mais pas \u00e9crit. Le d\u00e9terminisme n&rsquo;implique pas que ce qui est d\u00e9termin\u00e9 est certain. Pour avoir un certain contr\u00f4le sur l&rsquo;avenir, il faut avoir une notions des causes ACTUELLES qui d\u00e9finiront l&rsquo;avenir. <strong>Th\u00e8se de base de toutes les sciences?<\/strong><\/p>\n\n\n\n<p>Libert\u00e9: conna\u00eetre les causes. \u00catre en mesure de se pr\u00e9parer pour ce qui arrive.<\/p>\n\n\n\n<p>Distinction avec la libert\u00e9 individuelle qui est trop faible pour d\u00e9terminer l&rsquo;avenir. La collectivit\u00e9 et l&rsquo;environnement serait la cl\u00e9?<\/p>\n\n\n\n<p>Conditions mat\u00e9rielles d&rsquo;existence: agir selon codes, rites, etc. <\/p>\n\n\n\n<p>C&rsquo;est quoi la libert\u00e9 collective? Le wokisme veut la libert\u00e9 de communaut\u00e9s marginalis\u00e9es. Il va \u00e0 l&rsquo;encontre des libert\u00e9s individuelles pour favoriser le peuple.<\/p>\n\n\n\n<p><\/p>\n","protected":false},"excerpt":{"rendered":"<p>L&rsquo;AVENIR est-il woke? Donc, est-ce que A=B? Mais A=? TOUR DE TABLE Sujets de discussions ayant le plus suscit\u00e9 vos esprits Quel est le but de la lutte woke? Correspond-elle avec l&rsquo;avenir souhait\u00e9? L&rsquo;AVENIR Peut-on le pr\u00e9dire? Si oui, comment? Si non, pourquoi pas? Retenons deux notions oppos\u00e9es: le DESTIN et le HASARD. Si l&rsquo;avenir&hellip;<\/p>\n","protected":false},"author":1,"featured_media":0,"parent":0,"menu_order":0,"comment_status":"closed","ping_status":"closed","template":"","meta":{"footnotes":""},"class_list":["post-949","page","type-page","status-publish","hentry"],"_links":{"self":[{"href":"https:\/\/enjeux-rlaroche.philo-cvm.ca\/index.php?rest_route=\/wp\/v2\/pages\/949","targetHints":{"allow":["GET"]}}],"collection":[{"href":"https:\/\/enjeux-rlaroche.philo-cvm.ca\/index.php?rest_route=\/wp\/v2\/pages"}],"about":[{"href":"https:\/\/enjeux-rlaroche.philo-cvm.ca\/index.php?rest_route=\/wp\/v2\/types\/page"}],"author":[{"embeddable":true,"href":"https:\/\/enjeux-rlaroche.philo-cvm.ca\/index.php?rest_route=\/wp\/v2\/users\/1"}],"replies":[{"embeddable":true,"href":"https:\/\/enjeux-rlaroche.philo-cvm.ca\/index.php?rest_route=%2Fwp%2Fv2%2Fcomments&post=949"}],"version-history":[{"count":6,"href":"https:\/\/enjeux-rlaroche.philo-cvm.ca\/index.php?rest_route=\/wp\/v2\/pages\/949\/revisions"}],"predecessor-version":[{"id":1040,"href":"https:\/\/enjeux-rlaroche.philo-cvm.ca\/index.php?rest_route=\/wp\/v2\/pages\/949\/revisions\/1040"}],"wp:attachment":[{"href":"https:\/\/enjeux-rlaroche.philo-cvm.ca\/index.php?rest_route=%2Fwp%2Fv2%2Fmedia&parent=949"}],"curies":[{"name":"wp","href":"https:\/\/api.w.org\/{rel}","templated":true}]}}