{"id":93,"date":"2021-11-04T16:42:33","date_gmt":"2021-11-04T16:42:33","guid":{"rendered":"https:\/\/enjeux-rlaroche.profweb.ca\/?page_id=93"},"modified":"2021-11-19T14:01:11","modified_gmt":"2021-11-19T14:01:11","slug":"fil-dactualite","status":"publish","type":"page","link":"https:\/\/enjeux-rlaroche.philo-cvm.ca\/?page_id=93","title":{"rendered":"Fil d&rsquo;actualit\u00e9"},"content":{"rendered":"\n<p>Cet onglet est d\u00e9di\u00e9 au recensement de tous les articles pertinents que nous pourrons trouver au sujet de nos questionnements. <\/p>\n\n\n\n<p>Il n&rsquo;y a pratiquement pas une seule journ\u00e9e sans que quelque chose pop dans les m\u00e9dias concernant ce d\u00e9bat de soci\u00e9t\u00e9. Vous trouvez un article ou un lien vers un \u00e9v\u00e9nement ayant le \u00ab\u00a0wokisme\u00a0\u00bb comme sujet, ins\u00e9rez le dans le fil de l&rsquo;actualit\u00e9 en indiquant la date. N&rsquo;h\u00e9sitez pas \u00e0 remonter le temps. <\/p>\n\n\n\n<h2 class=\"has-text-align-center has-vivid-red-color has-text-color wp-block-heading\">***<\/h2>\n\n\n\n<p><strong>5 mai 2021<\/strong><\/p>\n\n\n\n<p><a href=\"https:\/\/lactualite.com\/societe\/la-gauche-qui-derange\/\">https:\/\/lactualite.com\/societe\/la-gauche-qui-derange\/<\/a><\/p>\n\n\n\n<p><strong>15-16-17 septembre 2021 <\/strong>: \u00e0 propos de l&rsquo;altercation entre GND et Fran\u00e7ois Legault <\/p>\n\n\n\n<p><a href=\"https:\/\/www.lapresse.ca\/actualites\/chroniques\/2021-09-16\/le-woke-dans-tous-ses-etats.php\">https:\/\/www.lapresse.ca\/actualites\/chroniques\/2021-09-16\/le-woke-dans-tous-ses-etats.php<\/a><\/p>\n\n\n\n<p>Les \u00abwokes\u00bb veulent&nbsp;\u00abfaire&nbsp;sentir&nbsp;coupables\u00bb&nbsp;les Qu\u00e9b\u00e9cois, selon Legault&nbsp;<\/p>\n\n\n\n<p><a href=\"https:\/\/www.ledevoir.com\/politique\/quebec\/632817\/gnd-woke-je-ne-sais-pas-trop-ce-que-ca-veut-dire\">https:\/\/www.ledevoir.com\/politique\/quebec\/632817\/gnd-woke-je-ne-sais-pas-trop-ce-que-ca-veut-dire<\/a><\/p>\n\n\n\n<p>Mais qu\u2019est-ce qu\u2019un&nbsp;<em>woke<\/em>, finalement ?&nbsp;<\/p>\n\n\n\n<p><a href=\"https:\/\/www.lapresse.ca\/actualites\/politique\/2021-09-17\/debat-entre-legault-et-nadeau-dubois\/mais-qu-est-ce-qu-un-woke-finalement.php\">https:\/\/www.lapresse.ca\/actualites\/politique\/2021-09-17\/debat-entre-legault-et-nadeau-dubois\/mais-qu-est-ce-qu-un-woke-finalement.php<\/a><\/p>\n\n\n\n<p>Legault donne sa d\u00e9finition du terme \u00ab&nbsp;<em>woke&nbsp;<\/em>\u00bb&nbsp;<\/p>\n\n\n\n<p><a href=\"https:\/\/www.lapresse.ca\/actualites\/politique\/2021-09-16\/legault-donne-sa-definition-du-terme-woke.php\">https:\/\/www.lapresse.ca\/actualites\/politique\/2021-09-16\/legault-donne-sa-definition-du-terme-woke.php<\/a><\/p>\n\n\n\n<p>Le \u00ab&nbsp;<em>woke&nbsp;<\/em>\u00bb et le \u00ab monarque \u00bb s\u2019affrontent au Salon bleu&nbsp;<\/p>\n\n\n\n<p><a href=\"https:\/\/www.lapresse.ca\/actualites\/politique\/2021-09-15\/nadeau-dubois-et-legault\/le-woke-et-le-monarque-s-affrontent-au-salon-bleu.php\">https:\/\/www.lapresse.ca\/actualites\/politique\/2021-09-15\/nadeau-dubois-et-legault\/le-woke-et-le-monarque-s-affrontent-au-salon-bleu.php<\/a><\/p>\n\n\n\n<p>Mettre de l&rsquo;huile sur le woke<\/p>\n\n\n\n<p><a href=\"https:\/\/plus.lapresse.ca\/screens\/9b9be6ad-5211-456d-9814-bc29185dd314__7C___0.html?utm_content=screen&amp;utm_medium=facebook&amp;utm_campaign=microsite%20share&amp;fbclid=IwAR0ms0hiJxby3bRoizllM2M6LRoRDwKZH_h6km-nBcTUADgSjA3oyYQJLhQ \">https:\/\/plus.lapresse.ca\/screens\/9b9be6ad-5211-456d-9814-bc29185dd314__7C___0.html?utm_content=screen&amp;utm_medium=facebook&amp;utm_campaign=microsite%20share&amp;fbclid=IwAR0ms0hiJxby3bRoizllM2M6LRoRDwKZH_h6km-nBcTUADgSjA3oyYQJLhQ <\/a><\/p>\n\n\n\n<p>4 octobre 2021 : Monsieur woke<\/p>\n\n\n\n<p><a href=\"https:\/\/www.lapresse.ca\/actualites\/chroniques\/2021-10-04\/monsieur-woke.php?utm_source=facebook&amp;utm_medium=social&amp;utm_campaign=algofb&amp;fbclid=IwAR2ZoF9JYA9tL37DEhqxbGURfSCPZ76n56D3M746vmUsEOdVyEvwrIqrIqI \">https:\/\/www.lapresse.ca\/actualites\/chroniques\/2021-10-04\/monsieur-woke.php?utm_source=facebook&amp;utm_medium=social&amp;utm_campaign=algofb&amp;fbclid=IwAR2ZoF9JYA9tL37DEhqxbGURfSCPZ76n56D3M746vmUsEOdVyEvwrIqrIqI <\/a><\/p>\n\n\n\n<p><\/p>\n\n\n\n<p><strong>11 novembre 2021<\/strong><\/p>\n\n\n\n<p><a href=\"https:\/\/www.lapresse.ca\/actualites\/education\/2021-11-11\/college-de-maisonneuve\/l-emploi-repete-du-mot-commencant-par-un-n-denonce.php\">https:\/\/www.lapresse.ca\/actualites\/education\/2021-11-11\/college-de-maisonneuve\/l-emploi-repete-du-mot-commencant-par-un-n-denonce.php<\/a><\/p>\n\n\n\n<p><\/p>\n\n\n\n<p><strong>19 novembre 2021<\/strong><\/p>\n\n\n\n<figure class=\"wp-block-embed\"><div class=\"wp-block-embed__wrapper\">\nhttps:\/\/www.ledevoir.com\/culture\/648549\/vaut-il-toujours-la-peine-de-debattre\n<\/div><\/figure>\n\n\n\n<p><strong>D\u00e9cembre 2021<\/strong><\/p>\n\n\n\n<p>Mise au ban. Entrevue avec Judith Lussier \u00e0 propos de son livre \u00ab\u00a0<em>Annul\u00e9(e)<\/em>. R\u00e9flexion sur la Cancel Culture\u00a0\u00bb<\/p>\n\n\n\n<p>http:\/\/magazine.lactualite.com\/share\/article\/d698f1ae-0fa5-41f1-8bf4-152e91e9a0cb\/1272e956-9abb-43b9-8ea1-c4448796bf26<\/p>\n","protected":false},"excerpt":{"rendered":"<p>Cet onglet est d\u00e9di\u00e9 au recensement de tous les articles pertinents que nous pourrons trouver au sujet de nos questionnements. Il n&rsquo;y a pratiquement pas une seule journ\u00e9e sans que quelque chose pop dans les m\u00e9dias concernant ce d\u00e9bat de soci\u00e9t\u00e9. Vous trouvez un article ou un lien vers un \u00e9v\u00e9nement ayant le \u00ab\u00a0wokisme\u00a0\u00bb comme&hellip;<\/p>\n","protected":false},"author":1,"featured_media":94,"parent":0,"menu_order":0,"comment_status":"open","ping_status":"closed","template":"","meta":{"footnotes":""},"class_list":["post-93","page","type-page","status-publish","has-post-thumbnail","hentry"],"_links":{"self":[{"href":"https:\/\/enjeux-rlaroche.philo-cvm.ca\/index.php?rest_route=\/wp\/v2\/pages\/93","targetHints":{"allow":["GET"]}}],"collection":[{"href":"https:\/\/enjeux-rlaroche.philo-cvm.ca\/index.php?rest_route=\/wp\/v2\/pages"}],"about":[{"href":"https:\/\/enjeux-rlaroche.philo-cvm.ca\/index.php?rest_route=\/wp\/v2\/types\/page"}],"author":[{"embeddable":true,"href":"https:\/\/enjeux-rlaroche.philo-cvm.ca\/index.php?rest_route=\/wp\/v2\/users\/1"}],"replies":[{"embeddable":true,"href":"https:\/\/enjeux-rlaroche.philo-cvm.ca\/index.php?rest_route=%2Fwp%2Fv2%2Fcomments&post=93"}],"version-history":[{"count":16,"href":"https:\/\/enjeux-rlaroche.philo-cvm.ca\/index.php?rest_route=\/wp\/v2\/pages\/93\/revisions"}],"predecessor-version":[{"id":343,"href":"https:\/\/enjeux-rlaroche.philo-cvm.ca\/index.php?rest_route=\/wp\/v2\/pages\/93\/revisions\/343"}],"wp:featuredmedia":[{"embeddable":true,"href":"https:\/\/enjeux-rlaroche.philo-cvm.ca\/index.php?rest_route=\/wp\/v2\/media\/94"}],"wp:attachment":[{"href":"https:\/\/enjeux-rlaroche.philo-cvm.ca\/index.php?rest_route=%2Fwp%2Fv2%2Fmedia&parent=93"}],"curies":[{"name":"wp","href":"https:\/\/api.w.org\/{rel}","templated":true}]}}