{"id":713,"date":"2022-02-15T19:55:08","date_gmt":"2022-02-15T19:55:08","guid":{"rendered":"https:\/\/enjeux-rlaroche.profweb.ca\/?page_id=713"},"modified":"2022-02-27T18:51:16","modified_gmt":"2022-02-27T18:51:16","slug":"preparation-a-philopolis","status":"publish","type":"page","link":"https:\/\/enjeux-rlaroche.philo-cvm.ca\/?page_id=713","title":{"rendered":"Pr\u00e9paration \u00e0 Philopolis"},"content":{"rendered":"\n<p>L&rsquo;animation est pr\u00e9vue pour le dimanche 27 f\u00e9vrier. Nous pourrions laisser sur cette page les diff\u00e9rentes id\u00e9es \u00e0 d\u00e9velopper en vue de la pr\u00e9paration du lancement de discussion.<\/p>\n\n\n\n<h2 class=\"has-text-align-center has-vivid-purple-color has-text-color wp-block-heading\">***<\/h2>\n\n\n\n<p>La pr\u00e9sentation g\u00e9n\u00e9rale pourrait prendre la forme d&rsquo;une probl\u00e9matisation de la question : liens vers la remise en question des mani\u00e8res de penser plus traditionnelle dans le contexte de la philosophie rationaliste et liens vers la question de l&rsquo;avenir d&rsquo;o\u00f9 l&rsquo;id\u00e9e de penser en tenant compte de la vie affective (imagination, sentiments, art). <\/p>\n\n\n\n<p>Devrait-on impliquer la sensibilit\u00e9 dans les luttes politiques?<\/p>\n\n\n\n<p>La pens\u00e9e n&rsquo;est elle toujours pas support\u00e9e et motiv\u00e9e par la sensibilit\u00e9\/sentiments?<\/p>\n\n\n\n<p>&#8211;<\/p>\n\n\n\n<p>Comment faire valoir la meilleure expression de notre condition politique?<\/p>\n\n\n\n<p>Quelle est la meilleure expression de notre d\u00e9sir de transformation sociale?<\/p>\n\n\n\n<p>Comment surmonter l&rsquo;impasse du n\u00e9olib\u00e9ralisme? <\/p>\n\n\n\n<p>&#8211;<\/p>\n\n\n\n<p>Comment s\u2019imposer politiquement en dehors de la politique traditionnelle?<\/p>\n\n\n\n<p>Le wokisme est-il une r\u00e9ponse directe \u00e0 l\u2019impuissance politique? <\/p>\n","protected":false},"excerpt":{"rendered":"<p>L&rsquo;animation est pr\u00e9vue pour le dimanche 27 f\u00e9vrier. Nous pourrions laisser sur cette page les diff\u00e9rentes id\u00e9es \u00e0 d\u00e9velopper en vue de la pr\u00e9paration du lancement de discussion. *** La pr\u00e9sentation g\u00e9n\u00e9rale pourrait prendre la forme d&rsquo;une probl\u00e9matisation de la question : liens vers la remise en question des mani\u00e8res de penser plus traditionnelle dans&hellip;<\/p>\n","protected":false},"author":1,"featured_media":714,"parent":0,"menu_order":0,"comment_status":"open","ping_status":"closed","template":"","meta":{"footnotes":""},"class_list":["post-713","page","type-page","status-publish","has-post-thumbnail","hentry"],"_links":{"self":[{"href":"https:\/\/enjeux-rlaroche.philo-cvm.ca\/index.php?rest_route=\/wp\/v2\/pages\/713","targetHints":{"allow":["GET"]}}],"collection":[{"href":"https:\/\/enjeux-rlaroche.philo-cvm.ca\/index.php?rest_route=\/wp\/v2\/pages"}],"about":[{"href":"https:\/\/enjeux-rlaroche.philo-cvm.ca\/index.php?rest_route=\/wp\/v2\/types\/page"}],"author":[{"embeddable":true,"href":"https:\/\/enjeux-rlaroche.philo-cvm.ca\/index.php?rest_route=\/wp\/v2\/users\/1"}],"replies":[{"embeddable":true,"href":"https:\/\/enjeux-rlaroche.philo-cvm.ca\/index.php?rest_route=%2Fwp%2Fv2%2Fcomments&post=713"}],"version-history":[{"count":19,"href":"https:\/\/enjeux-rlaroche.philo-cvm.ca\/index.php?rest_route=\/wp\/v2\/pages\/713\/revisions"}],"predecessor-version":[{"id":789,"href":"https:\/\/enjeux-rlaroche.philo-cvm.ca\/index.php?rest_route=\/wp\/v2\/pages\/713\/revisions\/789"}],"wp:featuredmedia":[{"embeddable":true,"href":"https:\/\/enjeux-rlaroche.philo-cvm.ca\/index.php?rest_route=\/wp\/v2\/media\/714"}],"wp:attachment":[{"href":"https:\/\/enjeux-rlaroche.philo-cvm.ca\/index.php?rest_route=%2Fwp%2Fv2%2Fmedia&parent=713"}],"curies":[{"name":"wp","href":"https:\/\/api.w.org\/{rel}","templated":true}]}}