{"id":597,"date":"2022-02-09T14:53:08","date_gmt":"2022-02-09T14:53:08","guid":{"rendered":"https:\/\/enjeux-rlaroche.profweb.ca\/?page_id=597"},"modified":"2022-02-10T22:13:00","modified_gmt":"2022-02-10T22:13:00","slug":"lancement-de-discussion","status":"publish","type":"page","link":"https:\/\/enjeux-rlaroche.philo-cvm.ca\/?page_id=597","title":{"rendered":"Lancement de discussion"},"content":{"rendered":"\n<h3 class=\"wp-block-heading\">Jeudi 10 f\u00e9vrier<\/h3>\n\n\n\n<p>Le livre de Dewey comprend dans son titre un concept qui nous int\u00e9resse depuis un certain temps d\u00e9j\u00e0 \u00e0 savoir celui \u00abd&rsquo;impasse\u00bb mais aussi le fait que cette id\u00e9e ou sentiment implique la recherche des moyens permettant de d\u00e9passer ce qui semble ind\u00e9passable \u00e0 premi\u00e8re vue. Nous sommes au c\u0153ur du probl\u00e8me que posent plusieurs des enjeux \u00abWokes\u00bb d\u00e8s lors que nous r\u00e9fl\u00e9chissons en ces termes et en lien avec une analyse de la soci\u00e9t\u00e9 lib\u00e9rale. <\/p>\n\n\n\n<p>Il appara\u00eet int\u00e9ressant, afin de formuler notre questionnement, de reconstruire l&rsquo;\u00e9volution, selon Dewey, des principes ayant particip\u00e9 au d\u00e9veloppement de la soci\u00e9t\u00e9 lib\u00e9rale. Cet examen historique permet de r\u00e9fl\u00e9chir aux cons\u00e9quences politiques et sociales de ces id\u00e9es ainsi qu&rsquo;\u00e0 la transformation des significations associ\u00e9es \u00e0 l&rsquo;usage du mot \u00ablib\u00e9ralisme\u00bb. <\/p>\n\n\n\n<h2 class=\"has-text-align-center has-vivid-red-color has-text-color wp-block-heading\">***<\/h2>\n\n\n\n<p>Dewey r\u00e9f\u00e8re dans un premier temps, concernant l&rsquo;usage des termes \u00ablib\u00e9ral\u00bb et \u00ablib\u00e9ralisme\u00bb \u00e0 une id\u00e9e qui se retrouve dans la pens\u00e9e grecque : <strong>l&rsquo;importance du libre exercice de l&rsquo;intelligence<\/strong> qu&rsquo;exprime <a rel=\"noreferrer noopener\" href=\"https:\/\/enjeux-rlaroche.philo-cvm.ca\/?page_id=605\" target=\"_blank\">l&rsquo;oraison fun\u00e8bre attribu\u00e9e \u00e0 P\u00e9ricl\u00e8s<\/a>. <\/p>\n\n\n\n<p>Or il juge qu&rsquo;il n&rsquo;est pas n\u00e9cessaire de remonter au-del\u00e0 de John Locke. <strong>Les gouvernements sont institu\u00e9s pour la protection des droits des individus, laquelle passe avant l&rsquo;organisation politique des rapports sociaux. <\/strong>Parmi les droits naturels (vie, libert\u00e9, bonheur) se retrouve <strong>le droit de propri\u00e9t\u00e9 indissociable du travail effectu\u00e9 sur tout objet naturel<\/strong> n&rsquo;ayant pas de propri\u00e9taire au pr\u00e9alable.<\/p>\n\n\n\n<p>\u00c0 partir de la seconde moiti\u00e9 du XIXe si\u00e8cle est envisag\u00e9 l&rsquo;id\u00e9e que <strong>le gouvernement pouvait et devait \u00eatre l&rsquo;instrument de la garantie de l&rsquo;extension des libert\u00e9s individuelles<\/strong> <strong>en termes de bien \u00eatre g\u00e9n\u00e9ral et de s\u00e9curit\u00e9 publique<\/strong>. Au-del\u00e0 de la formulation \u00e9conomique donn\u00e9e plus tard au lib\u00e9ralisme <strong>le droit de propri\u00e9t\u00e9 d\u00e9signe tout ce qui se trouve inclus dans la vie, les libert\u00e9s et les biens en ce sens \u00abl&rsquo;individu jouit de la propri\u00e9t\u00e9 de lui-m\u00eame, de sa vie et de ses activit\u00e9s\u00bb<\/strong>.<\/p>\n\n\n\n<p><strong>L&rsquo;id\u00e9e que le travail donnait droit \u00e0 la propri\u00e9t\u00e9 finira par \u00eatre utilis\u00e9e pour favoriser et justifier la libert\u00e9 dans l&rsquo;utilisation et l&rsquo;investissement de capitaux ainsi que le droit des travailleurs \u00e0 se d\u00e9placer.  <\/strong>Cette conception de l&rsquo;\u00e9conomie avait pour but de lib\u00e9rer la productivit\u00e9 et les \u00e9changes. <\/p>\n\n\n\n<p>Suivant la conception d&rsquo;Adam Smith, l&rsquo;activit\u00e9 politique sera subordonn\u00e9e \u00e0 l&rsquo;activit\u00e9 \u00e9conomique gr\u00e2ce \u00e0 l&rsquo;\u00e9tablissement d&rsquo;un lien entre les lois naturelles et les lois de production et d&rsquo;\u00e9change. L&rsquo;id\u00e9e ici consiste \u00e0 penser qu&rsquo;<strong>en chaque individu il y a une tendance naturelle ou inn\u00e9e \u00e0 accroitre son propre bien en fournissant du travail en vue de satisfaire ses besoins<\/strong>. Il y aurait donc accroissement du bien commun par cumulation. Une structure dynamique impliquant la cr\u00e9ation de nouveaux besoins, nouveaux biens et services &#8230; Un processus \u00e9conomique guid\u00e9e par la fameuse \u00ab<a href=\"https:\/\/www.cairn.info\/revue-l-economie-politique-2009-4-page-28.htm\" target=\"_blank\" rel=\"noreferrer noopener\">main invisible<\/a>\u00bb mais aussi avec l&rsquo;augmentation de l&rsquo;activit\u00e9 industrielle et l&rsquo;utilisation des machines. <\/p>\n\n\n\n<p>D\u00e9coule de l&rsquo;industrialisation en Angleterre que <strong>ce n&rsquo;est plus la terre qui est source de richesse mais le travail<\/strong>. Le travail est d\u00e9finie suivant cette logique en tant que \u00abd\u00e9pense d&rsquo;\u00e9nergie en vue de la satisfaction d&rsquo;un besoin\u00bb. <strong>Au fondement de l&rsquo;\u00e9thique et des m\u0153urs correspond la sympathie<\/strong> tandis que <strong>la th\u00e9orie \u00e9conomique repose sur l&rsquo;id\u00e9e que se sont les instincts naturels qui poussent l&rsquo;humain \u00e0 vouloir am\u00e9liorer sa condition et \u00e0 \u00e9changer<\/strong>.<\/p>\n\n\n\n<p>Avec la naturalisation du principe de la libre activit\u00e9 \u00e9conomique des individus le gouvernement prot\u00e8ge ces derniers dans l&rsquo;exercice de leur int\u00e9r\u00eat personnel naturel. Dewey montre qu&rsquo;il s&rsquo;agit d&rsquo;une libert\u00e9 assimil\u00e9e \u00e0 l&rsquo;absence d&rsquo;action gouvernementale d&rsquo;o\u00f9 la politique lib\u00e9rale du laisser faire. <\/p>\n\n\n\n<p>RATIONALISATION<\/p>\n\n\n\n<p>L&rsquo;approche de Bentham ne partira pas du point de vue des libert\u00e9s individuelles mais de l&rsquo;effet de toutes les restrictions sur le bonheur des individus pr\u00e9cis\u00e9ment parce que toute restriction \u00e0 la libert\u00e9 \u00e9tant source de douleur et obstacle \u00e0 un plaisir pouvant \u00eatre \u00e9prouv\u00e9. D&rsquo;o\u00f9 d\u00e9coulera que <strong>l&rsquo;instinct qui pousse l&rsquo;homme \u00e0 am\u00e9liorer sa condition <\/strong>(Adam Smith)<strong> sera mu\u00e9e en doctrine selon laquelle l&rsquo;aspiration au plaisir et l&rsquo;aversion pour la douleur sont les seules forces qui gouvernent l&rsquo;action humaine <\/strong>(Utilitaristes)<strong>.<\/strong><\/p>\n\n\n\n<p><strong>Les lois et l&rsquo;efficacit\u00e9 administrative doivent \u00eatre jug\u00e9es selon leurs effets sur la somme de bonheur dont jouit le plus grand nombre. Dans le calcul de cette somme chaque individu doit compter pour un.<\/strong> Dewey montre que ce travail de transformation des institutions \u00e0 l&rsquo;aide de ce principe implique que morale et l\u00e9gislation forme un unique terme. On assiste aussi \u00e0 la transposition dans le domaine moral de la m\u00e9thode exp\u00e9rimental propre \u00e0 la science physique. <\/p>\n\n\n\n<p>L&rsquo;id\u00e9e dominante chez Bentham selon Dewey \u00abc&rsquo;est que <strong>les coutumes, les institutions, les lois, les diverses configurations sociales doivent \u00eatre jug\u00e9es \u00e0 l&rsquo;aune de leurs cons\u00e9quences \u00e0 mesure que celles-ci touchent directement les individus qui composent la soci\u00e9t\u00e9<\/strong>\u00bb. D&rsquo;un point de vue moral, <strong>les individus ob\u00e9issent aux lois parce qu&rsquo;ils croient que les cons\u00e9quences de l&rsquo;ob\u00e9issance seront plus favorables que celle de la d\u00e9sob\u00e9issance<\/strong>; l&rsquo;inverse conduit \u00e0 la r\u00e9volte. Ce sont l\u00e0 les principes qui r\u00e9gulent la rencontre des int\u00e9r\u00eats du gouvernement et des int\u00e9r\u00eats du citoyen. <\/p>\n\n\n\n<p>Dewey note au passage que ce qui caract\u00e9rise la politique \u00e9conomique de la Grande Bretagne ne s&rsquo;applique pas imm\u00e9diatement \u00e0 la l\u00e9gislation am\u00e9ricaine marqu\u00e9e par la pr\u00e9\u00e9minence des int\u00e9r\u00eats r\u00e9gionaux. <\/p>\n\n\n\n<p><strong>La raison<\/strong> (ou rationalit\u00e9) <strong>sera trait\u00e9e, non plus du point de vue de la connaissance d&rsquo;une nature donn\u00e9e, mais comme un instrument permettant d&rsquo;analyser des situations concr\u00e8tes<\/strong> (cons\u00e9quentialisme). <\/p>\n\n\n\n<p>PASSAGE \u00c0 UN LIB\u00c9RALISME COLLECTIVISTE<\/p>\n\n\n\n<p>Le passage d&rsquo;une forme de lib\u00e9ralisme individualiste \u00e0 un lib\u00e9ralisme collectiviste  ne sera pas, selon Dewey, le fait de l&rsquo;utilitarisme mais bien d&rsquo;un humanitarisme romantique et conservateur. <strong>Le lib\u00e9ralisme se d\u00e9tachera progressivement du credo du \u00ablaisser faire\u00ab au profit de l&rsquo;id\u00e9e que \u00abl&rsquo;action gouvernementale devrait servir \u00e0 aider ceux qui sont \u00e9conomiquement d\u00e9favoris\u00e9s\u00bb<\/strong>.<\/p>\n\n\n\n<p>Chez <a rel=\"noreferrer noopener\" href=\"https:\/\/www.youtube.com\/watch?v=nT-rmKrPM08\" target=\"_blank\">Coleridge<\/a>, par exemple, <strong>les institutions \u00absont la force qui emp\u00eache les relations humaines de se d\u00e9sagr\u00e9ger en une pluralit\u00e9 d&rsquo;atomes sans liens et en conflit les uns avec les autres\u00bb<\/strong>. <\/p>\n\n\n\n<p>En lutte avec les utilitaristes,<strong> les romantiques condamneront l&rsquo;industrialisation comme \u00e9tant l&rsquo;ennemi de la nature autant int\u00e9rieure qu&rsquo;ext\u00e9rieure<\/strong>. Est r\u00e9clam\u00e9 un r\u00e9gime d&rsquo;autorit\u00e9 social. On pr\u00f4ne l&rsquo;importance de l&rsquo;art pour la soci\u00e9t\u00e9 et on d\u00e9nonce le r\u00e8gne de l&rsquo;\u00e9conomie. <\/p>\n\n\n\n<p>L&rsquo;influence du mouvement romantique sur John Stuart Mill conduit \u00e0 l&rsquo;id\u00e9e que <strong>\u00abla seule fin qui justifie une intervention de l&rsquo;homme, \u00e0 titre individuel ou collectif, au d\u00e9triment de la libert\u00e9 d&rsquo;action de la personne, est sa protection\u00bb. <\/strong>Le but ultime \u00e9tant que <strong>\u00abla r\u00e9partition du fruit du travail puisse se faire de concert selon un principe de justice reconnu par tous\u00bb<\/strong>.<\/p>\n\n\n\n<p><strong>\u00abCe n&rsquo;est qu&rsquo;en prenant part \u00e0 l&rsquo;intelligence commune et au but commun que chaque \u00eatre humain peut parvenir \u00e0 la r\u00e9alisation de son individualit\u00e9 r\u00e9elle et \u00e0 la libert\u00e9 r\u00e9elle.\u00bb<\/strong> Thomas. <strong>L&rsquo;\u00c9tat n&rsquo;est qu&rsquo;un organe parmi les autres organes de l&rsquo;Esprit et de la Volont\u00e9 qui unissent toute chose et font que les \u00eatres humains s&rsquo;entre-appartiennent.\u00bb<\/strong><\/p>\n\n\n\n<p>\u00abCes nouveaux lib\u00e9raux promurent l&rsquo;id\u00e9e qu&rsquo;<strong>il incombe \u00e0 l&rsquo;\u00c9tat de cr\u00e9er des institutions susceptibles de permettre aux individus de r\u00e9aliser les potentialit\u00e9s qui sont les leurs\u00bb. <\/strong><\/p>\n\n\n\n<p>LE LIB\u00c9RALISME CONNA\u00ceT UNE SCISSION <\/p>\n\n\n\n<p>D&rsquo;un c\u00f4t\u00e9 ceux qui se m\u00e9fient de toute extension de l&rsquo;action gouvernementale au profit de la valorisation de l&rsquo;initiative et de l&rsquo;effort purement personnel. De l&rsquo;autre ceux qui d\u00e9fendent l&rsquo;id\u00e9e qu&rsquo;une soci\u00e9t\u00e9 organis\u00e9e doit \u00e9tablir les conditions dans lesquelles la masse des individus peut jouir d&rsquo;une libert\u00e9 r\u00e9elle et non seulement d&rsquo;une libert\u00e9 inscrite dans la loi. <\/p>\n\n\n\n<p>L&rsquo;impasse s&rsquo;explique, suivant l&rsquo;analyse de Dewey, \u00e0 l&rsquo;\u00e9poque qui est la sienne (1935), du fait de cette confusion dans le jeu des significations que recouvre le lib\u00e9ralisme comme conception politique et \u00e9conomique. <\/p>\n\n\n\n<p>QUESTIONS<\/p>\n\n\n\n<h4 class=\"has-text-color wp-block-heading\" style=\"color:#461872\">L&rsquo;impasse d\u00e9finie par Dewey est-elle semblable \u00e0 celle qu&rsquo;expriment les enjeux \u00abwokes\u00bb que nous cherchons \u00e0 cerner? <\/h4>\n\n\n\n<p>Le diagnostic de Dewey a-t-il encore un sens, un \u00e9cho aujourd&rsquo;hui ? (100 ans plus tard) <\/p>\n\n\n\n<p>Concernant le rapport entre \u00e9conomie et politique? <\/p>\n\n\n\n<p class=\"has-black-color has-text-color\">Celui de l&rsquo;individu et de la collectivit\u00e9 ou de l&rsquo;appartenance \u00e0 une communaut\u00e9? <\/p>\n\n\n\n<p class=\"has-black-color has-text-color\">En regard de la possibilit\u00e9 d&rsquo;inscrire la volont\u00e9 de changement social dans le paradigme du lib\u00e9ralisme (\u00e9conomique et politique) en visant la transformation des institutions?<\/p>\n\n\n\n<p class=\"has-black-color has-text-color\">Quant \u00e0 l&rsquo;usage de la rationalit\u00e9? <\/p>\n\n\n\n<p>La fonction du plaisir?<\/p>\n\n\n\n<p class=\"has-black-color has-text-color\">Du point de vue de la sensibilit\u00e9 et de la subjectivit\u00e9 dans une perspective individualiste? <\/p>\n\n\n\n<p class=\"has-black-color has-text-color\">Et pourquoi pas en lien avec l&rsquo;id\u00e9e de concevoir une mani\u00e8re de vivre plus relationnelle (artistique, spirituelle, romantique, holistique) avec notre environnement et les diff\u00e9rents milieux qui constituent l&rsquo;exp\u00e9rience humaine? <\/p>\n\n\n\n<p>**<\/p>\n\n\n\n<p>Pensez-vous que le lib\u00e9ralisme a en son sein une mani\u00e8re de se sortir de l&rsquo;impasse dans laquelle il est plong\u00e9 ? <\/p>\n\n\n\n<p>Peut-on trouver dans l&rsquo;histoire \u00ab\u00a0des solutions\u00a0\u00bb ? (\u00e0 prendre \u00e0 la fois par rapport au texte, mais aussi en g\u00e9n\u00e9ral)<\/p>\n\n\n\n<p>L&rsquo;approche institutionnelle peut-elle vraiment favoriser une mani\u00e8re de vivre plus relationnelle ? <\/p>\n\n\n\n<p><\/p>\n\n\n\n<p><\/p>\n","protected":false},"excerpt":{"rendered":"<p>Jeudi 10 f\u00e9vrier Le livre de Dewey comprend dans son titre un concept qui nous int\u00e9resse depuis un certain temps d\u00e9j\u00e0 \u00e0 savoir celui \u00abd&rsquo;impasse\u00bb mais aussi le fait que cette id\u00e9e ou sentiment implique la recherche des moyens permettant de d\u00e9passer ce qui semble ind\u00e9passable \u00e0 premi\u00e8re vue. Nous sommes au c\u0153ur du probl\u00e8me&hellip;<\/p>\n","protected":false},"author":1,"featured_media":603,"parent":0,"menu_order":0,"comment_status":"open","ping_status":"closed","template":"","meta":{"footnotes":""},"class_list":["post-597","page","type-page","status-publish","has-post-thumbnail","hentry"],"_links":{"self":[{"href":"https:\/\/enjeux-rlaroche.philo-cvm.ca\/index.php?rest_route=\/wp\/v2\/pages\/597","targetHints":{"allow":["GET"]}}],"collection":[{"href":"https:\/\/enjeux-rlaroche.philo-cvm.ca\/index.php?rest_route=\/wp\/v2\/pages"}],"about":[{"href":"https:\/\/enjeux-rlaroche.philo-cvm.ca\/index.php?rest_route=\/wp\/v2\/types\/page"}],"author":[{"embeddable":true,"href":"https:\/\/enjeux-rlaroche.philo-cvm.ca\/index.php?rest_route=\/wp\/v2\/users\/1"}],"replies":[{"embeddable":true,"href":"https:\/\/enjeux-rlaroche.philo-cvm.ca\/index.php?rest_route=%2Fwp%2Fv2%2Fcomments&post=597"}],"version-history":[{"count":54,"href":"https:\/\/enjeux-rlaroche.philo-cvm.ca\/index.php?rest_route=\/wp\/v2\/pages\/597\/revisions"}],"predecessor-version":[{"id":675,"href":"https:\/\/enjeux-rlaroche.philo-cvm.ca\/index.php?rest_route=\/wp\/v2\/pages\/597\/revisions\/675"}],"wp:featuredmedia":[{"embeddable":true,"href":"https:\/\/enjeux-rlaroche.philo-cvm.ca\/index.php?rest_route=\/wp\/v2\/media\/603"}],"wp:attachment":[{"href":"https:\/\/enjeux-rlaroche.philo-cvm.ca\/index.php?rest_route=%2Fwp%2Fv2%2Fmedia&parent=597"}],"curies":[{"name":"wp","href":"https:\/\/api.w.org\/{rel}","templated":true}]}}