{"id":531,"date":"2022-01-21T14:10:25","date_gmt":"2022-01-21T14:10:25","guid":{"rendered":"https:\/\/enjeux-rlaroche.profweb.ca\/?page_id=531"},"modified":"2022-02-02T00:01:14","modified_gmt":"2022-02-02T00:01:14","slug":"histoire-2","status":"publish","type":"page","link":"https:\/\/enjeux-rlaroche.philo-cvm.ca\/?page_id=531","title":{"rendered":"Histoire"},"content":{"rendered":"\n<p>Cette page est d\u00e9di\u00e9e au d\u00e9veloppement de consid\u00e9rations \u00e0 caract\u00e8re historique. <\/p>\n\n\n\n<h2 class=\"has-text-align-center has-vivid-red-color has-text-color wp-block-heading\">***<\/h2>\n\n\n\n<p><a href=\"\/\/www.ladn.eu\/nouveaux-usages\/histoire-mot-woke\/\" target=\"_blank\" rel=\"noreferrer noopener\">Connaissez-vous l&rsquo;histoire du mot \u00abWoke\u00bb ?<\/a><\/p>\n\n\n\n<p><\/p>\n\n\n\n<p>Voici une vid\u00e9o tr\u00e8s bien document\u00e9e et absolument pertinente pour notre travail, elle retrace les mouvements et les tendances principales de la \u00ab\u00a0New Left\u00a0\u00bb, surtout aux \u00c9tats-Unis. \u00c0 voir pour comprendre l&rsquo;orientation de la gauche depuis ces derni\u00e8res ann\u00e9es. <\/p>\n\n\n\n<p><\/p>\n\n\n\n<figure class=\"wp-block-embed is-type-video is-provider-youtube wp-block-embed-youtube wp-embed-aspect-16-9 wp-has-aspect-ratio\"><div class=\"wp-block-embed__wrapper\">\n<iframe loading=\"lazy\" title=\"The New Left Of The 1960&#039;s | Deep Dives\" width=\"930\" height=\"523\" src=\"https:\/\/www.youtube.com\/embed\/eHYpcXWCkUM?start=2318&#038;feature=oembed\" frameborder=\"0\" allow=\"accelerometer; autoplay; clipboard-write; encrypted-media; gyroscope; picture-in-picture\" allowfullscreen><\/iframe>\n<\/div><\/figure>\n","protected":false},"excerpt":{"rendered":"<p>Cette page est d\u00e9di\u00e9e au d\u00e9veloppement de consid\u00e9rations \u00e0 caract\u00e8re historique. *** Connaissez-vous l&rsquo;histoire du mot \u00abWoke\u00bb ? Voici une vid\u00e9o tr\u00e8s bien document\u00e9e et absolument pertinente pour notre travail, elle retrace les mouvements et les tendances principales de la \u00ab\u00a0New Left\u00a0\u00bb, surtout aux \u00c9tats-Unis. \u00c0 voir pour comprendre l&rsquo;orientation de la gauche depuis ces&hellip;<\/p>\n","protected":false},"author":1,"featured_media":538,"parent":0,"menu_order":0,"comment_status":"open","ping_status":"closed","template":"","meta":{"footnotes":""},"class_list":["post-531","page","type-page","status-publish","has-post-thumbnail","hentry"],"_links":{"self":[{"href":"https:\/\/enjeux-rlaroche.philo-cvm.ca\/index.php?rest_route=\/wp\/v2\/pages\/531","targetHints":{"allow":["GET"]}}],"collection":[{"href":"https:\/\/enjeux-rlaroche.philo-cvm.ca\/index.php?rest_route=\/wp\/v2\/pages"}],"about":[{"href":"https:\/\/enjeux-rlaroche.philo-cvm.ca\/index.php?rest_route=\/wp\/v2\/types\/page"}],"author":[{"embeddable":true,"href":"https:\/\/enjeux-rlaroche.philo-cvm.ca\/index.php?rest_route=\/wp\/v2\/users\/1"}],"replies":[{"embeddable":true,"href":"https:\/\/enjeux-rlaroche.philo-cvm.ca\/index.php?rest_route=%2Fwp%2Fv2%2Fcomments&post=531"}],"version-history":[{"count":5,"href":"https:\/\/enjeux-rlaroche.philo-cvm.ca\/index.php?rest_route=\/wp\/v2\/pages\/531\/revisions"}],"predecessor-version":[{"id":583,"href":"https:\/\/enjeux-rlaroche.philo-cvm.ca\/index.php?rest_route=\/wp\/v2\/pages\/531\/revisions\/583"}],"wp:featuredmedia":[{"embeddable":true,"href":"https:\/\/enjeux-rlaroche.philo-cvm.ca\/index.php?rest_route=\/wp\/v2\/media\/538"}],"wp:attachment":[{"href":"https:\/\/enjeux-rlaroche.philo-cvm.ca\/index.php?rest_route=%2Fwp%2Fv2%2Fmedia&parent=531"}],"curies":[{"name":"wp","href":"https:\/\/api.w.org\/{rel}","templated":true}]}}