{"id":49,"date":"2021-10-20T18:50:26","date_gmt":"2021-10-20T18:50:26","guid":{"rendered":"https:\/\/enjeux-rlaroche.profweb.ca\/?page_id=49"},"modified":"2021-12-16T18:30:02","modified_gmt":"2021-12-16T18:30:02","slug":"definitions","status":"publish","type":"page","link":"https:\/\/enjeux-rlaroche.philo-cvm.ca\/?page_id=49","title":{"rendered":"D\u00e9finitions"},"content":{"rendered":"\n<p>Cette page est enti\u00e8rement d\u00e9di\u00e9e \u00e0 l&rsquo;effort de d\u00e9finition. Un superbe exercice philosophique. Par quelle notion commencerez-vous?<\/p>\n\n\n\n<p class=\"has-text-align-center\">***<\/p>\n\n\n\n<p>je crois qu&rsquo;il faut commencer par<strong> l&rsquo;Avenir<\/strong> pour ensuite d\u00e9terminer si cette avenir pourrait \u00eatre \u00abwoke\u00bb<\/p>\n\n\n\n<p>l&rsquo;avenir de quoi? l&rsquo;avenir de nos soci\u00e9t\u00e9 occidental, l&rsquo;Avenir de l&rsquo;humanit\u00e9 ou encore l&rsquo;Avenir du canada? <\/p>\n\n\n\n<p><\/p>\n\n\n\n<h2 class=\"wp-block-heading\">Call out \/ Calling in <\/h2>\n\n\n\n<p><\/p>\n\n\n\n<p>On entend beaucoup parler de la culture du <em>call out<\/em>, mais il est int\u00e9ressant de penser son envers, le <em>calling in<\/em>.  La professeure Loretta J. Ross r\u00e9sume bien ce concept dans le tedtlk ci-bas. <\/p>\n\n\n\n<figure class=\"wp-block-embed is-type-video is-provider-ted wp-block-embed-ted wp-embed-aspect-16-9 wp-has-aspect-ratio\"><div class=\"wp-block-embed__wrapper\">\n<iframe loading=\"lazy\" title=\"Loretta J. Ross: Don&#039;t call people out -- call them in\" src=\"https:\/\/embed.ted.com\/talks\/loretta_j_ross_don_t_call_people_out_call_them_in\" width=\"930\" height=\"524\" frameborder=\"0\" scrolling=\"no\" webkitAllowFullScreen mozallowfullscreen allowFullScreen><\/iframe>\n<\/div><\/figure>\n\n\n\n<p>L&rsquo;article suivant explique \u00e9galement le concept : <\/p>\n\n\n\n<figure class=\"wp-block-embed is-type-wp-embed is-provider-the-new-york-times wp-block-embed-the-new-york-times\"><div class=\"wp-block-embed__wrapper\">\n<iframe class=\"wp-embedded-content\" sandbox=\"allow-scripts\" security=\"restricted\" title=\"What if Instead of Calling People Out, We Called Them In?\" src=\"https:\/\/www.nytimes.com\/svc\/oembed\/html\/?url=https%3A%2F%2Fwww.nytimes.com%2F2020%2F11%2F19%2Fstyle%2Floretta-ross-smith-college-cancel-culture.html#?secret=44Ng6WO0EC\" data-secret=\"44Ng6WO0EC\" scrolling=\"no\" frameborder=\"0\"><\/iframe>\n<\/div><figcaption>Titre : What if Instead of Calling People Out, We Called Them In?<br>Souce : The New-York Times <\/figcaption><\/figure>\n","protected":false},"excerpt":{"rendered":"<p>Cette page est enti\u00e8rement d\u00e9di\u00e9e \u00e0 l&rsquo;effort de d\u00e9finition. Un superbe exercice philosophique. Par quelle notion commencerez-vous? *** je crois qu&rsquo;il faut commencer par l&rsquo;Avenir pour ensuite d\u00e9terminer si cette avenir pourrait \u00eatre \u00abwoke\u00bb l&rsquo;avenir de quoi? l&rsquo;avenir de nos soci\u00e9t\u00e9 occidental, l&rsquo;Avenir de l&rsquo;humanit\u00e9 ou encore l&rsquo;Avenir du canada? Call out \/ Calling in&hellip;<\/p>\n","protected":false},"author":1,"featured_media":194,"parent":0,"menu_order":0,"comment_status":"closed","ping_status":"closed","template":"","meta":{"footnotes":""},"class_list":["post-49","page","type-page","status-publish","has-post-thumbnail","hentry"],"_links":{"self":[{"href":"https:\/\/enjeux-rlaroche.philo-cvm.ca\/index.php?rest_route=\/wp\/v2\/pages\/49","targetHints":{"allow":["GET"]}}],"collection":[{"href":"https:\/\/enjeux-rlaroche.philo-cvm.ca\/index.php?rest_route=\/wp\/v2\/pages"}],"about":[{"href":"https:\/\/enjeux-rlaroche.philo-cvm.ca\/index.php?rest_route=\/wp\/v2\/types\/page"}],"author":[{"embeddable":true,"href":"https:\/\/enjeux-rlaroche.philo-cvm.ca\/index.php?rest_route=\/wp\/v2\/users\/1"}],"replies":[{"embeddable":true,"href":"https:\/\/enjeux-rlaroche.philo-cvm.ca\/index.php?rest_route=%2Fwp%2Fv2%2Fcomments&post=49"}],"version-history":[{"count":6,"href":"https:\/\/enjeux-rlaroche.philo-cvm.ca\/index.php?rest_route=\/wp\/v2\/pages\/49\/revisions"}],"predecessor-version":[{"id":375,"href":"https:\/\/enjeux-rlaroche.philo-cvm.ca\/index.php?rest_route=\/wp\/v2\/pages\/49\/revisions\/375"}],"wp:featuredmedia":[{"embeddable":true,"href":"https:\/\/enjeux-rlaroche.philo-cvm.ca\/index.php?rest_route=\/wp\/v2\/media\/194"}],"wp:attachment":[{"href":"https:\/\/enjeux-rlaroche.philo-cvm.ca\/index.php?rest_route=%2Fwp%2Fv2%2Fmedia&parent=49"}],"curies":[{"name":"wp","href":"https:\/\/api.w.org\/{rel}","templated":true}]}}