{"id":43,"date":"2021-10-20T18:45:46","date_gmt":"2021-10-20T18:45:46","guid":{"rendered":"https:\/\/enjeux-rlaroche.profweb.ca\/?page_id=43"},"modified":"2021-11-17T00:31:47","modified_gmt":"2021-11-17T00:31:47","slug":"mediagraphie","status":"publish","type":"page","link":"https:\/\/enjeux-rlaroche.philo-cvm.ca\/?page_id=43","title":{"rendered":"M\u00e9thode"},"content":{"rendered":"\n<p>Il est vite apparut n\u00e9cessaire de r\u00e9fl\u00e9chir les enjeux \u00abWokes\u00bb sous l&rsquo;angle de la m\u00e9thode. Voici quelques pistes \u00e0 explorer et \u00e0 bonifier de vos propositions et commentaires. <\/p>\n\n\n\n<p>Suivez les onglets &#8230; <\/p>\n\n\n\n<div class=\"wp-block-buttons is-content-justification-center is-layout-flex wp-block-buttons-is-layout-flex\">\n<div class=\"wp-block-button\"><a class=\"wp-block-button__link has-pale-cyan-blue-background-color has-background\" href=\"https:\/\/enjeux-rlaroche.philo-cvm.ca\/?page_id=187\" target=\"_blank\" rel=\"noreferrer noopener\">\u00c9criture collaborative<\/a><\/div>\n<\/div>\n\n\n\n<div class=\"wp-block-buttons is-content-justification-center is-layout-flex wp-block-buttons-is-layout-flex\">\n<div class=\"wp-block-button\"><a class=\"wp-block-button__link has-light-green-cyan-background-color has-background\" href=\"https:\/\/enjeux-rlaroche.philo-cvm.ca\/?page_id=49\" target=\"_blank\" rel=\"noreferrer noopener\">D\u00e9finitions des notions et concepts<\/a><\/div>\n<\/div>\n\n\n\n<div class=\"wp-block-buttons is-content-justification-center is-layout-flex wp-block-buttons-is-layout-flex\">\n<div class=\"wp-block-button\"><a class=\"wp-block-button__link has-luminous-vivid-orange-background-color has-background\" href=\"https:\/\/enjeux-rlaroche.philo-cvm.ca\/?page_id=184\" target=\"_blank\" rel=\"noreferrer noopener\">M\u00e9diagraphie<\/a><\/div>\n<\/div>\n\n\n\n<div class=\"wp-block-buttons is-layout-flex wp-block-buttons-is-layout-flex\"><\/div>\n\n\n\n<p><\/p>\n","protected":false},"excerpt":{"rendered":"<p>Il est vite apparut n\u00e9cessaire de r\u00e9fl\u00e9chir les enjeux \u00abWokes\u00bb sous l&rsquo;angle de la m\u00e9thode. Voici quelques pistes \u00e0 explorer et \u00e0 bonifier de vos propositions et commentaires. Suivez les onglets &#8230;<\/p>\n","protected":false},"author":1,"featured_media":205,"parent":0,"menu_order":0,"comment_status":"open","ping_status":"closed","template":"","meta":{"footnotes":""},"class_list":["post-43","page","type-page","status-publish","has-post-thumbnail","hentry"],"_links":{"self":[{"href":"https:\/\/enjeux-rlaroche.philo-cvm.ca\/index.php?rest_route=\/wp\/v2\/pages\/43","targetHints":{"allow":["GET"]}}],"collection":[{"href":"https:\/\/enjeux-rlaroche.philo-cvm.ca\/index.php?rest_route=\/wp\/v2\/pages"}],"about":[{"href":"https:\/\/enjeux-rlaroche.philo-cvm.ca\/index.php?rest_route=\/wp\/v2\/types\/page"}],"author":[{"embeddable":true,"href":"https:\/\/enjeux-rlaroche.philo-cvm.ca\/index.php?rest_route=\/wp\/v2\/users\/1"}],"replies":[{"embeddable":true,"href":"https:\/\/enjeux-rlaroche.philo-cvm.ca\/index.php?rest_route=%2Fwp%2Fv2%2Fcomments&post=43"}],"version-history":[{"count":15,"href":"https:\/\/enjeux-rlaroche.philo-cvm.ca\/index.php?rest_route=\/wp\/v2\/pages\/43\/revisions"}],"predecessor-version":[{"id":341,"href":"https:\/\/enjeux-rlaroche.philo-cvm.ca\/index.php?rest_route=\/wp\/v2\/pages\/43\/revisions\/341"}],"wp:featuredmedia":[{"embeddable":true,"href":"https:\/\/enjeux-rlaroche.philo-cvm.ca\/index.php?rest_route=\/wp\/v2\/media\/205"}],"wp:attachment":[{"href":"https:\/\/enjeux-rlaroche.philo-cvm.ca\/index.php?rest_route=%2Fwp%2Fv2%2Fmedia&parent=43"}],"curies":[{"name":"wp","href":"https:\/\/api.w.org\/{rel}","templated":true}]}}