{"id":300,"date":"2021-11-09T22:05:51","date_gmt":"2021-11-09T22:05:51","guid":{"rendered":"https:\/\/enjeux-rlaroche.profweb.ca\/?page_id=300"},"modified":"2021-11-16T23:39:19","modified_gmt":"2021-11-16T23:39:19","slug":"representation-dans-les-medias","status":"publish","type":"page","link":"https:\/\/enjeux-rlaroche.philo-cvm.ca\/?page_id=300","title":{"rendered":"Repr\u00e9sentation dans les m\u00e9dias"},"content":{"rendered":"\n<p>Un des aspects qui a retenu notre attention lors des premi\u00e8res discussions est l&rsquo;id\u00e9e de nous questionner au sujet des processus de communication qui sont \u00e0 l\u2019\u0153uvre relativement \u00e0 ces enjeux.  <\/p>\n\n\n\n<p><\/p>\n","protected":false},"excerpt":{"rendered":"<p>Un des aspects qui a retenu notre attention lors des premi\u00e8res discussions est l&rsquo;id\u00e9e de nous questionner au sujet des processus de communication qui sont \u00e0 l\u2019\u0153uvre relativement \u00e0 ces enjeux.<\/p>\n","protected":false},"author":1,"featured_media":301,"parent":0,"menu_order":0,"comment_status":"closed","ping_status":"closed","template":"","meta":{"footnotes":""},"class_list":["post-300","page","type-page","status-publish","has-post-thumbnail","hentry"],"_links":{"self":[{"href":"https:\/\/enjeux-rlaroche.philo-cvm.ca\/index.php?rest_route=\/wp\/v2\/pages\/300","targetHints":{"allow":["GET"]}}],"collection":[{"href":"https:\/\/enjeux-rlaroche.philo-cvm.ca\/index.php?rest_route=\/wp\/v2\/pages"}],"about":[{"href":"https:\/\/enjeux-rlaroche.philo-cvm.ca\/index.php?rest_route=\/wp\/v2\/types\/page"}],"author":[{"embeddable":true,"href":"https:\/\/enjeux-rlaroche.philo-cvm.ca\/index.php?rest_route=\/wp\/v2\/users\/1"}],"replies":[{"embeddable":true,"href":"https:\/\/enjeux-rlaroche.philo-cvm.ca\/index.php?rest_route=%2Fwp%2Fv2%2Fcomments&post=300"}],"version-history":[{"count":2,"href":"https:\/\/enjeux-rlaroche.philo-cvm.ca\/index.php?rest_route=\/wp\/v2\/pages\/300\/revisions"}],"predecessor-version":[{"id":329,"href":"https:\/\/enjeux-rlaroche.philo-cvm.ca\/index.php?rest_route=\/wp\/v2\/pages\/300\/revisions\/329"}],"wp:featuredmedia":[{"embeddable":true,"href":"https:\/\/enjeux-rlaroche.philo-cvm.ca\/index.php?rest_route=\/wp\/v2\/media\/301"}],"wp:attachment":[{"href":"https:\/\/enjeux-rlaroche.philo-cvm.ca\/index.php?rest_route=%2Fwp%2Fv2%2Fmedia&parent=300"}],"curies":[{"name":"wp","href":"https:\/\/api.w.org\/{rel}","templated":true}]}}