{"id":296,"date":"2021-11-09T21:57:15","date_gmt":"2021-11-09T21:57:15","guid":{"rendered":"https:\/\/enjeux-rlaroche.profweb.ca\/?page_id=296"},"modified":"2021-11-09T21:57:15","modified_gmt":"2021-11-09T21:57:15","slug":"discours-critiques","status":"publish","type":"page","link":"https:\/\/enjeux-rlaroche.philo-cvm.ca\/?page_id=296","title":{"rendered":"Discours critiques"},"content":{"rendered":"\n<p>Il est important de consid\u00e9rer les prises de positions \u00ab\u00a0Anti-Wokes\u00a0\u00bb, elles sont multiples et int\u00e9ressantes \u00e0 plusieurs \u00e9gards. Tout d\u00e9bat d&rsquo;id\u00e9es implique la capacit\u00e9 \u00e0 prendre du recul par rapport \u00e0 nos propres sentiments, opinions ou convictions. <\/p>\n","protected":false},"excerpt":{"rendered":"<p>Il est important de consid\u00e9rer les prises de positions \u00ab\u00a0Anti-Wokes\u00a0\u00bb, elles sont multiples et int\u00e9ressantes \u00e0 plusieurs \u00e9gards. Tout d\u00e9bat d&rsquo;id\u00e9es implique la capacit\u00e9 \u00e0 prendre du recul par rapport \u00e0 nos propres sentiments, opinions ou convictions.<\/p>\n","protected":false},"author":1,"featured_media":297,"parent":0,"menu_order":0,"comment_status":"closed","ping_status":"closed","template":"","meta":{"footnotes":""},"class_list":["post-296","page","type-page","status-publish","has-post-thumbnail","hentry"],"_links":{"self":[{"href":"https:\/\/enjeux-rlaroche.philo-cvm.ca\/index.php?rest_route=\/wp\/v2\/pages\/296","targetHints":{"allow":["GET"]}}],"collection":[{"href":"https:\/\/enjeux-rlaroche.philo-cvm.ca\/index.php?rest_route=\/wp\/v2\/pages"}],"about":[{"href":"https:\/\/enjeux-rlaroche.philo-cvm.ca\/index.php?rest_route=\/wp\/v2\/types\/page"}],"author":[{"embeddable":true,"href":"https:\/\/enjeux-rlaroche.philo-cvm.ca\/index.php?rest_route=\/wp\/v2\/users\/1"}],"replies":[{"embeddable":true,"href":"https:\/\/enjeux-rlaroche.philo-cvm.ca\/index.php?rest_route=%2Fwp%2Fv2%2Fcomments&post=296"}],"version-history":[{"count":1,"href":"https:\/\/enjeux-rlaroche.philo-cvm.ca\/index.php?rest_route=\/wp\/v2\/pages\/296\/revisions"}],"predecessor-version":[{"id":298,"href":"https:\/\/enjeux-rlaroche.philo-cvm.ca\/index.php?rest_route=\/wp\/v2\/pages\/296\/revisions\/298"}],"wp:featuredmedia":[{"embeddable":true,"href":"https:\/\/enjeux-rlaroche.philo-cvm.ca\/index.php?rest_route=\/wp\/v2\/media\/297"}],"wp:attachment":[{"href":"https:\/\/enjeux-rlaroche.philo-cvm.ca\/index.php?rest_route=%2Fwp%2Fv2%2Fmedia&parent=296"}],"curies":[{"name":"wp","href":"https:\/\/api.w.org\/{rel}","templated":true}]}}