{"id":25,"date":"2021-10-10T12:24:06","date_gmt":"2021-10-10T12:24:06","guid":{"rendered":"https:\/\/enjeux-rlaroche.profweb.ca\/?page_id=25"},"modified":"2022-04-13T21:25:47","modified_gmt":"2022-04-13T21:25:47","slug":"bienvenu-sur-ce-blog","status":"publish","type":"page","link":"https:\/\/enjeux-rlaroche.philo-cvm.ca\/?page_id=25","title":{"rendered":"Groupe de discussion"},"content":{"rendered":"\n<div class=\"wp-block-buttons alignfull is-horizontal is-content-justification-center is-layout-flex wp-container-core-buttons-is-layout-499968f5 wp-block-buttons-is-layout-flex\">\n<div class=\"wp-block-button\"><a class=\"wp-block-button__link has-luminous-vivid-amber-background-color has-background\" href=\"https:\/\/enjeux-rlaroche.philo-cvm.ca\/?page_id=169\" target=\"_blank\" rel=\"noreferrer noopener\">Voir le calendrier des rencontres et des \u00e9v\u00e9nements<\/a><\/div>\n<\/div>\n\n\n\n<div class=\"wp-block-buttons is-horizontal is-content-justification-center is-layout-flex wp-container-core-buttons-is-layout-499968f5 wp-block-buttons-is-layout-flex\">\n<div class=\"wp-block-button\"><a class=\"wp-block-button__link has-pale-pink-background-color has-background\" href=\"https:\/\/enjeux-rlaroche.philo-cvm.ca\/?page_id=173\" target=\"_blank\" rel=\"noreferrer noopener\">Prendre connaissance de la lecture en cours<\/a><\/div>\n<\/div>\n\n\n\n<div class=\"wp-block-buttons is-content-justification-center is-layout-flex wp-container-core-buttons-is-layout-16018d1d wp-block-buttons-is-layout-flex\">\n<div class=\"wp-block-button aligncenter is-style-fill\"><a class=\"wp-block-button__link has-black-color has-cyan-bluish-gray-background-color has-text-color has-background\" href=\"https:\/\/enjeux-rlaroche.philo-cvm.ca\/?page_id=713\">Pr\u00e9paration de Philopolis<\/a><\/div>\n<\/div>\n\n\n\n<div class=\"wp-block-buttons is-content-justification-center is-layout-flex wp-container-core-buttons-is-layout-16018d1d wp-block-buttons-is-layout-flex\">\n<div class=\"wp-block-button is-style-fill\"><a class=\"wp-block-button__link has-vivid-green-cyan-background-color has-background\" href=\"https:\/\/enjeux-rlaroche.philo-cvm.ca\/?page_id=918\">Rencontre au sommet du 21 avril<\/a><\/div>\n<\/div>\n\n\n\n<div class=\"wp-block-buttons is-content-justification-center is-layout-flex wp-container-core-buttons-is-layout-16018d1d wp-block-buttons-is-layout-flex\">\n<div class=\"wp-block-button is-style-fill\"><a class=\"wp-block-button__link has-pale-cyan-blue-background-color has-background\" href=\"https:\/\/enjeux-rlaroche.philo-cvm.ca\/?page_id=927\">Comptes rendus<\/a><\/div>\n<\/div>\n\n\n\n<h1 class=\"has-text-align-center has-vivid-red-color has-text-color wp-block-heading\">***<\/h1>\n\n\n\n<p>Un groupe de discussion a vu le jour au C\u00e9gep du Vieux Montr\u00e9al. Quelques rencontres ont eu lieu d\u00e9j\u00e0 afin de d\u00e9finir ce projet de r\u00e9flexion, d&rsquo;\u00e9tude et d&rsquo;\u00e9criture collaborative s&rsquo;inscrivant dans la mouvance du concours philosopher 2022 dont la question sera <em>L&rsquo;avenir est-il \u00abWoke\u00bb ?<\/em> <\/p>\n\n\n\n<p>L&rsquo;objectif de ce blog consiste \u00e0 cr\u00e9er un espace public o\u00f9 les participant.es engag\u00e9.es dans ce groupe de discussion pourront \u00e9changer, partager de l&rsquo;information, collaborer \u00e0 l&rsquo;\u00e9criture du site, pr\u00e9parer des \u00e9v\u00e9nements explorer leurs propres pistes de r\u00e9daction et se faisant contribuer \u00e0 \u00e9clairer un d\u00e9bat dont les enjeux sont actuels et importants. <\/p>\n\n\n\n<p>L&rsquo;id\u00e9e d&rsquo;utiliser un site internet vient de ce que le nombre de personnes int\u00e9ress\u00e9es est trop grand pour que nous puissions nous r\u00e9unir ais\u00e9ment. Le site a aussi pour fonction de garder des traces \u00e9crites de cet effort de r\u00e9flexion critique et philosophique qui nous tiendra en \u00e9veil jusqu&rsquo;au printemps. <\/p>\n\n\n\n<p>Comprenez aussi que cet espace public et interactif nous ouvre \u00e0 diverses possibilit\u00e9s de communication et d&rsquo;exploration de la pens\u00e9e. La plateforme permet de cr\u00e9er des hyperliens pour tisser notre propre toile, solliciter l&rsquo;image, le r\u00e9cit, le po\u00e8me et m\u00eame la musique. Soyons cr\u00e9atifs! <\/p>\n\n\n\n<p>La page d&rsquo;accueil du site que vous consultez pr\u00e9sentement permettra de demeurer inform\u00e9.es au sujet des lectures en cours, de l&rsquo;horaire des rencontres ou de toutes autres informations dont nous aurons besoin pendant l&rsquo;aventure. <\/p>\n\n\n\n<p>En suivant les diff\u00e9rents onglets du menu des participant.es ou du menu principal, les visiteurs pourront \u00e0 tout moment laisser leurs commentaires afin d&rsquo;en nourrir le forum. <\/p>\n\n\n\n<h1 class=\"has-text-align-center has-luminous-vivid-orange-color has-text-color wp-block-heading\">***<\/h1>\n","protected":false},"excerpt":{"rendered":"<p>*** Un groupe de discussion a vu le jour au C\u00e9gep du Vieux Montr\u00e9al. Quelques rencontres ont eu lieu d\u00e9j\u00e0 afin de d\u00e9finir ce projet de r\u00e9flexion, d&rsquo;\u00e9tude et d&rsquo;\u00e9criture collaborative s&rsquo;inscrivant dans la mouvance du concours philosopher 2022 dont la question sera L&rsquo;avenir est-il \u00abWoke\u00bb ? L&rsquo;objectif de ce blog consiste \u00e0 cr\u00e9er un&hellip;<\/p>\n","protected":false},"author":1,"featured_media":138,"parent":0,"menu_order":0,"comment_status":"open","ping_status":"closed","template":"","meta":{"footnotes":""},"class_list":["post-25","page","type-page","status-publish","has-post-thumbnail","hentry"],"_links":{"self":[{"href":"https:\/\/enjeux-rlaroche.philo-cvm.ca\/index.php?rest_route=\/wp\/v2\/pages\/25","targetHints":{"allow":["GET"]}}],"collection":[{"href":"https:\/\/enjeux-rlaroche.philo-cvm.ca\/index.php?rest_route=\/wp\/v2\/pages"}],"about":[{"href":"https:\/\/enjeux-rlaroche.philo-cvm.ca\/index.php?rest_route=\/wp\/v2\/types\/page"}],"author":[{"embeddable":true,"href":"https:\/\/enjeux-rlaroche.philo-cvm.ca\/index.php?rest_route=\/wp\/v2\/users\/1"}],"replies":[{"embeddable":true,"href":"https:\/\/enjeux-rlaroche.philo-cvm.ca\/index.php?rest_route=%2Fwp%2Fv2%2Fcomments&post=25"}],"version-history":[{"count":41,"href":"https:\/\/enjeux-rlaroche.philo-cvm.ca\/index.php?rest_route=\/wp\/v2\/pages\/25\/revisions"}],"predecessor-version":[{"id":938,"href":"https:\/\/enjeux-rlaroche.philo-cvm.ca\/index.php?rest_route=\/wp\/v2\/pages\/25\/revisions\/938"}],"wp:featuredmedia":[{"embeddable":true,"href":"https:\/\/enjeux-rlaroche.philo-cvm.ca\/index.php?rest_route=\/wp\/v2\/media\/138"}],"wp:attachment":[{"href":"https:\/\/enjeux-rlaroche.philo-cvm.ca\/index.php?rest_route=%2Fwp%2Fv2%2Fmedia&parent=25"}],"curies":[{"name":"wp","href":"https:\/\/api.w.org\/{rel}","templated":true}]}}