{"id":2425,"date":"2023-02-16T15:44:30","date_gmt":"2023-02-16T15:44:30","guid":{"rendered":"https:\/\/enjeux-rlaroche.profweb.ca\/?page_id=2425"},"modified":"2023-02-16T15:45:47","modified_gmt":"2023-02-16T15:45:47","slug":"concours-philosopher","status":"publish","type":"page","link":"https:\/\/enjeux-rlaroche.philo-cvm.ca\/?page_id=2425","title":{"rendered":"Concours Philosopher"},"content":{"rendered":"\n<p>Suivez ce lien vers le site officiel du <a href=\"https:\/\/www.concoursphilosopher.org\/\" target=\"_blank\" rel=\"noreferrer noopener\">Concours Philosopher organis\u00e9 par le C\u00e9gep du Vieux Montr\u00e9al<\/a>.<\/p>\n","protected":false},"excerpt":{"rendered":"<p>Suivez ce lien vers le site officiel du Concours Philosopher organis\u00e9 par le C\u00e9gep du Vieux Montr\u00e9al.<\/p>\n","protected":false},"author":1,"featured_media":2427,"parent":0,"menu_order":0,"comment_status":"closed","ping_status":"closed","template":"","meta":{"footnotes":""},"class_list":["post-2425","page","type-page","status-publish","has-post-thumbnail","hentry"],"_links":{"self":[{"href":"https:\/\/enjeux-rlaroche.philo-cvm.ca\/index.php?rest_route=\/wp\/v2\/pages\/2425","targetHints":{"allow":["GET"]}}],"collection":[{"href":"https:\/\/enjeux-rlaroche.philo-cvm.ca\/index.php?rest_route=\/wp\/v2\/pages"}],"about":[{"href":"https:\/\/enjeux-rlaroche.philo-cvm.ca\/index.php?rest_route=\/wp\/v2\/types\/page"}],"author":[{"embeddable":true,"href":"https:\/\/enjeux-rlaroche.philo-cvm.ca\/index.php?rest_route=\/wp\/v2\/users\/1"}],"replies":[{"embeddable":true,"href":"https:\/\/enjeux-rlaroche.philo-cvm.ca\/index.php?rest_route=%2Fwp%2Fv2%2Fcomments&post=2425"}],"version-history":[{"count":1,"href":"https:\/\/enjeux-rlaroche.philo-cvm.ca\/index.php?rest_route=\/wp\/v2\/pages\/2425\/revisions"}],"predecessor-version":[{"id":2426,"href":"https:\/\/enjeux-rlaroche.philo-cvm.ca\/index.php?rest_route=\/wp\/v2\/pages\/2425\/revisions\/2426"}],"wp:featuredmedia":[{"embeddable":true,"href":"https:\/\/enjeux-rlaroche.philo-cvm.ca\/index.php?rest_route=\/wp\/v2\/media\/2427"}],"wp:attachment":[{"href":"https:\/\/enjeux-rlaroche.philo-cvm.ca\/index.php?rest_route=%2Fwp%2Fv2%2Fmedia&parent=2425"}],"curies":[{"name":"wp","href":"https:\/\/api.w.org\/{rel}","templated":true}]}}