{"id":2421,"date":"2023-02-16T14:15:48","date_gmt":"2023-02-16T14:15:48","guid":{"rendered":"https:\/\/enjeux-rlaroche.profweb.ca\/?page_id=2421"},"modified":"2023-02-17T20:52:31","modified_gmt":"2023-02-17T20:52:31","slug":"a-quoi-lamour-engage-t-il-2","status":"publish","type":"page","link":"https:\/\/enjeux-rlaroche.philo-cvm.ca\/?page_id=2421","title":{"rendered":"\u00c0 QUOI L&rsquo;AMOUR ENGAGE-T-IL?"},"content":{"rendered":"\n<p>Pour d\u00e9buter la r\u00e9flexion, trois courts extraits de texte : <\/p>\n\n\n\n<ol class=\"wp-block-list\">\n<li>bell hooks (2022). <strong>\u00c0 propos d&rsquo;amour,<\/strong> \u00c9ditions Divergences. <\/li>\n\n\n\n<li>Emp\u00e9docle, Fragments <em>dans<\/em> Dimitri El Murr (2001). <strong>L&rsquo;amiti\u00e9<\/strong>, \u00c9ditions GF Flammarion.<\/li>\n\n\n\n<li>Jamblique, Vie de Pythagore <em>dans<\/em> Dimitri El Murr (2001). <strong>L&rsquo;amiti\u00e9<\/strong>, \u00c9ditions GF Flammarion.<\/li>\n<\/ol>\n\n\n\n<div data-wp-interactive=\"core\/file\" class=\"wp-block-file\"><object data-wp-bind--hidden=\"!state.hasPdfPreview\" hidden class=\"wp-block-file__embed\" data=\"https:\/\/enjeux-rlaroche.philo-cvm.ca\/wp-content\/uploads\/2023\/02\/Extraits_hooks_Jamblique_Empedocle.pdf\" type=\"application\/pdf\" style=\"width:100%;height:600px\" aria-label=\"Contenu incorpor\u00e9 Extraits_hooks_Jamblique_Empedocle.\"><\/object><a id=\"wp-block-file--media-57cb1c3e-dd89-47e1-9cbe-b49422f0de8c\" href=\"https:\/\/enjeux-rlaroche.philo-cvm.ca\/wp-content\/uploads\/2023\/02\/Extraits_hooks_Jamblique_Empedocle.pdf\">Extraits_hooks_Jamblique_Empedocle<\/a><a href=\"https:\/\/enjeux-rlaroche.philo-cvm.ca\/wp-content\/uploads\/2023\/02\/Extraits_hooks_Jamblique_Empedocle.pdf\" class=\"wp-block-file__button wp-element-button\" download aria-describedby=\"wp-block-file--media-57cb1c3e-dd89-47e1-9cbe-b49422f0de8c\">T\u00e9l\u00e9charger<\/a><\/div>\n\n\n\n<p>***<\/p>\n\n\n\n<p>Peut-\u00eatre qu&rsquo;une r\u00e9flexion s&rsquo;inspirant du th\u00e8me de l&rsquo;amour chez Spinoza pourra vous int\u00e9resser : <strong><a rel=\"noreferrer noopener\" href=\"https:\/\/www.cairn.info\/revue-le-philosophoire-2000-1-page-157.htm\" target=\"_blank\">Amour et totalit\u00e9 dans l&rsquo;\u00e9thique de Spinoza<\/a><\/strong><\/p>\n\n\n\n<p>Il pourrait aussi \u00eatre riche et original d&rsquo;aborder la question en lien avec l&rsquo;histoire d&rsquo;une mystique du Moyen \u00e2ge ayant pour nom Hildegarde de Bingen. Une id\u00e9e comme \u00e7a. Cette entrevue aide \u00e0 se faire une bonne image du personnage : <a rel=\"noreferrer noopener\" href=\"https:\/\/www.youtube.com\/watch?v=cFNWA0QLIuw\" target=\"_blank\">Femme savante du Moyen \u00c2ge<\/a><\/p>\n\n\n\n<p>Nous aimerions aussi vous inviter \u00e0 envisager l&rsquo;\u00e9ventuelle lecture de Donna Haraway pour r\u00e9fl\u00e9chir l&rsquo;amour en lien avec le concept d&rsquo;esp\u00e8ces compagnes. J&rsquo;ai trouv\u00e9 cet article, un peu complexe mais qui donne tout de m\u00eame un bon aper\u00e7u de la d\u00e9marche de cette philosophe :  \u00ab<a rel=\"noreferrer noopener\" href=\"https:\/\/www.erudit.org\/en\/journals\/socsoc\/1900-v1-n1-socsoc3861\/043961ar\/\" target=\"_blank\">&nbsp;Insaisissable Haraway&nbsp;\u00bb <\/a><\/p>\n\n\n\n<div class=\"wp-block-group\"><div class=\"wp-block-group__inner-container is-layout-constrained wp-block-group-is-layout-constrained\">\n<p>Il me semble que pour poursuivre \u00e0 l&rsquo;id\u00e9e d&rsquo;amour de soi, les livres de Gloria Steinem <em>My life on the road<\/em> et <em>The truth will st you free<\/em> seraient bien pour ajouter \u00e0 la r\u00e9flexion. Par ailleurs, j&rsquo;ai entendu cela, \u00e9galement, ce matin, en pliant des v\u00eatements (vous savez&#8230; la vie de famille et ses contraintes &#8211; \u00ab\u00a0\u00e0 quoi l&rsquo;amour engae-t-il ? !!!!) : <a href=\"https:\/\/www.radiofrance.fr\/franceculture\/podcasts\/sans-oser-le-demander\/gloria-steinem-pourquoi-l-estime-de-soi-est-elle-une-arme-politique-4344405\">https:\/\/www.radiofrance.fr\/franceculture\/podcasts\/sans-oser-le-demander\/gloria-steinem-pourquoi-l-estime-de-soi-est-elle-une-arme-politique-4344405<\/a><\/p>\n<\/div><\/div>\n\n\n\n<p><\/p>\n","protected":false},"excerpt":{"rendered":"<p>Pour d\u00e9buter la r\u00e9flexion, trois courts extraits de texte : *** Peut-\u00eatre qu&rsquo;une r\u00e9flexion s&rsquo;inspirant du th\u00e8me de l&rsquo;amour chez Spinoza pourra vous int\u00e9resser : Amour et totalit\u00e9 dans l&rsquo;\u00e9thique de Spinoza Il pourrait aussi \u00eatre riche et original d&rsquo;aborder la question en lien avec l&rsquo;histoire d&rsquo;une mystique du Moyen \u00e2ge ayant pour nom Hildegarde&hellip;<\/p>\n","protected":false},"author":1,"featured_media":2427,"parent":0,"menu_order":0,"comment_status":"closed","ping_status":"closed","template":"","meta":{"footnotes":""},"class_list":["post-2421","page","type-page","status-publish","has-post-thumbnail","hentry"],"_links":{"self":[{"href":"https:\/\/enjeux-rlaroche.philo-cvm.ca\/index.php?rest_route=\/wp\/v2\/pages\/2421","targetHints":{"allow":["GET"]}}],"collection":[{"href":"https:\/\/enjeux-rlaroche.philo-cvm.ca\/index.php?rest_route=\/wp\/v2\/pages"}],"about":[{"href":"https:\/\/enjeux-rlaroche.philo-cvm.ca\/index.php?rest_route=\/wp\/v2\/types\/page"}],"author":[{"embeddable":true,"href":"https:\/\/enjeux-rlaroche.philo-cvm.ca\/index.php?rest_route=\/wp\/v2\/users\/1"}],"replies":[{"embeddable":true,"href":"https:\/\/enjeux-rlaroche.philo-cvm.ca\/index.php?rest_route=%2Fwp%2Fv2%2Fcomments&post=2421"}],"version-history":[{"count":12,"href":"https:\/\/enjeux-rlaroche.philo-cvm.ca\/index.php?rest_route=\/wp\/v2\/pages\/2421\/revisions"}],"predecessor-version":[{"id":2454,"href":"https:\/\/enjeux-rlaroche.philo-cvm.ca\/index.php?rest_route=\/wp\/v2\/pages\/2421\/revisions\/2454"}],"wp:featuredmedia":[{"embeddable":true,"href":"https:\/\/enjeux-rlaroche.philo-cvm.ca\/index.php?rest_route=\/wp\/v2\/media\/2427"}],"wp:attachment":[{"href":"https:\/\/enjeux-rlaroche.philo-cvm.ca\/index.php?rest_route=%2Fwp%2Fv2%2Fmedia&parent=2421"}],"curies":[{"name":"wp","href":"https:\/\/api.w.org\/{rel}","templated":true}]}}