{"id":2192,"date":"2023-01-26T20:37:23","date_gmt":"2023-01-26T20:37:23","guid":{"rendered":"https:\/\/enjeux-rlaroche.profweb.ca\/?page_id=2192"},"modified":"2023-02-02T21:14:53","modified_gmt":"2023-02-02T21:14:53","slug":"la-lettre","status":"publish","type":"page","link":"https:\/\/enjeux-rlaroche.philo-cvm.ca\/?page_id=2192","title":{"rendered":"LA LETTRE"},"content":{"rendered":"\n<p>Pas d&rsquo;Adelphes sans la lettre manuscrite, le temps d&rsquo;attente avant de recevoir une r\u00e9ponse, la distance entre les mondes, toutes ces diff\u00e9rences jusqu&rsquo;\u00e0 leur convergence dans les mots de l&rsquo;\u00e9change \u00e9pistolaire. C&rsquo;est par la lettre que se font la rencontre entre soi et l&rsquo;autre, la relation, la solidarit\u00e9.<\/p>\n\n\n\n<p>Demandez-vous ce qui donne envie <\/p>\n\n\n\n<p>\u00e9crire une lettre ou <\/p>\n\n\n\n<p>la recevoir <\/p>\n\n\n\n<p>m\u00eame si<\/p>\n\n\n\n<p>et ne pas savoir comment ni <\/p>\n\n\n\n<p>pourquoi \u00e9crire \u00e0 qui  ?<\/p>\n\n\n\n<p>La lettre est l&rsquo;objet singulier par excellence. Elle n&rsquo;est pas l&rsquo;un ou l&rsquo;unique mais singularit\u00e9. Comme elle s&rsquo;offre \u00e0 l&rsquo;effort, son devenir ressemble \u00e0 celui de la m\u00e9ditation, d&rsquo;un \u00e9coulement ou un \u00e9clatement. La lettre concentre le d\u00e9sir, l&rsquo;amiti\u00e9 et le d\u00e9sordre qu&rsquo;elle \u00e9vacue. <\/p>\n\n\n\n<p>***<\/p>\n\n\n\n<p><em>\u00abJe pense encore \u00e0 notre discussion d&rsquo;hier. Ce que j&rsquo;en retiens et qui nourrit ma r\u00e9flexion est que nous sommes vivants dans un monde satur\u00e9 de fictions, mais aussi de th\u00e9ories, calculs, plans et mod\u00e8les qui nous sont propos\u00e9s. Nous faisons de plus en plus difficilement la diff\u00e9rence entre ceci et la vie terrestre \u2014 la carte n&rsquo;est pas le territoire. Redevenons des fermiers, interrogeant les cartographes&#8230; D\u00e9j\u00e0, bien s\u00fbr, on nous demandera d&rsquo;expliquer. Pour \u00e9viter la transcendance, disons que nous proposons un travail qui s&rsquo;apparente \u00e0 une forme de traduction. Pour&nbsp; r\u00e9entendre les voix terrestres du vivant et nous relier au monde. Cet ouvrage n&rsquo;est qu&rsquo;un cheminement \u2014 pas son terminus.&nbsp; \u00c9videmment l&rsquo;horizon r\u00e9v\u00e8le une fragmentation de perspectives et peut-\u00eatre l&rsquo;absence de monde commun. Mais peut-\u00eatre est-ce aussi l&rsquo;indication que la saturation des fictions prend parfois la forme de plis de croyance \u2014 qui produit la destruction. En d\u00e9plier le plus possible \u2014 travail de friche, travail p\u00e9dagogique. Relations et affects.\u00bb<\/em> <strong>M.<\/strong><\/p>\n\n\n\n<p>***<\/p>\n\n\n\n<p>La lettre \u0153uvre de joie.<\/p>\n\n\n\n<p>(Tous les Adelphes sont invit\u00e9.es \u00e0 contribuer \u00e0 l&rsquo;\u00e9criture de ce texte.)<\/p>\n","protected":false},"excerpt":{"rendered":"<p>Pas d&rsquo;Adelphes sans la lettre manuscrite, le temps d&rsquo;attente avant de recevoir une r\u00e9ponse, la distance entre les mondes, toutes ces diff\u00e9rences jusqu&rsquo;\u00e0 leur convergence dans les mots de l&rsquo;\u00e9change \u00e9pistolaire. C&rsquo;est par la lettre que se font la rencontre entre soi et l&rsquo;autre, la relation, la solidarit\u00e9. Demandez-vous ce qui donne envie \u00e9crire une&hellip;<\/p>\n","protected":false},"author":1,"featured_media":2193,"parent":0,"menu_order":0,"comment_status":"closed","ping_status":"closed","template":"","meta":{"footnotes":""},"class_list":["post-2192","page","type-page","status-publish","has-post-thumbnail","hentry"],"_links":{"self":[{"href":"https:\/\/enjeux-rlaroche.philo-cvm.ca\/index.php?rest_route=\/wp\/v2\/pages\/2192","targetHints":{"allow":["GET"]}}],"collection":[{"href":"https:\/\/enjeux-rlaroche.philo-cvm.ca\/index.php?rest_route=\/wp\/v2\/pages"}],"about":[{"href":"https:\/\/enjeux-rlaroche.philo-cvm.ca\/index.php?rest_route=\/wp\/v2\/types\/page"}],"author":[{"embeddable":true,"href":"https:\/\/enjeux-rlaroche.philo-cvm.ca\/index.php?rest_route=\/wp\/v2\/users\/1"}],"replies":[{"embeddable":true,"href":"https:\/\/enjeux-rlaroche.philo-cvm.ca\/index.php?rest_route=%2Fwp%2Fv2%2Fcomments&post=2192"}],"version-history":[{"count":19,"href":"https:\/\/enjeux-rlaroche.philo-cvm.ca\/index.php?rest_route=\/wp\/v2\/pages\/2192\/revisions"}],"predecessor-version":[{"id":2266,"href":"https:\/\/enjeux-rlaroche.philo-cvm.ca\/index.php?rest_route=\/wp\/v2\/pages\/2192\/revisions\/2266"}],"wp:featuredmedia":[{"embeddable":true,"href":"https:\/\/enjeux-rlaroche.philo-cvm.ca\/index.php?rest_route=\/wp\/v2\/media\/2193"}],"wp:attachment":[{"href":"https:\/\/enjeux-rlaroche.philo-cvm.ca\/index.php?rest_route=%2Fwp%2Fv2%2Fmedia&parent=2192"}],"curies":[{"name":"wp","href":"https:\/\/api.w.org\/{rel}","templated":true}]}}