{"id":1958,"date":"2022-11-24T01:14:57","date_gmt":"2022-11-24T01:14:57","guid":{"rendered":"https:\/\/enjeux-rlaroche.profweb.ca\/?page_id=1958"},"modified":"2023-01-26T21:27:47","modified_gmt":"2023-01-26T21:27:47","slug":"laetitia","status":"publish","type":"page","link":"https:\/\/enjeux-rlaroche.philo-cvm.ca\/?page_id=1958","title":{"rendered":"Flagrance &#8211; Laetitia"},"content":{"rendered":"\n<p class=\"has-text-align-center\">Pour laisser une lettre \u00e0 Leatitia il s\u2019agit de mettre l\u2019hyperlien de l\u2019article contenant la missive sur cette page.<\/p>\n\n\n\n<p class=\"has-text-align-center\">Une lettre pour les Adelphes ne sera jamais laiss\u00e9e sans r\u00e9ponse.<\/p>\n\n\n\n<p><a href=\"https:\/\/enjeux-rlaroche.philo-cvm.ca\/?p=2061\">souvenir i<\/a><\/p>\n\n\n\n<p><a href=\"https:\/\/enjeux-rlaroche.philo-cvm.ca\/?p=2151\">R\u00e9el ou imaginaire<\/a> <\/p>\n","protected":false},"excerpt":{"rendered":"<p>Pour laisser une lettre \u00e0 Leatitia il s\u2019agit de mettre l\u2019hyperlien de l\u2019article contenant la missive sur cette page. Une lettre pour les Adelphes ne sera jamais laiss\u00e9e sans r\u00e9ponse. souvenir i R\u00e9el ou imaginaire<\/p>\n","protected":false},"author":1,"featured_media":0,"parent":0,"menu_order":0,"comment_status":"closed","ping_status":"closed","template":"","meta":{"footnotes":""},"class_list":["post-1958","page","type-page","status-publish","hentry"],"_links":{"self":[{"href":"https:\/\/enjeux-rlaroche.philo-cvm.ca\/index.php?rest_route=\/wp\/v2\/pages\/1958","targetHints":{"allow":["GET"]}}],"collection":[{"href":"https:\/\/enjeux-rlaroche.philo-cvm.ca\/index.php?rest_route=\/wp\/v2\/pages"}],"about":[{"href":"https:\/\/enjeux-rlaroche.philo-cvm.ca\/index.php?rest_route=\/wp\/v2\/types\/page"}],"author":[{"embeddable":true,"href":"https:\/\/enjeux-rlaroche.philo-cvm.ca\/index.php?rest_route=\/wp\/v2\/users\/1"}],"replies":[{"embeddable":true,"href":"https:\/\/enjeux-rlaroche.philo-cvm.ca\/index.php?rest_route=%2Fwp%2Fv2%2Fcomments&post=1958"}],"version-history":[{"count":5,"href":"https:\/\/enjeux-rlaroche.philo-cvm.ca\/index.php?rest_route=\/wp\/v2\/pages\/1958\/revisions"}],"predecessor-version":[{"id":2207,"href":"https:\/\/enjeux-rlaroche.philo-cvm.ca\/index.php?rest_route=\/wp\/v2\/pages\/1958\/revisions\/2207"}],"wp:attachment":[{"href":"https:\/\/enjeux-rlaroche.philo-cvm.ca\/index.php?rest_route=%2Fwp%2Fv2%2Fmedia&parent=1958"}],"curies":[{"name":"wp","href":"https:\/\/api.w.org\/{rel}","templated":true}]}}