{"id":1948,"date":"2022-11-24T01:10:53","date_gmt":"2022-11-24T01:10:53","guid":{"rendered":"https:\/\/enjeux-rlaroche.profweb.ca\/?page_id=1948"},"modified":"2023-02-10T01:33:34","modified_gmt":"2023-02-10T01:33:34","slug":"bontux-kencanna","status":"publish","type":"page","link":"https:\/\/enjeux-rlaroche.philo-cvm.ca\/?page_id=1948","title":{"rendered":"Bontux Kencanna"},"content":{"rendered":"\n<p class=\"has-text-align-center\">Pour laisser une lettre \u00e0 Bontux Kencanna il s\u2019agit de mettre l\u2019hyperlien de l\u2019article contenant la missive sur cette page.<\/p>\n\n\n\n<p class=\"has-text-align-center\">Une lettre pour les Adelphes ne sera jamais laiss\u00e9e sans r\u00e9ponse.<\/p>\n\n\n\n<p><a href=\"https:\/\/enjeux-rlaroche.philo-cvm.ca\/?p=2208\">Il a neig\u00e9<\/a><\/p>\n\n\n\n<p><a href=\"https:\/\/enjeux-rlaroche.philo-cvm.ca\/?p=2323\">Qu&rsquo;entendez-vous par l\u00e0?<\/a><\/p>\n","protected":false},"excerpt":{"rendered":"<p>Pour laisser une lettre \u00e0 Bontux Kencanna il s\u2019agit de mettre l\u2019hyperlien de l\u2019article contenant la missive sur cette page. Une lettre pour les Adelphes ne sera jamais laiss\u00e9e sans r\u00e9ponse. Il a neig\u00e9 Qu&rsquo;entendez-vous par l\u00e0?<\/p>\n","protected":false},"author":1,"featured_media":0,"parent":0,"menu_order":0,"comment_status":"closed","ping_status":"closed","template":"","meta":{"footnotes":""},"class_list":["post-1948","page","type-page","status-publish","hentry"],"_links":{"self":[{"href":"https:\/\/enjeux-rlaroche.philo-cvm.ca\/index.php?rest_route=\/wp\/v2\/pages\/1948","targetHints":{"allow":["GET"]}}],"collection":[{"href":"https:\/\/enjeux-rlaroche.philo-cvm.ca\/index.php?rest_route=\/wp\/v2\/pages"}],"about":[{"href":"https:\/\/enjeux-rlaroche.philo-cvm.ca\/index.php?rest_route=\/wp\/v2\/types\/page"}],"author":[{"embeddable":true,"href":"https:\/\/enjeux-rlaroche.philo-cvm.ca\/index.php?rest_route=\/wp\/v2\/users\/1"}],"replies":[{"embeddable":true,"href":"https:\/\/enjeux-rlaroche.philo-cvm.ca\/index.php?rest_route=%2Fwp%2Fv2%2Fcomments&post=1948"}],"version-history":[{"count":3,"href":"https:\/\/enjeux-rlaroche.philo-cvm.ca\/index.php?rest_route=\/wp\/v2\/pages\/1948\/revisions"}],"predecessor-version":[{"id":2367,"href":"https:\/\/enjeux-rlaroche.philo-cvm.ca\/index.php?rest_route=\/wp\/v2\/pages\/1948\/revisions\/2367"}],"wp:attachment":[{"href":"https:\/\/enjeux-rlaroche.philo-cvm.ca\/index.php?rest_route=%2Fwp%2Fv2%2Fmedia&parent=1948"}],"curies":[{"name":"wp","href":"https:\/\/api.w.org\/{rel}","templated":true}]}}