{"id":1937,"date":"2022-11-24T01:04:44","date_gmt":"2022-11-24T01:04:44","guid":{"rendered":"https:\/\/enjeux-rlaroche.profweb.ca\/?page_id=1937"},"modified":"2023-02-11T21:47:11","modified_gmt":"2023-02-11T21:47:11","slug":"cleo-louis-gandhi-iii","status":"publish","type":"page","link":"https:\/\/enjeux-rlaroche.philo-cvm.ca\/?page_id=1937","title":{"rendered":"Cl\u00e9o-Louis Gandhi III"},"content":{"rendered":"\n<p class=\"has-text-align-center\">Pour laisser une lettre \u00e0 Cl\u00e9o-Louis Gandhi III il s\u2019agit de mettre l\u2019hyperlien de l\u2019article contenant la missive sur cette page.<\/p>\n\n\n\n<p class=\"has-text-align-center\">Une lettre pour les Adelphes ne sera jamais laiss\u00e9e sans r\u00e9ponse.<\/p>\n\n\n\n<p><a href=\"https:\/\/enjeux-rlaroche.philo-cvm.ca\/?p=2411\">CouleursS<\/a><\/p>\n\n\n\n<figure class=\"wp-block-embed is-type-wp-embed is-provider-grap wp-block-embed-grap\"><div class=\"wp-block-embed__wrapper\">\n<blockquote class=\"wp-embedded-content\" data-secret=\"hj9sXyDf4M\"><a href=\"https:\/\/enjeux-rlaroche.philo-cvm.ca\/?p=2060\">Pourquoi attendre tout de l&rsquo;autre?<\/a><\/blockquote><iframe loading=\"lazy\" class=\"wp-embedded-content\" sandbox=\"allow-scripts\" security=\"restricted\" style=\"position: absolute; visibility: hidden;\" title=\"&laquo; Pourquoi attendre tout de l&rsquo;autre? &raquo; &#8212; GRAP\" src=\"https:\/\/enjeux-rlaroche.philo-cvm.ca\/?p=2060&#038;embed=true#?secret=mTJP71n2Z7#?secret=hj9sXyDf4M\" data-secret=\"hj9sXyDf4M\" width=\"600\" height=\"338\" frameborder=\"0\" marginwidth=\"0\" marginheight=\"0\" scrolling=\"no\"><\/iframe>\n<\/div><\/figure>\n\n\n\n<p><a href=\"https:\/\/enjeux-rlaroche.philo-cvm.ca\/?p=2302\">Questionnement sur les vacances<\/a><\/p>\n\n\n\n<p><a href=\"https:\/\/enjeux-rlaroche.philo-cvm.ca\/?p=2361\">On dirait l&rsquo;\u00e9ternit\u00e9 <\/a><\/p>\n","protected":false},"excerpt":{"rendered":"<p>Pour laisser une lettre \u00e0 Cl\u00e9o-Louis Gandhi III il s\u2019agit de mettre l\u2019hyperlien de l\u2019article contenant la missive sur cette page. Une lettre pour les Adelphes ne sera jamais laiss\u00e9e sans r\u00e9ponse. CouleursS Questionnement sur les vacances On dirait l&rsquo;\u00e9ternit\u00e9<\/p>\n","protected":false},"author":1,"featured_media":0,"parent":0,"menu_order":0,"comment_status":"closed","ping_status":"closed","template":"","meta":{"footnotes":""},"class_list":["post-1937","page","type-page","status-publish","hentry"],"_links":{"self":[{"href":"https:\/\/enjeux-rlaroche.philo-cvm.ca\/index.php?rest_route=\/wp\/v2\/pages\/1937","targetHints":{"allow":["GET"]}}],"collection":[{"href":"https:\/\/enjeux-rlaroche.philo-cvm.ca\/index.php?rest_route=\/wp\/v2\/pages"}],"about":[{"href":"https:\/\/enjeux-rlaroche.philo-cvm.ca\/index.php?rest_route=\/wp\/v2\/types\/page"}],"author":[{"embeddable":true,"href":"https:\/\/enjeux-rlaroche.philo-cvm.ca\/index.php?rest_route=\/wp\/v2\/users\/1"}],"replies":[{"embeddable":true,"href":"https:\/\/enjeux-rlaroche.philo-cvm.ca\/index.php?rest_route=%2Fwp%2Fv2%2Fcomments&post=1937"}],"version-history":[{"count":6,"href":"https:\/\/enjeux-rlaroche.philo-cvm.ca\/index.php?rest_route=\/wp\/v2\/pages\/1937\/revisions"}],"predecessor-version":[{"id":2414,"href":"https:\/\/enjeux-rlaroche.philo-cvm.ca\/index.php?rest_route=\/wp\/v2\/pages\/1937\/revisions\/2414"}],"wp:attachment":[{"href":"https:\/\/enjeux-rlaroche.philo-cvm.ca\/index.php?rest_route=%2Fwp%2Fv2%2Fmedia&parent=1937"}],"curies":[{"name":"wp","href":"https:\/\/api.w.org\/{rel}","templated":true}]}}