{"id":1931,"date":"2022-11-24T01:01:42","date_gmt":"2022-11-24T01:01:42","guid":{"rendered":"https:\/\/enjeux-rlaroche.profweb.ca\/?page_id=1931"},"modified":"2023-02-09T21:10:25","modified_gmt":"2023-02-09T21:10:25","slug":"sisyphus-beatus","status":"publish","type":"page","link":"https:\/\/enjeux-rlaroche.philo-cvm.ca\/?page_id=1931","title":{"rendered":"<a>Sisyphus Beatus<\/a>"},"content":{"rendered":"\n<p class=\"has-text-align-center\">Pour laisser une lettre \u00e0 Sisyphus Beatus il s\u2019agit de mettre l\u2019hyperlien de l\u2019article contenant la missive sur cette page.<\/p>\n\n\n\n<p class=\"has-text-align-center\">Une lettre pour les Adelphes ne sera jamais laiss\u00e9e sans r\u00e9ponse.<\/p>\n\n\n\n<p><a href=\"https:\/\/enjeux-rlaroche.philo-cvm.ca\/?p=2059\" data-type=\"URL\" data-id=\"https:\/\/enjeux-rlaroche.philo-cvm.ca\/?p=2059\">Lettre interrogatrice<\/a><\/p>\n\n\n\n<p><a href=\"https:\/\/enjeux-rlaroche.philo-cvm.ca\/?p=2228\" data-type=\"URL\" data-id=\"https:\/\/enjeux-rlaroche.philo-cvm.ca\/?p=2228\">Cr\u00e9er! <\/a><\/p>\n\n\n\n<p><a href=\"https:\/\/enjeux-rlaroche.philo-cvm.ca\/?p=2299\" data-type=\"URL\" data-id=\"https:\/\/enjeux-rlaroche.philo-cvm.ca\/?p=2299\">\u00c0 qui de droit hihi<\/a><\/p>\n","protected":false},"excerpt":{"rendered":"<p>Pour laisser une lettre \u00e0 Sisyphus Beatus il s\u2019agit de mettre l\u2019hyperlien de l\u2019article contenant la missive sur cette page. Une lettre pour les Adelphes ne sera jamais laiss\u00e9e sans r\u00e9ponse. Lettre interrogatrice Cr\u00e9er! \u00c0 qui de droit hihi<\/p>\n","protected":false},"author":1,"featured_media":0,"parent":0,"menu_order":0,"comment_status":"closed","ping_status":"closed","template":"","meta":{"footnotes":""},"class_list":["post-1931","page","type-page","status-publish","hentry"],"_links":{"self":[{"href":"https:\/\/enjeux-rlaroche.philo-cvm.ca\/index.php?rest_route=\/wp\/v2\/pages\/1931","targetHints":{"allow":["GET"]}}],"collection":[{"href":"https:\/\/enjeux-rlaroche.philo-cvm.ca\/index.php?rest_route=\/wp\/v2\/pages"}],"about":[{"href":"https:\/\/enjeux-rlaroche.philo-cvm.ca\/index.php?rest_route=\/wp\/v2\/types\/page"}],"author":[{"embeddable":true,"href":"https:\/\/enjeux-rlaroche.philo-cvm.ca\/index.php?rest_route=\/wp\/v2\/users\/1"}],"replies":[{"embeddable":true,"href":"https:\/\/enjeux-rlaroche.philo-cvm.ca\/index.php?rest_route=%2Fwp%2Fv2%2Fcomments&post=1931"}],"version-history":[{"count":5,"href":"https:\/\/enjeux-rlaroche.philo-cvm.ca\/index.php?rest_route=\/wp\/v2\/pages\/1931\/revisions"}],"predecessor-version":[{"id":2301,"href":"https:\/\/enjeux-rlaroche.philo-cvm.ca\/index.php?rest_route=\/wp\/v2\/pages\/1931\/revisions\/2301"}],"wp:attachment":[{"href":"https:\/\/enjeux-rlaroche.philo-cvm.ca\/index.php?rest_route=%2Fwp%2Fv2%2Fmedia&parent=1931"}],"curies":[{"name":"wp","href":"https:\/\/api.w.org\/{rel}","templated":true}]}}