{"id":1925,"date":"2022-11-24T00:54:42","date_gmt":"2022-11-24T00:54:42","guid":{"rendered":"https:\/\/enjeux-rlaroche.profweb.ca\/?page_id=1925"},"modified":"2023-02-02T19:29:00","modified_gmt":"2023-02-02T19:29:00","slug":"uzeb-anicius","status":"publish","type":"page","link":"https:\/\/enjeux-rlaroche.philo-cvm.ca\/?page_id=1925","title":{"rendered":"Uzeb Anicius"},"content":{"rendered":"\n<p class=\"has-text-align-center\">Pour laisser une lettre \u00e0 Uzeb Anicius il s\u2019agit de mettre l\u2019hyperlien de l\u2019article contenant la missive sur cette page.<\/p>\n\n\n\n<p class=\"has-text-align-center\">Une lettre pour les Adelphes ne sera jamais laiss\u00e9e sans r\u00e9ponse.<\/p>\n\n\n\n<p><\/p>\n\n\n\n<figure class=\"wp-block-embed is-type-wp-embed is-provider-grap wp-block-embed-grap\"><div class=\"wp-block-embed__wrapper\">\n<blockquote class=\"wp-embedded-content\" data-secret=\"y0Tqj3y7fZ\"><a href=\"https:\/\/enjeux-rlaroche.philo-cvm.ca\/?p=2062\">Mon exp\u00e9rience du beau<\/a><\/blockquote><iframe loading=\"lazy\" class=\"wp-embedded-content\" sandbox=\"allow-scripts\" security=\"restricted\" style=\"position: absolute; visibility: hidden;\" title=\"&laquo; Mon exp\u00e9rience du beau &raquo; &#8212; GRAP\" src=\"https:\/\/enjeux-rlaroche.philo-cvm.ca\/?p=2062&#038;embed=true#?secret=f6jYVyk8KS#?secret=y0Tqj3y7fZ\" data-secret=\"y0Tqj3y7fZ\" width=\"600\" height=\"338\" frameborder=\"0\" marginwidth=\"0\" marginheight=\"0\" scrolling=\"no\"><\/iframe>\n<\/div><\/figure>\n\n\n\n<p><a href=\"https:\/\/enjeux-rlaroche.philo-cvm.ca\/?p=2130\" data-type=\"URL\" data-id=\"https:\/\/enjeux-rlaroche.philo-cvm.ca\/?p=2130\" target=\"_blank\" rel=\"noreferrer noopener\">Subjectivit\u00e9 et science<\/a><\/p>\n\n\n\n<p><a href=\"https:\/\/enjeux-rlaroche.philo-cvm.ca\/?p=2250\">Temps<\/a><\/p>\n","protected":false},"excerpt":{"rendered":"<p>Pour laisser une lettre \u00e0 Uzeb Anicius il s\u2019agit de mettre l\u2019hyperlien de l\u2019article contenant la missive sur cette page. Une lettre pour les Adelphes ne sera jamais laiss\u00e9e sans r\u00e9ponse. Subjectivit\u00e9 et science Temps<\/p>\n","protected":false},"author":1,"featured_media":0,"parent":0,"menu_order":0,"comment_status":"closed","ping_status":"closed","template":"","meta":{"footnotes":""},"class_list":["post-1925","page","type-page","status-publish","hentry"],"_links":{"self":[{"href":"https:\/\/enjeux-rlaroche.philo-cvm.ca\/index.php?rest_route=\/wp\/v2\/pages\/1925","targetHints":{"allow":["GET"]}}],"collection":[{"href":"https:\/\/enjeux-rlaroche.philo-cvm.ca\/index.php?rest_route=\/wp\/v2\/pages"}],"about":[{"href":"https:\/\/enjeux-rlaroche.philo-cvm.ca\/index.php?rest_route=\/wp\/v2\/types\/page"}],"author":[{"embeddable":true,"href":"https:\/\/enjeux-rlaroche.philo-cvm.ca\/index.php?rest_route=\/wp\/v2\/users\/1"}],"replies":[{"embeddable":true,"href":"https:\/\/enjeux-rlaroche.philo-cvm.ca\/index.php?rest_route=%2Fwp%2Fv2%2Fcomments&post=1925"}],"version-history":[{"count":4,"href":"https:\/\/enjeux-rlaroche.philo-cvm.ca\/index.php?rest_route=\/wp\/v2\/pages\/1925\/revisions"}],"predecessor-version":[{"id":2255,"href":"https:\/\/enjeux-rlaroche.philo-cvm.ca\/index.php?rest_route=\/wp\/v2\/pages\/1925\/revisions\/2255"}],"wp:attachment":[{"href":"https:\/\/enjeux-rlaroche.philo-cvm.ca\/index.php?rest_route=%2Fwp%2Fv2%2Fmedia&parent=1925"}],"curies":[{"name":"wp","href":"https:\/\/api.w.org\/{rel}","templated":true}]}}