{"id":1908,"date":"2022-11-24T00:31:49","date_gmt":"2022-11-24T00:31:49","guid":{"rendered":"https:\/\/enjeux-rlaroche.profweb.ca\/?page_id=1908"},"modified":"2023-02-11T21:49:18","modified_gmt":"2023-02-11T21:49:18","slug":"la-boite-aux-lettres-de-uex-k","status":"publish","type":"page","link":"https:\/\/enjeux-rlaroche.philo-cvm.ca\/?page_id=1908","title":{"rendered":"Uex K."},"content":{"rendered":"\n<p class=\"has-text-align-center\">Pour laisser une lettre \u00e0 Uex K. il s&rsquo;agit de mettre l&rsquo;hyperlien de l&rsquo;article contenant la missive sur cette page. <\/p>\n\n\n\n<p class=\"has-text-align-center\">Une lettre pour les Adelphes ne sera jamais laiss\u00e9e sans r\u00e9ponse. <\/p>\n\n\n\n<p><a href=\"https:\/\/enjeux-rlaroche.philo-cvm.ca\/?p=1986\">Lettre pour Uex K.<\/a><br><a href=\"https:\/\/enjeux-rlaroche.philo-cvm.ca\/?p=2094\">D\u00e9couverte de soir\u00e9e<\/a><\/p>\n\n\n\n<p><a href=\"https:\/\/enjeux-rlaroche.philo-cvm.ca\/?p=1992\">Sant\u00e9<\/a><\/p>\n\n\n\n<p><a href=\"https:\/\/enjeux-rlaroche.philo-cvm.ca\/?p=2296\">Quelle formidable d\u00e9couverte !<\/a><\/p>\n\n\n\n<figure class=\"wp-block-embed is-type-wp-embed is-provider-grap wp-block-embed-grap\"><div class=\"wp-block-embed__wrapper\">\n<blockquote class=\"wp-embedded-content\" data-secret=\"O3Idd4JSqb\"><a href=\"https:\/\/enjeux-rlaroche.philo-cvm.ca\/?p=2326\">\u00c0 toi Uex.<\/a><\/blockquote><iframe loading=\"lazy\" class=\"wp-embedded-content\" sandbox=\"allow-scripts\" security=\"restricted\" style=\"position: absolute; visibility: hidden;\" title=\"&laquo; \u00c0 toi Uex. &raquo; &#8212; GRAP\" src=\"https:\/\/enjeux-rlaroche.philo-cvm.ca\/?p=2326&#038;embed=true#?secret=EbBNtnJJVs#?secret=O3Idd4JSqb\" data-secret=\"O3Idd4JSqb\" width=\"600\" height=\"338\" frameborder=\"0\" marginwidth=\"0\" marginheight=\"0\" scrolling=\"no\"><\/iframe>\n<\/div><\/figure>\n","protected":false},"excerpt":{"rendered":"<p>Pour laisser une lettre \u00e0 Uex K. il s&rsquo;agit de mettre l&rsquo;hyperlien de l&rsquo;article contenant la missive sur cette page. Une lettre pour les Adelphes ne sera jamais laiss\u00e9e sans r\u00e9ponse. Lettre pour Uex K.D\u00e9couverte de soir\u00e9e Sant\u00e9 Quelle formidable d\u00e9couverte !<\/p>\n","protected":false},"author":1,"featured_media":0,"parent":0,"menu_order":0,"comment_status":"closed","ping_status":"closed","template":"","meta":{"footnotes":""},"class_list":["post-1908","page","type-page","status-publish","hentry"],"_links":{"self":[{"href":"https:\/\/enjeux-rlaroche.philo-cvm.ca\/index.php?rest_route=\/wp\/v2\/pages\/1908","targetHints":{"allow":["GET"]}}],"collection":[{"href":"https:\/\/enjeux-rlaroche.philo-cvm.ca\/index.php?rest_route=\/wp\/v2\/pages"}],"about":[{"href":"https:\/\/enjeux-rlaroche.philo-cvm.ca\/index.php?rest_route=\/wp\/v2\/types\/page"}],"author":[{"embeddable":true,"href":"https:\/\/enjeux-rlaroche.philo-cvm.ca\/index.php?rest_route=\/wp\/v2\/users\/1"}],"replies":[{"embeddable":true,"href":"https:\/\/enjeux-rlaroche.philo-cvm.ca\/index.php?rest_route=%2Fwp%2Fv2%2Fcomments&post=1908"}],"version-history":[{"count":13,"href":"https:\/\/enjeux-rlaroche.philo-cvm.ca\/index.php?rest_route=\/wp\/v2\/pages\/1908\/revisions"}],"predecessor-version":[{"id":2415,"href":"https:\/\/enjeux-rlaroche.philo-cvm.ca\/index.php?rest_route=\/wp\/v2\/pages\/1908\/revisions\/2415"}],"wp:attachment":[{"href":"https:\/\/enjeux-rlaroche.philo-cvm.ca\/index.php?rest_route=%2Fwp%2Fv2%2Fmedia&parent=1908"}],"curies":[{"name":"wp","href":"https:\/\/api.w.org\/{rel}","templated":true}]}}