{"id":1899,"date":"2022-11-24T00:06:35","date_gmt":"2022-11-24T00:06:35","guid":{"rendered":"https:\/\/enjeux-rlaroche.profweb.ca\/?page_id=1899"},"modified":"2023-02-10T02:49:23","modified_gmt":"2023-02-10T02:49:23","slug":"les-adelphes","status":"publish","type":"page","link":"https:\/\/enjeux-rlaroche.philo-cvm.ca\/?page_id=1899","title":{"rendered":"LES ADELPHES"},"content":{"rendered":"\n<h3 class=\"has-text-align-center wp-block-heading\">Les Adelphes constituent une communaut\u00e9 dont les liens sociaux ayant men\u00e9s \u00e0 la vie utopique que nous connaissons sont fond\u00e9s sur leurs \u00e9changes \u00e9pistolaires. <\/h3>\n\n\n\n<h3 class=\"has-text-align-center wp-block-heading\">L&rsquo;Adelphe est de tous temps et de tous lieux. <\/h3>\n\n\n\n<p class=\"has-text-align-center\"><em>\u00abAdelphit\u00e9 est un mot invent\u00e9, pour un sentiment \u00e0 imaginer, \u00e0 r\u00eaver, \u00e0 r\u00e9aliser, peut-\u00eatre, en ce XXI\u00b0 si\u00e8cle. Le mot adelphit\u00e9 est form\u00e9 sur la racine grecque adelph- qui a donn\u00e9 les mots grecs signifiant s\u0153ur et fr\u00e8re, tandis que dans d\u2019autres langues (sauf en espagnol et en portugais, ainsi qu\u2019en arabe), s\u0153ur et fr\u00e8re proviennent de deux mots diff\u00e9rents. Englobant sororit\u00e9 (entre femmes) et fraternit\u00e9 (entre hommes), l\u2019adelphit\u00e9 d\u00e9signe des relations solidaires et harmonieuses entre \u00eatres humains, femmes et hommes.\u00bb <\/em>\u00e9crit Florence Montreynaud, \u00e9crivaine, historienne, linguiste et militante f\u00e9ministe.<\/p>\n\n\n\n<h3 class=\"has-text-align-center wp-block-heading\">Les lettres sont d\u00e9pos\u00e9es dans cette bo\u00eete depuis des si\u00e8cles voir depuis des mill\u00e9naires, on ne sait plus, elles viennent de tous les mondes possibles. <\/h3>\n\n\n\n<h2 class=\"has-text-align-center has-black-color has-text-color wp-block-heading\">***<\/h2>\n\n\n\n<div class=\"wp-block-columns is-layout-flex wp-container-core-columns-is-layout-9d6595d7 wp-block-columns-is-layout-flex\">\n<div class=\"wp-block-column is-layout-flow wp-block-column-is-layout-flow\" style=\"flex-basis:100%\">\n<div class=\"wp-block-buttons alignwide is-content-justification-center is-layout-flex wp-container-core-buttons-is-layout-16018d1d wp-block-buttons-is-layout-flex\">\n<div class=\"wp-block-button\"><a class=\"wp-block-button__link has-light-green-cyan-background-color has-background wp-element-button\" href=\"https:\/\/enjeux-rlaroche.philo-cvm.ca\/?page_id=1922\">Le Mat &#8211; Mathieu<\/a><\/div>\n\n\n\n<div class=\"wp-block-button\"><a class=\"wp-block-button__link has-pale-cyan-blue-background-color has-background wp-element-button\" href=\"https:\/\/enjeux-rlaroche.philo-cvm.ca\/?page_id=1925\">Uzeb Anicius &#8211; Stella<\/a><\/div>\n\n\n\n<div class=\"wp-block-button\"><a class=\"wp-block-button__link has-pale-pink-background-color has-background wp-element-button\" href=\"https:\/\/enjeux-rlaroche.philo-cvm.ca\/?page_id=1908\">Uex K. &#8211; R\u00e9mi<\/a><\/div>\n\n\n\n<div class=\"wp-block-button\"><a class=\"wp-block-button__link has-luminous-vivid-orange-background-color has-background wp-element-button\" href=\"https:\/\/enjeux-rlaroche.philo-cvm.ca\/?page_id=1931\">Sisyphum Beatum &#8211; Francis<\/a><\/div>\n\n\n\n<div class=\"wp-block-button\"><a class=\"wp-block-button__link has-vivid-purple-background-color has-background wp-element-button\" href=\"https:\/\/enjeux-rlaroche.philo-cvm.ca\/?page_id=1934\">Elz\u00e9ard Bouffier &#8211; C\u00e9dric<\/a><\/div>\n\n\n\n<div class=\"wp-block-button\"><a class=\"wp-block-button__link has-luminous-vivid-amber-background-color has-background wp-element-button\" href=\"https:\/\/enjeux-rlaroche.philo-cvm.ca\/?page_id=1937\">Cl\u00e9o-Louis Gandhi III &#8211; Pascale<\/a><\/div>\n\n\n\n<div class=\"wp-block-button\"><a class=\"wp-block-button__link has-background wp-element-button\" href=\"https:\/\/enjeux-rlaroche.philo-cvm.ca\/?page_id=1941\" style=\"background-color:#6186a6\">Merlane Joutrin &#8211; Noam<\/a><\/div>\n\n\n\n<div class=\"wp-block-button\"><a class=\"wp-block-button__link has-background wp-element-button\" href=\"https:\/\/enjeux-rlaroche.philo-cvm.ca\/?page_id=1946\" style=\"background-color:#9c9e67\">Hans Lucas &#8211; Martine<\/a><\/div>\n\n\n\n<div class=\"wp-block-button\"><a class=\"wp-block-button__link has-vivid-red-background-color has-background wp-element-button\" href=\"https:\/\/enjeux-rlaroche.philo-cvm.ca\/?page_id=1948\">Bontux Kencanna &#8211; Simon<\/a><\/div>\n\n\n\n<div class=\"wp-block-button\"><a class=\"wp-block-button__link has-background wp-element-button\" href=\"https:\/\/enjeux-rlaroche.philo-cvm.ca\/?page_id=1952\" style=\"background-color:#527e6e\">Enc\u00e9phaline &#8211; Ga\u00eblle<\/a><\/div>\n\n\n\n<div class=\"wp-block-button\"><a class=\"wp-block-button__link has-background wp-element-button\" href=\"https:\/\/enjeux-rlaroche.philo-cvm.ca\/?page_id=1954\" style=\"background-color:#d5219f\">Malva Stou &#8211; Fran\u00e7ois<\/a><\/div>\n\n\n\n<div class=\"wp-block-button\"><a class=\"wp-block-button__link has-background wp-element-button\" href=\"https:\/\/enjeux-rlaroche.philo-cvm.ca\/?page_id=1956\" style=\"background-color:#51e063\">Virginia &#8211; Mari\u00e8ve<\/a><\/div>\n\n\n\n\n\n<div class=\"wp-block-button\"><a class=\"wp-block-button__link has-background wp-element-button\" href=\"https:\/\/enjeux-rlaroche.philo-cvm.ca\/?page_id=1958\" style=\"background-color:#5151e0\">flagrance &#8211; Laetitia<\/a><\/div>\n\n\n\n<div class=\"wp-block-button\"><a class=\"wp-block-button__link has-background wp-element-button\" href=\"https:\/\/enjeux-rlaroche.philo-cvm.ca\/?page_id=1960\" style=\"background-color:#e05251\">\u0427\u0438\u043b\u043b\u0430\u043a\u0441 &#8211; David<\/a><\/div>\n\n\n\n<div class=\"wp-block-button\"><a class=\"wp-block-button__link has-background wp-element-button\" href=\"https:\/\/enjeux-rlaroche.philo-cvm.ca\/?page_id=1963\" style=\"background-color:#51d5e0\">Milli<\/a><\/div>\n\n\n\n<div class=\"wp-block-button\"><a class=\"wp-block-button__link has-background wp-element-button\" href=\"https:\/\/enjeux-rlaroche.philo-cvm.ca\/?page_id=1980\" style=\"background-color:#fcd1006b\">L\u00e9o<\/a><\/div>\n<\/div>\n<\/div>\n<\/div>\n","protected":false},"excerpt":{"rendered":"<p>Les Adelphes constituent une communaut\u00e9 dont les liens sociaux ayant men\u00e9s \u00e0 la vie utopique que nous connaissons sont fond\u00e9s sur leurs \u00e9changes \u00e9pistolaires. L&rsquo;Adelphe est de tous temps et de tous lieux. \u00abAdelphit\u00e9 est un mot invent\u00e9, pour un sentiment \u00e0 imaginer, \u00e0 r\u00eaver, \u00e0 r\u00e9aliser, peut-\u00eatre, en ce XXI\u00b0 si\u00e8cle. Le mot adelphit\u00e9&hellip;<\/p>\n","protected":false},"author":1,"featured_media":2400,"parent":0,"menu_order":0,"comment_status":"open","ping_status":"closed","template":"","meta":{"footnotes":""},"class_list":["post-1899","page","type-page","status-publish","has-post-thumbnail","hentry"],"_links":{"self":[{"href":"https:\/\/enjeux-rlaroche.philo-cvm.ca\/index.php?rest_route=\/wp\/v2\/pages\/1899","targetHints":{"allow":["GET"]}}],"collection":[{"href":"https:\/\/enjeux-rlaroche.philo-cvm.ca\/index.php?rest_route=\/wp\/v2\/pages"}],"about":[{"href":"https:\/\/enjeux-rlaroche.philo-cvm.ca\/index.php?rest_route=\/wp\/v2\/types\/page"}],"author":[{"embeddable":true,"href":"https:\/\/enjeux-rlaroche.philo-cvm.ca\/index.php?rest_route=\/wp\/v2\/users\/1"}],"replies":[{"embeddable":true,"href":"https:\/\/enjeux-rlaroche.philo-cvm.ca\/index.php?rest_route=%2Fwp%2Fv2%2Fcomments&post=1899"}],"version-history":[{"count":32,"href":"https:\/\/enjeux-rlaroche.philo-cvm.ca\/index.php?rest_route=\/wp\/v2\/pages\/1899\/revisions"}],"predecessor-version":[{"id":2314,"href":"https:\/\/enjeux-rlaroche.philo-cvm.ca\/index.php?rest_route=\/wp\/v2\/pages\/1899\/revisions\/2314"}],"wp:featuredmedia":[{"embeddable":true,"href":"https:\/\/enjeux-rlaroche.philo-cvm.ca\/index.php?rest_route=\/wp\/v2\/media\/2400"}],"wp:attachment":[{"href":"https:\/\/enjeux-rlaroche.philo-cvm.ca\/index.php?rest_route=%2Fwp%2Fv2%2Fmedia&parent=1899"}],"curies":[{"name":"wp","href":"https:\/\/api.w.org\/{rel}","templated":true}]}}