{"id":187,"date":"2021-11-04T19:37:36","date_gmt":"2021-11-04T19:37:36","guid":{"rendered":"https:\/\/enjeux-rlaroche.profweb.ca\/?page_id=187"},"modified":"2021-11-09T21:26:04","modified_gmt":"2021-11-09T21:26:04","slug":"ecriture-collaborative","status":"publish","type":"page","link":"https:\/\/enjeux-rlaroche.philo-cvm.ca\/?page_id=187","title":{"rendered":"\u00c9criture collaborative"},"content":{"rendered":"\n<h4 class=\"wp-block-heading\">R\u00f4les dans WordPress<\/h4>\n\n\n\n<p>Les participant.es au groupe de discussion utilisant le site internet ont un statut d&rsquo;\u00e9ditrice et d&rsquo;\u00e9diteur leur permettant de g\u00e9rer les cat\u00e9gories et les \u00e9tiquettes, c&rsquo;est \u00e0 dire qu&rsquo;elles et ils peuvent en ajouter, les modifier et en supprimer. Ce r\u00f4le dans WordPress permet aussi de g\u00e9rer compl\u00e8tement les commentaires, et donc les valider, les mod\u00e9rer et les supprimer. <\/p>\n\n\n\n<h2 class=\"has-text-align-center has-vivid-purple-color has-text-color wp-block-heading\">***<\/h2>\n\n\n\n<p>Vous pouvez cr\u00e9er des pages et bien \u00e9videmment des articles. Ce faisant vous serez invit\u00e9.es \u00e0 explorer toutes les ressources de cette plateforme d&rsquo;\u00e9dition afin de faire de notre site un v\u00e9ritable lieu de cr\u00e9ation: images, bandes sons, musique, r\u00e9seaux sociaux, mises en page originales, hyperliens etc. <\/p>\n\n\n\n<p>Une des vis\u00e9es de ce projet, partant du mod\u00e8le du groupe de discussion, consiste \u00e0 essayer de comprendre les enjeux \u00abwokes\u00bb par la collaboration, pas seulement par l&rsquo;\u00e9change d&rsquo;id\u00e9es ou d&rsquo;informations mais par la participation active \u00e0 l&rsquo;occupation de ce site Internet. <\/p>\n\n\n\n<h2 class=\"has-text-align-center has-light-green-cyan-color has-text-color wp-block-heading\">***<\/h2>\n\n\n\n<h4 class=\"wp-block-heading\">Deux menus structurent le site<\/h4>\n\n\n\n<p>Le menu principal comprend l&rsquo;ensemble des pages communes d\u00e9velopp\u00e9es et am\u00e9nag\u00e9es par les membres du groupe de discussion. <\/p>\n\n\n\n<p>Le menu des participant.es quant \u00e0 lui renvoie aux pages personnelles dans lesquelles chacun et chacune pourra cr\u00e9er son propre mouvement d&rsquo;analyse. Un environnement qui vous permettra aussi de diriger vos \u00e9ventuels visiteurs ou vos coll\u00e8gues du groupe de discussion vers des articles ou diff\u00e9rentes mises en page.<\/p>\n\n\n\n<p><\/p>\n\n\n\n<p> <\/p>\n","protected":false},"excerpt":{"rendered":"<p>R\u00f4les dans WordPress Les participant.es au groupe de discussion utilisant le site internet ont un statut d&rsquo;\u00e9ditrice et d&rsquo;\u00e9diteur leur permettant de g\u00e9rer les cat\u00e9gories et les \u00e9tiquettes, c&rsquo;est \u00e0 dire qu&rsquo;elles et ils peuvent en ajouter, les modifier et en supprimer. Ce r\u00f4le dans WordPress permet aussi de g\u00e9rer compl\u00e8tement les commentaires, et donc&hellip;<\/p>\n","protected":false},"author":1,"featured_media":192,"parent":0,"menu_order":0,"comment_status":"open","ping_status":"closed","template":"","meta":{"footnotes":""},"class_list":["post-187","page","type-page","status-publish","has-post-thumbnail","hentry"],"_links":{"self":[{"href":"https:\/\/enjeux-rlaroche.philo-cvm.ca\/index.php?rest_route=\/wp\/v2\/pages\/187","targetHints":{"allow":["GET"]}}],"collection":[{"href":"https:\/\/enjeux-rlaroche.philo-cvm.ca\/index.php?rest_route=\/wp\/v2\/pages"}],"about":[{"href":"https:\/\/enjeux-rlaroche.philo-cvm.ca\/index.php?rest_route=\/wp\/v2\/types\/page"}],"author":[{"embeddable":true,"href":"https:\/\/enjeux-rlaroche.philo-cvm.ca\/index.php?rest_route=\/wp\/v2\/users\/1"}],"replies":[{"embeddable":true,"href":"https:\/\/enjeux-rlaroche.philo-cvm.ca\/index.php?rest_route=%2Fwp%2Fv2%2Fcomments&post=187"}],"version-history":[{"count":10,"href":"https:\/\/enjeux-rlaroche.philo-cvm.ca\/index.php?rest_route=\/wp\/v2\/pages\/187\/revisions"}],"predecessor-version":[{"id":288,"href":"https:\/\/enjeux-rlaroche.philo-cvm.ca\/index.php?rest_route=\/wp\/v2\/pages\/187\/revisions\/288"}],"wp:featuredmedia":[{"embeddable":true,"href":"https:\/\/enjeux-rlaroche.philo-cvm.ca\/index.php?rest_route=\/wp\/v2\/media\/192"}],"wp:attachment":[{"href":"https:\/\/enjeux-rlaroche.philo-cvm.ca\/index.php?rest_route=%2Fwp%2Fv2%2Fmedia&parent=187"}],"curies":[{"name":"wp","href":"https:\/\/api.w.org\/{rel}","templated":true}]}}