{"id":1848,"date":"2022-11-06T20:00:52","date_gmt":"2022-11-06T20:00:52","guid":{"rendered":"https:\/\/enjeux-rlaroche.profweb.ca\/?page_id=1848"},"modified":"2022-11-06T20:12:15","modified_gmt":"2022-11-06T20:12:15","slug":"merde-jai-oublie","status":"publish","type":"page","link":"https:\/\/enjeux-rlaroche.philo-cvm.ca\/?page_id=1848","title":{"rendered":"Merde j&rsquo;ai oubli\u00e9"},"content":{"rendered":"\n<p>Ouctandour, nephoridal du quidam traversant l&rsquo;Utopie. <\/p>\n\n\n\n<p>Ah! oui! <\/p>\n\n\n\n<p>Et si c&rsquo;\u00e9tait la rose que vous aviez oubli\u00e9e en faisant la r\u00e9volution. <\/p>\n\n\n\n<p>Quelqu&rsquo;un vous dirait : <a href=\"https:\/\/enjeux-rlaroche.philo-cvm.ca\/?p=1763\">rosam<\/a>. <\/p>\n\n\n\n<p><\/p>\n","protected":false},"excerpt":{"rendered":"<p>Ouctandour, nephoridal du quidam traversant l&rsquo;Utopie. Ah! oui! Et si c&rsquo;\u00e9tait la rose que vous aviez oubli\u00e9e en faisant la r\u00e9volution. Quelqu&rsquo;un vous dirait : rosam.<\/p>\n","protected":false},"author":1,"featured_media":1806,"parent":0,"menu_order":0,"comment_status":"closed","ping_status":"closed","template":"","meta":{"footnotes":""},"class_list":["post-1848","page","type-page","status-publish","has-post-thumbnail","hentry"],"_links":{"self":[{"href":"https:\/\/enjeux-rlaroche.philo-cvm.ca\/index.php?rest_route=\/wp\/v2\/pages\/1848","targetHints":{"allow":["GET"]}}],"collection":[{"href":"https:\/\/enjeux-rlaroche.philo-cvm.ca\/index.php?rest_route=\/wp\/v2\/pages"}],"about":[{"href":"https:\/\/enjeux-rlaroche.philo-cvm.ca\/index.php?rest_route=\/wp\/v2\/types\/page"}],"author":[{"embeddable":true,"href":"https:\/\/enjeux-rlaroche.philo-cvm.ca\/index.php?rest_route=\/wp\/v2\/users\/1"}],"replies":[{"embeddable":true,"href":"https:\/\/enjeux-rlaroche.philo-cvm.ca\/index.php?rest_route=%2Fwp%2Fv2%2Fcomments&post=1848"}],"version-history":[{"count":4,"href":"https:\/\/enjeux-rlaroche.philo-cvm.ca\/index.php?rest_route=\/wp\/v2\/pages\/1848\/revisions"}],"predecessor-version":[{"id":1854,"href":"https:\/\/enjeux-rlaroche.philo-cvm.ca\/index.php?rest_route=\/wp\/v2\/pages\/1848\/revisions\/1854"}],"wp:featuredmedia":[{"embeddable":true,"href":"https:\/\/enjeux-rlaroche.philo-cvm.ca\/index.php?rest_route=\/wp\/v2\/media\/1806"}],"wp:attachment":[{"href":"https:\/\/enjeux-rlaroche.philo-cvm.ca\/index.php?rest_route=%2Fwp%2Fv2%2Fmedia&parent=1848"}],"curies":[{"name":"wp","href":"https:\/\/api.w.org\/{rel}","templated":true}]}}