{"id":1836,"date":"2022-11-06T19:38:37","date_gmt":"2022-11-06T19:38:37","guid":{"rendered":"https:\/\/enjeux-rlaroche.profweb.ca\/?page_id=1836"},"modified":"2022-11-06T19:55:21","modified_gmt":"2022-11-06T19:55:21","slug":"o-rose","status":"publish","type":"page","link":"https:\/\/enjeux-rlaroche.philo-cvm.ca\/?page_id=1836","title":{"rendered":"\u00d4 rose"},"content":{"rendered":"\n<p>Les nouvelles \u00e9taient bonnes pour les membres de la Jeunesse voyageuse. <\/p>\n\n\n\n<p>Il n&rsquo;en fallait pas plus pour que Uex K. vous invite \u00e0 partir en voyage. <\/p>\n\n\n\n<p>Ben voyons donc <a href=\"https:\/\/enjeux-rlaroche.philo-cvm.ca\/?p=1763\">Rosa<\/a>, on dirait que t&rsquo;es d\u00e9j\u00e0 de retour!<\/p>\n\n\n\n<p>\u00c0 moins que tu ne sois jamais partie!<\/p>\n","protected":false},"excerpt":{"rendered":"<p>Les nouvelles \u00e9taient bonnes pour les membres de la Jeunesse voyageuse. Il n&rsquo;en fallait pas plus pour que Uex K. vous invite \u00e0 partir en voyage. Ben voyons donc Rosa, on dirait que t&rsquo;es d\u00e9j\u00e0 de retour! \u00c0 moins que tu ne sois jamais partie!<\/p>\n","protected":false},"author":1,"featured_media":1837,"parent":0,"menu_order":0,"comment_status":"closed","ping_status":"closed","template":"","meta":{"footnotes":""},"class_list":["post-1836","page","type-page","status-publish","has-post-thumbnail","hentry"],"_links":{"self":[{"href":"https:\/\/enjeux-rlaroche.philo-cvm.ca\/index.php?rest_route=\/wp\/v2\/pages\/1836","targetHints":{"allow":["GET"]}}],"collection":[{"href":"https:\/\/enjeux-rlaroche.philo-cvm.ca\/index.php?rest_route=\/wp\/v2\/pages"}],"about":[{"href":"https:\/\/enjeux-rlaroche.philo-cvm.ca\/index.php?rest_route=\/wp\/v2\/types\/page"}],"author":[{"embeddable":true,"href":"https:\/\/enjeux-rlaroche.philo-cvm.ca\/index.php?rest_route=\/wp\/v2\/users\/1"}],"replies":[{"embeddable":true,"href":"https:\/\/enjeux-rlaroche.philo-cvm.ca\/index.php?rest_route=%2Fwp%2Fv2%2Fcomments&post=1836"}],"version-history":[{"count":6,"href":"https:\/\/enjeux-rlaroche.philo-cvm.ca\/index.php?rest_route=\/wp\/v2\/pages\/1836\/revisions"}],"predecessor-version":[{"id":1847,"href":"https:\/\/enjeux-rlaroche.philo-cvm.ca\/index.php?rest_route=\/wp\/v2\/pages\/1836\/revisions\/1847"}],"wp:featuredmedia":[{"embeddable":true,"href":"https:\/\/enjeux-rlaroche.philo-cvm.ca\/index.php?rest_route=\/wp\/v2\/media\/1837"}],"wp:attachment":[{"href":"https:\/\/enjeux-rlaroche.philo-cvm.ca\/index.php?rest_route=%2Fwp%2Fv2%2Fmedia&parent=1836"}],"curies":[{"name":"wp","href":"https:\/\/api.w.org\/{rel}","templated":true}]}}