{"id":1817,"date":"2022-11-06T19:01:40","date_gmt":"2022-11-06T19:01:40","guid":{"rendered":"https:\/\/enjeux-rlaroche.profweb.ca\/?page_id=1817"},"modified":"2022-11-06T20:16:23","modified_gmt":"2022-11-06T20:16:23","slug":"caseys-gas-and-depanneur","status":"publish","type":"page","link":"https:\/\/enjeux-rlaroche.philo-cvm.ca\/?page_id=1817","title":{"rendered":"Casey\u2019s Gas and Depanneur"},"content":{"rendered":"\n<p>Les n\u00e9ons scintillaient. Il fallait ouvrir la porte du r\u00e9frig\u00e9rateur pour se changer en passant \u00e0 c\u00f4t\u00e9 de tout ce qui pourrait nous sembler inhabituel au moment de lire l&rsquo;Utopie.  <\/p>\n\n\n\n<p>Suivez les signes. <\/p>\n\n\n\n<p>\u00abUne rose.\u00bb <\/p>\n\n\n\n<p>C&rsquo;est l\u00e0 ce que la femme assise derri\u00e8re le comptoir venait de r\u00e9pondre \u00e0 une question que Uex K. adressait \u00e0 tout le monde. <\/p>\n\n\n\n<p>Qui \u00eates-vous? <\/p>\n\n\n\n<p>Une question ridicule on s&rsquo;entend.<\/p>\n\n\n\n<p> \u00abJe suis une rose\u00bb, \u00e9tait bien la premi\u00e8re r\u00e9ponse qu&rsquo;on entendait depuis que quelqu&rsquo;un suivait les traces d&rsquo;Uzeb au sortir du lac Mistassini en direction de Ouj\u00e9.  <\/p>\n\n\n\n<p>Si <a href=\"https:\/\/enjeux-rlaroche.philo-cvm.ca\/?p=1763\">rosa<\/a> il y a et si nous nous en souvenons parce que nous n&rsquo;avons plus le choix, vous serez revenus sur nos pas.  <\/p>\n\n\n\n<p><\/p>\n","protected":false},"excerpt":{"rendered":"<p>Les n\u00e9ons scintillaient. Il fallait ouvrir la porte du r\u00e9frig\u00e9rateur pour se changer en passant \u00e0 c\u00f4t\u00e9 de tout ce qui pourrait nous sembler inhabituel au moment de lire l&rsquo;Utopie. Suivez les signes. \u00abUne rose.\u00bb C&rsquo;est l\u00e0 ce que la femme assise derri\u00e8re le comptoir venait de r\u00e9pondre \u00e0 une question que Uex K. adressait&hellip;<\/p>\n","protected":false},"author":1,"featured_media":1818,"parent":0,"menu_order":0,"comment_status":"open","ping_status":"closed","template":"","meta":{"footnotes":""},"class_list":["post-1817","page","type-page","status-publish","has-post-thumbnail","hentry"],"_links":{"self":[{"href":"https:\/\/enjeux-rlaroche.philo-cvm.ca\/index.php?rest_route=\/wp\/v2\/pages\/1817","targetHints":{"allow":["GET"]}}],"collection":[{"href":"https:\/\/enjeux-rlaroche.philo-cvm.ca\/index.php?rest_route=\/wp\/v2\/pages"}],"about":[{"href":"https:\/\/enjeux-rlaroche.philo-cvm.ca\/index.php?rest_route=\/wp\/v2\/types\/page"}],"author":[{"embeddable":true,"href":"https:\/\/enjeux-rlaroche.philo-cvm.ca\/index.php?rest_route=\/wp\/v2\/users\/1"}],"replies":[{"embeddable":true,"href":"https:\/\/enjeux-rlaroche.philo-cvm.ca\/index.php?rest_route=%2Fwp%2Fv2%2Fcomments&post=1817"}],"version-history":[{"count":11,"href":"https:\/\/enjeux-rlaroche.philo-cvm.ca\/index.php?rest_route=\/wp\/v2\/pages\/1817\/revisions"}],"predecessor-version":[{"id":1860,"href":"https:\/\/enjeux-rlaroche.philo-cvm.ca\/index.php?rest_route=\/wp\/v2\/pages\/1817\/revisions\/1860"}],"wp:featuredmedia":[{"embeddable":true,"href":"https:\/\/enjeux-rlaroche.philo-cvm.ca\/index.php?rest_route=\/wp\/v2\/media\/1818"}],"wp:attachment":[{"href":"https:\/\/enjeux-rlaroche.philo-cvm.ca\/index.php?rest_route=%2Fwp%2Fv2%2Fmedia&parent=1817"}],"curies":[{"name":"wp","href":"https:\/\/api.w.org\/{rel}","templated":true}]}}