{"id":173,"date":"2021-11-04T19:07:27","date_gmt":"2021-11-04T19:07:27","guid":{"rendered":"https:\/\/enjeux-rlaroche.profweb.ca\/?page_id=173"},"modified":"2022-04-01T11:55:58","modified_gmt":"2022-04-01T11:55:58","slug":"lecture-en-cours","status":"publish","type":"page","link":"https:\/\/enjeux-rlaroche.philo-cvm.ca\/?page_id=173","title":{"rendered":"Lecture en cours"},"content":{"rendered":"\n<p id=\"voici-les-documents-disponibles-pour-la-rencontre-du-7-avril\"><strong>Voici les documents disponibles pour la rencontre du 7 avril<\/strong><\/p>\n\n\n\n<ul class=\"wp-block-list\"><li>Ted talk (19 minutes) de Chimamanda Ngozi Adichie <a href=\"https:\/\/www.youtube.com\/watch?v=D9Ihs241zeg\"><em>\u00abLe danger de l&rsquo;histoire unique\u00bb<\/em> <\/a> (sous-titres en fran\u00e7ais disponibles)<\/li><\/ul>\n\n\n\n<figure class=\"wp-block-image size-full\"><img loading=\"lazy\" decoding=\"async\" width=\"300\" height=\"168\" src=\"https:\/\/enjeux-rlaroche.philo-cvm.ca\/wp-content\/uploads\/2022\/03\/image.jpeg\" alt=\"\" class=\"wp-image-885\"\/><\/figure>\n\n\n\n<ul class=\"wp-block-list\"><li>Extrait de l&rsquo;essai <em>Bad F\u00e9ministe<\/em> de Roxane Gay: <a href=\"https:\/\/enjeux-rlaroche.philo-cvm.ca\/wp-content\/uploads\/2022\/04\/mars_31_Doc_1-combine.pdf\" target=\"_blank\" rel=\"noreferrer noopener\">Chapitre <em>En attendant un h\u00e9ros<\/em><\/a><\/li><\/ul>\n\n\n\n<ul class=\"wp-block-list\"><li>Extrait de <em>L&rsquo;Utilitarisme<\/em> de John Stuart Mill: <a href=\"https:\/\/enjeux-rlaroche.philo-cvm.ca\/wp-content\/uploads\/2022\/04\/Extraits-2.pdf\" target=\"_blank\" rel=\"noreferrer noopener\">Pages 23-24<\/a> <\/li><\/ul>\n\n\n\n<h4 class=\"wp-block-heading\" id=\"voici-les-documents-disponibles-pour-la-rencontre-du-jeudi-10-mars\">Voici les documents disponibles pour la rencontre du jeudi 10 mars.<\/h4>\n\n\n\n<p>Pour celles et ceux qui ont acc\u00e8s \u00e0 Netflix : Le film <a href=\"https:\/\/www.netflix.com\/watch\/70060010?trackId=14277281&amp;tctx=-97%2C-97%2C%2C%2C%2C%2C%2C\" target=\"_blank\" rel=\"noreferrer noopener\">Dr\u00f4le d&rsquo;abeille<\/a>. <\/p>\n\n\n\n<h4 class=\"wp-block-heading\" id=\"vous-etes-invite-es-a-faire-un-choix-dans-ces-differents-textes\">Vous \u00eates invit\u00e9.es \u00e0 faire un choix dans ces diff\u00e9rents textes : <\/h4>\n\n\n\n<p>Mondes animaux et monde humain de J.V. Uexk\u00fcll, le chapitre intitul\u00e9 <a rel=\"noreferrer noopener\" href=\"https:\/\/monoskop.org\/images\/f\/f2\/Uexkuell_Jakob_von_Mondes_animaux_et_monde_humain.pdf\" target=\"_blank\">Les porteurs de significations pages 93 \u00e0 101<\/a>. <\/p>\n\n\n\n<p>Un excellent r\u00e9sum\u00e9 de la th\u00e9orie : <a href=\"https:\/\/journals.openedition.org\/labyrinthe\/4309\" target=\"_blank\" rel=\"noreferrer noopener\">Le \u00ab&nbsp;monde&nbsp;\u00bb des abeilles selon von Uexk\u00fcll<\/a>.<\/p>\n\n\n\n<p>Un article int\u00e9ressant : <a href=\"https:\/\/journals.openedition.org\/labyrinthe\/4294\" target=\"_blank\" rel=\"noreferrer noopener\">La proximit\u00e9 entre l&rsquo;homme et l&rsquo;abeille : un point de vue philosophique<\/a>.<\/p>\n\n\n\n<p>Et finalement : <a rel=\"noreferrer noopener\" href=\"https:\/\/www.institutcoppet.org\/wp-content\/uploads\/2011\/01\/La-fable-des-abeilles.pdf\" target=\"_blank\">La fable des abeilles de Bernard Mandeville<\/a>.<\/p>\n\n\n\n<p>Voici aussi le lien pour avoir acc\u00e8s \u00e0 La fable des abeilles en capsule vid\u00e9o : <a rel=\"noreferrer noopener\" href=\"https:\/\/l.facebook.com\/l.php?u=https%3A%2F%2Fvimeo.com%2F409901507%2Fca49886f2e%3Ffbclid%3DIwAR2kJafKFQGwAlmNwLa7QCbfUkVbnml-yq6llH3ex7PyNPB8p8F4UJLChUE&amp;h=AT01TlH30LvRBz1ZRiI1wqIaypplc6u14RHz8x_YRk3g0d5Z8o71zgdG1fUhpkudeHOXrBiJ7M98P8A--Zwss9pbmr5O_wr9WNpdznBbj0QlO1_PlGfkzbKHFdjMrXAYDjP7TmQoomMb\" target=\"_blank\">https:\/\/vimeo.com\/409901507\/ca49886f2e?fbclid=IwAR2kJafKFQGwAlmNwLa7QCbfUkVbnml-yq6llH3ex7PyNPB8p8F4UJLChUE<\/a><\/p>\n\n\n\n<p><\/p>\n\n\n\n<h2 class=\"has-text-align-center has-vivid-red-color has-text-color wp-block-heading\">***<\/h2>\n\n\n\n<div class=\"wp-block-media-text alignwide is-stacked-on-mobile\"><figure class=\"wp-block-media-text__media\"><a href=\"https:\/\/enjeux-rlaroche.philo-cvm.ca\/wp-content\/uploads\/2022\/01\/Dewey_Apres_le_liberalisme.pdf\"><img loading=\"lazy\" decoding=\"async\" width=\"518\" height=\"330\" src=\"https:\/\/enjeux-rlaroche.philo-cvm.ca\/wp-content\/uploads\/2022\/01\/john_dewey.jpg\" alt=\"\" class=\"wp-image-560 size-full\" srcset=\"https:\/\/enjeux-rlaroche.philo-cvm.ca\/wp-content\/uploads\/2022\/01\/john_dewey.jpg 518w, https:\/\/enjeux-rlaroche.philo-cvm.ca\/wp-content\/uploads\/2022\/01\/john_dewey-300x191.jpg 300w\" sizes=\"auto, (max-width: 518px) 100vw, 518px\" \/><\/a><\/figure><div class=\"wp-block-media-text__content\">\n<p class=\"has-large-font-size\">Se pourrait-il que l&rsquo;histoire du lib\u00e9ralisme nous aide \u00e0 poursuivre notre r\u00e9flexion ? Quelle signification pour le lib\u00e9ralisme? C&rsquo;est le probl\u00e8me du rapport entre l&rsquo;individu et la communaut\u00e9 qui se dessine ici.<\/p>\n\n\n\n<p>Voyez l&rsquo;extrait de texte choisi en cliquant sur l&rsquo;image. <\/p>\n\n\n\n<p><a rel=\"noreferrer noopener\" href=\"https:\/\/enjeux-rlaroche.philo-cvm.ca\/wp-content\/uploads\/2022\/01\/nl_j_perrin_dewey_apre-s_le_libe-ralisme_v1.pdf\" target=\"_blank\">Ces notes de lectures pourraient aussi nous inspirer.<\/a><\/p>\n\n\n\n<p><a href=\"https:\/\/enjeux-rlaroche.philo-cvm.ca\/?page_id=597\" target=\"_blank\" rel=\"noreferrer noopener\">Lancement de discussion<\/a><\/p>\n<\/div><\/div>\n\n\n\n<h3 class=\"wp-block-heading\" id=\"nos-precedentes-lectures-demeurent-evidemment-accessibles-ici-bas\">Nos pr\u00e9c\u00e9dentes lectures demeurent \u00e9videmment accessibles ici-bas. <\/h3>\n\n\n\n<div class=\"wp-block-media-text alignwide is-stacked-on-mobile\"><figure class=\"wp-block-media-text__media\"><img loading=\"lazy\" decoding=\"async\" width=\"334\" height=\"550\" src=\"https:\/\/enjeux-rlaroche.philo-cvm.ca\/wp-content\/uploads\/2021\/11\/2487100-gf.jpg\" alt=\"\" class=\"wp-image-175 size-full\" srcset=\"https:\/\/enjeux-rlaroche.philo-cvm.ca\/wp-content\/uploads\/2021\/11\/2487100-gf.jpg 334w, https:\/\/enjeux-rlaroche.philo-cvm.ca\/wp-content\/uploads\/2021\/11\/2487100-gf-182x300.jpg 182w\" sizes=\"auto, (max-width: 334px) 100vw, 334px\" \/><\/figure><div class=\"wp-block-media-text__content\">\n<p class=\"has-large-font-size\">Lors de la derni\u00e8re rencontre, nous avons d\u00e9cid\u00e9 de lire le texte de James Baldwin<strong>&nbsp;La prochaine fois, le feu<\/strong>. Il s&rsquo;agit \u00e0 la fois d&rsquo;un r\u00e9cit personnel et d&rsquo;un essai sur la discrimination raciale aux \u00c9tats-Unis ainsi que la lutte contre celle-ci.&nbsp;Vous allez in\u00e9vitablement tomber sur le n-word, et possiblement \u00eatre \u00ab&nbsp;choqu\u00e9.e&nbsp;\u00bbpar certains passages ; nous prendrons \u00e9videmment le temps de faire le tour de la question et de discuter de tout cela lors des rencontres du 19 novembre et du 15 d\u00e9cembre.&nbsp;<\/p>\n\n\n\n<p><a rel=\"noreferrer noopener\" href=\"https:\/\/enjeux-rlaroche.philo-cvm.ca\/wp-content\/uploads\/2021\/11\/La-prochaine-fois-le-feu-James-Baldwin.pdf\" target=\"_blank\">Hyperlien vers PDF<\/a> <\/p>\n<\/div><\/div>\n\n\n\n<div data-wp-interactive=\"core\/file\" class=\"wp-block-file\"><object data-wp-bind--hidden=\"!state.hasPdfPreview\" hidden class=\"wp-block-file__embed\" data=\"https:\/\/enjeux-rlaroche.philo-cvm.ca\/wp-content\/uploads\/2022\/02\/CAMUS-Lhomme-revolte.pdf\" type=\"application\/pdf\" style=\"width:100%;height:600px\" aria-label=\"Contenu incorpor\u00e9 Contenu incorpor\u00e9 CAMUS-Lhomme-revolte..\"><\/object><a id=\"wp-block-file--media-f8369179-50f3-4952-b58f-78a12d7344ec\" href=\"https:\/\/enjeux-rlaroche.philo-cvm.ca\/wp-content\/uploads\/2022\/02\/CAMUS-Lhomme-revolte.pdf\">CAMUS-Lhomme-revolte<\/a><a href=\"https:\/\/enjeux-rlaroche.philo-cvm.ca\/wp-content\/uploads\/2022\/02\/CAMUS-Lhomme-revolte.pdf\" class=\"wp-block-file__button\" download aria-describedby=\"wp-block-file--media-f8369179-50f3-4952-b58f-78a12d7344ec\">T\u00e9l\u00e9charger<\/a><\/div>\n\n\n\n<p>VOICI LE LIVRE DONT JE PARLAIT.  JE RECOMANDE DE LIRE LE CHAPITRE NOMM\u00c9 L&rsquo;AFFIRMATION ABSOLUE. CE CHAPITRE FAIT UNE CRITIQUE DE STIRNER ET DE NIETZSCHE ET L&rsquo;IMPASSE DE LEUR INDIVIDUALISME.<\/p>\n","protected":false},"excerpt":{"rendered":"<p>Voici les documents disponibles pour la rencontre du 7 avril Ted talk (19 minutes) de Chimamanda Ngozi Adichie \u00abLe danger de l&rsquo;histoire unique\u00bb (sous-titres en fran\u00e7ais disponibles) Extrait de l&rsquo;essai Bad F\u00e9ministe de Roxane Gay: Chapitre En attendant un h\u00e9ros Extrait de L&rsquo;Utilitarisme de John Stuart Mill: Pages 23-24 Voici les documents disponibles pour la&hellip;<\/p>\n","protected":false},"author":1,"featured_media":568,"parent":0,"menu_order":0,"comment_status":"open","ping_status":"closed","template":"","meta":{"footnotes":""},"class_list":["post-173","page","type-page","status-publish","has-post-thumbnail","hentry"],"_links":{"self":[{"href":"https:\/\/enjeux-rlaroche.philo-cvm.ca\/index.php?rest_route=\/wp\/v2\/pages\/173","targetHints":{"allow":["GET"]}}],"collection":[{"href":"https:\/\/enjeux-rlaroche.philo-cvm.ca\/index.php?rest_route=\/wp\/v2\/pages"}],"about":[{"href":"https:\/\/enjeux-rlaroche.philo-cvm.ca\/index.php?rest_route=\/wp\/v2\/types\/page"}],"author":[{"embeddable":true,"href":"https:\/\/enjeux-rlaroche.philo-cvm.ca\/index.php?rest_route=\/wp\/v2\/users\/1"}],"replies":[{"embeddable":true,"href":"https:\/\/enjeux-rlaroche.philo-cvm.ca\/index.php?rest_route=%2Fwp%2Fv2%2Fcomments&post=173"}],"version-history":[{"count":20,"href":"https:\/\/enjeux-rlaroche.philo-cvm.ca\/index.php?rest_route=\/wp\/v2\/pages\/173\/revisions"}],"predecessor-version":[{"id":897,"href":"https:\/\/enjeux-rlaroche.philo-cvm.ca\/index.php?rest_route=\/wp\/v2\/pages\/173\/revisions\/897"}],"wp:featuredmedia":[{"embeddable":true,"href":"https:\/\/enjeux-rlaroche.philo-cvm.ca\/index.php?rest_route=\/wp\/v2\/media\/568"}],"wp:attachment":[{"href":"https:\/\/enjeux-rlaroche.philo-cvm.ca\/index.php?rest_route=%2Fwp%2Fv2%2Fmedia&parent=173"}],"curies":[{"name":"wp","href":"https:\/\/api.w.org\/{rel}","templated":true}]}}