{"id":169,"date":"2021-11-04T19:03:16","date_gmt":"2021-11-04T19:03:16","guid":{"rendered":"https:\/\/enjeux-rlaroche.profweb.ca\/?page_id=169"},"modified":"2022-04-13T21:27:09","modified_gmt":"2022-04-13T21:27:09","slug":"calendrier-des-rencontres","status":"publish","type":"page","link":"https:\/\/enjeux-rlaroche.philo-cvm.ca\/?page_id=169","title":{"rendered":"Calendrier des rencontres et des \u00e9v\u00e9nements"},"content":{"rendered":"\n<p><strong>Hiver<\/strong> <strong>2022<\/strong><\/p>\n\n\n\n<p>Philopolis : 27 f\u00e9vrier 2022 (heure \u00e0 venir) <\/p>\n\n\n\n<p><\/p>\n\n\n\n<p>Voici qui assumera l&rsquo;animation des s\u00e9ances \u00e0 venir <\/p>\n\n\n\n<p>10 f\u00e9v : Mari\u00e8ve et R\u00e9mi (texte de Dewey).\u00a0<br>24 f\u00e9v : Noam<br>10 mars : Milli et Ga\u00eblle<br>24 mars : Fran\u00e7ois et \u00c9douard<br>7 avril : Pascale<br>21 avril : Rencontre avec les groupes de discussion de Br\u00e9beuf, Granby et Montmorency. <\/p>\n\n\n\n<p><\/p>\n\n\n\n<p><strong>Automne 2021<\/strong><\/p>\n\n\n\n<p>25 novembre 2021 de 11h40 \u00e0 12h45 dans le hall principal du 3e. Caf\u00e9 citoyen pour lancer localement le Concours philosopher.<\/p>\n\n\n\n<p><\/p>\n\n\n\n<p>Prochaines rencontres planifi\u00e9es :<\/p>\n\n\n\n<p><\/p>\n\n\n\n<p>15 d\u00e9cembre 2021 \u00e0 partir de 15h30  Local 8.82 : L&rsquo;\u00e9v\u00e9nement a pour but de discuter la question du concours philosopher mais surtout de nous r\u00e9unir une premi\u00e8re fois afin de partager notre int\u00e9r\u00eat pour la philosophie avec ami.es et coll\u00e8gues. <\/p>\n","protected":false},"excerpt":{"rendered":"<p>Hiver 2022 Philopolis : 27 f\u00e9vrier 2022 (heure \u00e0 venir) Voici qui assumera l&rsquo;animation des s\u00e9ances \u00e0 venir 10 f\u00e9v : Mari\u00e8ve et R\u00e9mi (texte de Dewey).\u00a024 f\u00e9v : Noam10 mars : Milli et Ga\u00eblle24 mars : Fran\u00e7ois et \u00c9douard7 avril : Pascale21 avril : Rencontre avec les groupes de discussion de Br\u00e9beuf, Granby et&hellip;<\/p>\n","protected":false},"author":1,"featured_media":269,"parent":0,"menu_order":0,"comment_status":"closed","ping_status":"closed","template":"","meta":{"footnotes":""},"class_list":["post-169","page","type-page","status-publish","has-post-thumbnail","hentry"],"_links":{"self":[{"href":"https:\/\/enjeux-rlaroche.philo-cvm.ca\/index.php?rest_route=\/wp\/v2\/pages\/169","targetHints":{"allow":["GET"]}}],"collection":[{"href":"https:\/\/enjeux-rlaroche.philo-cvm.ca\/index.php?rest_route=\/wp\/v2\/pages"}],"about":[{"href":"https:\/\/enjeux-rlaroche.philo-cvm.ca\/index.php?rest_route=\/wp\/v2\/types\/page"}],"author":[{"embeddable":true,"href":"https:\/\/enjeux-rlaroche.philo-cvm.ca\/index.php?rest_route=\/wp\/v2\/users\/1"}],"replies":[{"embeddable":true,"href":"https:\/\/enjeux-rlaroche.philo-cvm.ca\/index.php?rest_route=%2Fwp%2Fv2%2Fcomments&post=169"}],"version-history":[{"count":12,"href":"https:\/\/enjeux-rlaroche.philo-cvm.ca\/index.php?rest_route=\/wp\/v2\/pages\/169\/revisions"}],"predecessor-version":[{"id":939,"href":"https:\/\/enjeux-rlaroche.philo-cvm.ca\/index.php?rest_route=\/wp\/v2\/pages\/169\/revisions\/939"}],"wp:featuredmedia":[{"embeddable":true,"href":"https:\/\/enjeux-rlaroche.philo-cvm.ca\/index.php?rest_route=\/wp\/v2\/media\/269"}],"wp:attachment":[{"href":"https:\/\/enjeux-rlaroche.philo-cvm.ca\/index.php?rest_route=%2Fwp%2Fv2%2Fmedia&parent=169"}],"curies":[{"name":"wp","href":"https:\/\/api.w.org\/{rel}","templated":true}]}}