{"id":1497,"date":"2022-10-15T18:20:47","date_gmt":"2022-10-15T18:20:47","guid":{"rendered":"https:\/\/enjeux-rlaroche.profweb.ca\/?page_id=1497"},"modified":"2022-10-15T19:31:46","modified_gmt":"2022-10-15T19:31:46","slug":"humains-et-batiments-vivants-histoire-et-reciprocite","status":"publish","type":"page","link":"https:\/\/enjeux-rlaroche.philo-cvm.ca\/?page_id=1497","title":{"rendered":"Humains et b\u00e2timents vivants\u00a0: Histoire et r\u00e9ciprocit\u00e9."},"content":{"rendered":"\n<p>Ce livre existe bel et bien, nous en avons une ancienne version trouv\u00e9e \u00e0 L&rsquo;Asile. <\/p>\n\n\n\n<p>(\u00c0 d\u00e9velopper&#8230;)<\/p>\n\n\n\n<h3 class=\"wp-block-heading\">Introduction<\/h3>\n\n\n\n<p><\/p>\n","protected":false},"excerpt":{"rendered":"<p>Ce livre existe bel et bien, nous en avons une ancienne version trouv\u00e9e \u00e0 L&rsquo;Asile. (\u00c0 d\u00e9velopper&#8230;) Introduction<\/p>\n","protected":false},"author":1,"featured_media":1500,"parent":0,"menu_order":0,"comment_status":"closed","ping_status":"closed","template":"","meta":{"footnotes":""},"class_list":["post-1497","page","type-page","status-publish","has-post-thumbnail","hentry"],"_links":{"self":[{"href":"https:\/\/enjeux-rlaroche.philo-cvm.ca\/index.php?rest_route=\/wp\/v2\/pages\/1497","targetHints":{"allow":["GET"]}}],"collection":[{"href":"https:\/\/enjeux-rlaroche.philo-cvm.ca\/index.php?rest_route=\/wp\/v2\/pages"}],"about":[{"href":"https:\/\/enjeux-rlaroche.philo-cvm.ca\/index.php?rest_route=\/wp\/v2\/types\/page"}],"author":[{"embeddable":true,"href":"https:\/\/enjeux-rlaroche.philo-cvm.ca\/index.php?rest_route=\/wp\/v2\/users\/1"}],"replies":[{"embeddable":true,"href":"https:\/\/enjeux-rlaroche.philo-cvm.ca\/index.php?rest_route=%2Fwp%2Fv2%2Fcomments&post=1497"}],"version-history":[{"count":4,"href":"https:\/\/enjeux-rlaroche.philo-cvm.ca\/index.php?rest_route=\/wp\/v2\/pages\/1497\/revisions"}],"predecessor-version":[{"id":1534,"href":"https:\/\/enjeux-rlaroche.philo-cvm.ca\/index.php?rest_route=\/wp\/v2\/pages\/1497\/revisions\/1534"}],"wp:featuredmedia":[{"embeddable":true,"href":"https:\/\/enjeux-rlaroche.philo-cvm.ca\/index.php?rest_route=\/wp\/v2\/media\/1500"}],"wp:attachment":[{"href":"https:\/\/enjeux-rlaroche.philo-cvm.ca\/index.php?rest_route=%2Fwp%2Fv2%2Fmedia&parent=1497"}],"curies":[{"name":"wp","href":"https:\/\/api.w.org\/{rel}","templated":true}]}}