{"id":1430,"date":"2022-09-30T20:30:29","date_gmt":"2022-09-30T20:30:29","guid":{"rendered":"https:\/\/enjeux-rlaroche.profweb.ca\/?page_id=1430"},"modified":"2022-09-30T20:34:14","modified_gmt":"2022-09-30T20:34:14","slug":"juliette-teyssier","status":"publish","type":"page","link":"https:\/\/enjeux-rlaroche.philo-cvm.ca\/?page_id=1430","title":{"rendered":"JULIETTE TEYSSIER"},"content":{"rendered":"\n<p>Cette page est d\u00e9di\u00e9e au d\u00e9veloppement de vos r\u00e9flexions personnelles en lien avec les activit\u00e9s du GRAP, s\u00e9minaires, discussions, projets divers, utopie, Concours Philosopher\u2026 <\/p>\n","protected":false},"excerpt":{"rendered":"<p>Cette page est d\u00e9di\u00e9e au d\u00e9veloppement de vos r\u00e9flexions personnelles en lien avec les activit\u00e9s du GRAP, s\u00e9minaires, discussions, projets divers, utopie, Concours Philosopher\u2026<\/p>\n","protected":false},"author":1,"featured_media":0,"parent":0,"menu_order":0,"comment_status":"open","ping_status":"closed","template":"","meta":{"footnotes":""},"class_list":["post-1430","page","type-page","status-publish","hentry"],"_links":{"self":[{"href":"https:\/\/enjeux-rlaroche.philo-cvm.ca\/index.php?rest_route=\/wp\/v2\/pages\/1430","targetHints":{"allow":["GET"]}}],"collection":[{"href":"https:\/\/enjeux-rlaroche.philo-cvm.ca\/index.php?rest_route=\/wp\/v2\/pages"}],"about":[{"href":"https:\/\/enjeux-rlaroche.philo-cvm.ca\/index.php?rest_route=\/wp\/v2\/types\/page"}],"author":[{"embeddable":true,"href":"https:\/\/enjeux-rlaroche.philo-cvm.ca\/index.php?rest_route=\/wp\/v2\/users\/1"}],"replies":[{"embeddable":true,"href":"https:\/\/enjeux-rlaroche.philo-cvm.ca\/index.php?rest_route=%2Fwp%2Fv2%2Fcomments&post=1430"}],"version-history":[{"count":3,"href":"https:\/\/enjeux-rlaroche.philo-cvm.ca\/index.php?rest_route=\/wp\/v2\/pages\/1430\/revisions"}],"predecessor-version":[{"id":1442,"href":"https:\/\/enjeux-rlaroche.philo-cvm.ca\/index.php?rest_route=\/wp\/v2\/pages\/1430\/revisions\/1442"}],"wp:attachment":[{"href":"https:\/\/enjeux-rlaroche.philo-cvm.ca\/index.php?rest_route=%2Fwp%2Fv2%2Fmedia&parent=1430"}],"curies":[{"name":"wp","href":"https:\/\/api.w.org\/{rel}","templated":true}]}}