{"id":1395,"date":"2022-09-29T13:11:27","date_gmt":"2022-09-29T13:11:27","guid":{"rendered":"https:\/\/enjeux-rlaroche.profweb.ca\/?page_id=1395"},"modified":"2022-10-04T13:20:52","modified_gmt":"2022-10-04T13:20:52","slug":"mise-en-forme-et-aspects-techniques","status":"publish","type":"page","link":"https:\/\/enjeux-rlaroche.philo-cvm.ca\/?page_id=1395","title":{"rendered":"Mise en forme et aspects techniques"},"content":{"rendered":"\n<p><a rel=\"noreferrer noopener\" href=\"https:\/\/enjeux-rlaroche.philo-cvm.ca\/?page_id=1144\" target=\"_blank\">Proc\u00e9dure d\u2019\u00e9criture collaborative de l\u2019Utopie<\/a><\/p>\n\n\n\n<p>Pour cr\u00e9er un hyperlien vers l&rsquo;article d&rsquo;un.e autre utopien.ne il s&rsquo;agit de copier l&rsquo;url de sa page de publication sur le site et de le coller sur un mot ou une phrase s\u00e9lectionn\u00e9e dans votre propre texte. Lorsque vous s\u00e9lectionnez un mot une barre d&rsquo;outil appara\u00eet qui vous permet de cr\u00e9er l&rsquo;hyperlien (vous pouvez aussi faire ctrl+k) et ainsi coller l&rsquo;adresse en question.  <\/p>\n","protected":false},"excerpt":{"rendered":"<p>Proc\u00e9dure d\u2019\u00e9criture collaborative de l\u2019Utopie Pour cr\u00e9er un hyperlien vers l&rsquo;article d&rsquo;un.e autre utopien.ne il s&rsquo;agit de copier l&rsquo;url de sa page de publication sur le site et de le coller sur un mot ou une phrase s\u00e9lectionn\u00e9e dans votre propre texte. Lorsque vous s\u00e9lectionnez un mot une barre d&rsquo;outil appara\u00eet qui vous permet de&hellip;<\/p>\n","protected":false},"author":1,"featured_media":1396,"parent":0,"menu_order":0,"comment_status":"open","ping_status":"closed","template":"","meta":{"footnotes":""},"class_list":["post-1395","page","type-page","status-publish","has-post-thumbnail","hentry"],"_links":{"self":[{"href":"https:\/\/enjeux-rlaroche.philo-cvm.ca\/index.php?rest_route=\/wp\/v2\/pages\/1395","targetHints":{"allow":["GET"]}}],"collection":[{"href":"https:\/\/enjeux-rlaroche.philo-cvm.ca\/index.php?rest_route=\/wp\/v2\/pages"}],"about":[{"href":"https:\/\/enjeux-rlaroche.philo-cvm.ca\/index.php?rest_route=\/wp\/v2\/types\/page"}],"author":[{"embeddable":true,"href":"https:\/\/enjeux-rlaroche.philo-cvm.ca\/index.php?rest_route=\/wp\/v2\/users\/1"}],"replies":[{"embeddable":true,"href":"https:\/\/enjeux-rlaroche.philo-cvm.ca\/index.php?rest_route=%2Fwp%2Fv2%2Fcomments&post=1395"}],"version-history":[{"count":4,"href":"https:\/\/enjeux-rlaroche.philo-cvm.ca\/index.php?rest_route=\/wp\/v2\/pages\/1395\/revisions"}],"predecessor-version":[{"id":1447,"href":"https:\/\/enjeux-rlaroche.philo-cvm.ca\/index.php?rest_route=\/wp\/v2\/pages\/1395\/revisions\/1447"}],"wp:featuredmedia":[{"embeddable":true,"href":"https:\/\/enjeux-rlaroche.philo-cvm.ca\/index.php?rest_route=\/wp\/v2\/media\/1396"}],"wp:attachment":[{"href":"https:\/\/enjeux-rlaroche.philo-cvm.ca\/index.php?rest_route=%2Fwp%2Fv2%2Fmedia&parent=1395"}],"curies":[{"name":"wp","href":"https:\/\/api.w.org\/{rel}","templated":true}]}}