{"id":1211,"date":"2022-09-20T17:55:04","date_gmt":"2022-09-20T17:55:04","guid":{"rendered":"https:\/\/enjeux-rlaroche.profweb.ca\/?page_id=1211"},"modified":"2023-02-24T14:07:26","modified_gmt":"2023-02-24T14:07:26","slug":"leo-palardy","status":"publish","type":"page","link":"https:\/\/enjeux-rlaroche.philo-cvm.ca\/?page_id=1211","title":{"rendered":"L\u00c9O PALARDY"},"content":{"rendered":"\n<p><\/p>\n\n\n\n<h2 class=\"wp-block-heading\">Quelques limites du  pragmatisme<\/h2>\n\n\n\n<p>Le pragmatisme tel qu\u2019on l\u2019entend aujourd\u2019hui, enfant du rationalisme, est peut-\u00eatre avec le lib\u00e9ralisme l&rsquo;id\u00e9ologie la plus h\u00e9g\u00e9monique de notre \u00e9poque. Le pragmatisme, en pr\u00e9tendant faire une lecture froidement rationnelle de la r\u00e9alit\u00e9, occulte la pluralit\u00e9 des r\u00e9alit\u00e9s possibles. Les discours dit \u00abpragmatiques\u00bb ont souvent pour caract\u00e9ristiques de se soumettre \u00e0 des lieux communs concernant le fonctionnement \u00abnaturel\u00bb des choses. Ainsi, le pragmatisme rel\u00e8ve une composante normative. <\/p>\n\n\n\n<p><\/p>\n\n\n\n<p>Une autre limite du pragmatisme est \u00e0 trouver dans le danger de la proph\u00e9tie auto-r\u00e9alisatrice. En tenant compte d\u2019une \u00abr\u00e9alit\u00e9\u00bb fond\u00e9e sur une norme sociale pour jauger ses actions, on risque d\u2019amplifier le ph\u00e9nom\u00e8ne en question ou du moins d\u2019y contribuer. Ainsi, par exemple, l\u2019armement (qu\u2019il soit individuel ou national) est souvent justifi\u00e9 par le pragmatisme. Le fait que l\u2019autre soit arm\u00e9 devient une raison de s\u2019armer en tant qu\u2019individu ou en tant que nation. Se faisant, on vient renforcer la norme sociale de l\u2019armement.<\/p>\n\n\n\n<p><\/p>\n\n\n\n<p>Que faire face \u00e0 cette impasse? Il convient \u00e0 mes yeux de faire la promotion d\u2019un id\u00e9alisme, qui sans \u00eatre na\u00eff, ne ferait pas de concession sur ses id\u00e9aux pour r\u00e9pondre aux exigences du \u00abpragmatsime\u00bb.<\/p>\n\n\n\n<p><\/p>\n\n\n\n<p><\/p>\n\n\n\n<p><\/p>\n\n\n\n<h2 class=\"wp-block-heading\">Premier s\u00e9minaire : Charles Fourier ou la libert\u00e9 des passions <\/h2>\n\n\n\n<figure class=\"wp-block-image size-large\"><img loading=\"lazy\" decoding=\"async\" width=\"1024\" height=\"353\" src=\"https:\/\/enjeux-rlaroche.philo-cvm.ca\/wp-content\/uploads\/2023\/02\/img_1225-1024x353.jpg\" alt=\"\" class=\"wp-image-2488\" srcset=\"https:\/\/enjeux-rlaroche.philo-cvm.ca\/wp-content\/uploads\/2023\/02\/img_1225-1024x353.jpg 1024w, https:\/\/enjeux-rlaroche.philo-cvm.ca\/wp-content\/uploads\/2023\/02\/img_1225-300x103.jpg 300w, https:\/\/enjeux-rlaroche.philo-cvm.ca\/wp-content\/uploads\/2023\/02\/img_1225-768x265.jpg 768w, https:\/\/enjeux-rlaroche.philo-cvm.ca\/wp-content\/uploads\/2023\/02\/img_1225-1536x529.jpg 1536w, https:\/\/enjeux-rlaroche.philo-cvm.ca\/wp-content\/uploads\/2023\/02\/img_1225-1920x661.jpg 1920w, https:\/\/enjeux-rlaroche.philo-cvm.ca\/wp-content\/uploads\/2023\/02\/img_1225.jpg 1942w\" sizes=\"auto, (max-width: 1024px) 100vw, 1024px\" \/><\/figure>\n\n\n\n<p><strong>Conf\u00e9rence \u00e0 \u00e9couter pour vous pr\u00e9parer \u00e0 la rencontre du 9 mars :<\/strong><\/p>\n\n\n\n<p><a href=\"https:\/\/youtu.be\/UgsK97YpmdQ\">Charles Fourier, la f\u00e9\u00e9rie soci\u00e9taire (Michel Onfray)<\/a><\/p>\n\n\n\n<p><strong>Extraits \u00e0 lire :<\/strong><\/p>\n\n\n\n<div class=\"wp-block-file\"><a id=\"wp-block-file--media-14739348-2341-4187-a8eb-70315254306b\" href=\"https:\/\/enjeux-rlaroche.philo-cvm.ca\/wp-content\/uploads\/2023\/02\/Le-Nouveau-monde-Amoureux-extraits.docx\">Le-Nouveau-monde-Amoureux-extraits<\/a><a href=\"https:\/\/enjeux-rlaroche.philo-cvm.ca\/wp-content\/uploads\/2023\/02\/Le-Nouveau-monde-Amoureux-extraits.docx\" class=\"wp-block-file__button wp-element-button\" download aria-describedby=\"wp-block-file--media-14739348-2341-4187-a8eb-70315254306b\">T\u00e9l\u00e9charger<\/a><\/div>\n\n\n\n<p><strong>Pistes de r\u00e9flexion :<\/strong><\/p>\n\n\n\n<p>Pour Fourier, les passions sont toutes essentiellement bonnes, c&rsquo;est un mauvais usage de celles-ci qui est mauvais. Il propose donc de les agencer de mani\u00e8re \u00e0 maximiser le bonheur des individus et s&rsquo;oppose cat\u00e9goriquement \u00e0 leur r\u00e9pression. Que pensez-vous de cette th\u00e9orie ?<\/p>\n\n\n\n<p><\/p>\n\n\n\n<p>Plus pr\u00e9cis\u00e9ment, que pensez-vous de la th\u00e9orie du plaisir chez Fourier (le plaisir par les sens et l&rsquo;esprit, la gastrosophie, etc.) ?<\/p>\n\n\n\n<p><\/p>\n\n\n\n<p>La th\u00e9orie de Fourier concernant les passions comporte une critique acerbe de la monogamie telle qu&rsquo;elle est pratiqu\u00e9e en Civilisation, Fourier propose que la maximisation du plaisir individuel et collectif passe par la polygamie. Qu&rsquo;en pensez-vous ?<\/p>\n\n\n\n<p><\/p>\n\n\n\n<p>La th\u00e9orie de Fourier se construit en r\u00e9ponse \u00e0 la r\u00e9volution industrielle, \u00e0 cette \u00e9poque r\u00e8gne une grande confiance quant aux avanc\u00e9es scientifiques et au progr\u00e8s de l&rsquo;industrie. L&rsquo;id\u00e9al d&rsquo;une soci\u00e9t\u00e9 des loisirs ne comportant aucun aspect r\u00e9pressif est-il toujours envisageable \u00e0 l&rsquo;\u00e9poque de la crise \u00e9cologique ?<\/p>\n\n\n\n<p><\/p>\n\n\n\n<p>Sinon, y a-t-il des aspects de la th\u00e9orie de Fourier qui vous semblent d&rsquo;actualit\u00e9 aujourd&rsquo;hui ?<\/p>\n","protected":false},"excerpt":{"rendered":"<p>Quelques limites du pragmatisme Le pragmatisme tel qu\u2019on l\u2019entend aujourd\u2019hui, enfant du rationalisme, est peut-\u00eatre avec le lib\u00e9ralisme l&rsquo;id\u00e9ologie la plus h\u00e9g\u00e9monique de notre \u00e9poque. Le pragmatisme, en pr\u00e9tendant faire une lecture froidement rationnelle de la r\u00e9alit\u00e9, occulte la pluralit\u00e9 des r\u00e9alit\u00e9s possibles. Les discours dit \u00abpragmatiques\u00bb ont souvent pour caract\u00e9ristiques de se soumettre \u00e0&hellip;<\/p>\n","protected":false},"author":16,"featured_media":0,"parent":0,"menu_order":0,"comment_status":"open","ping_status":"closed","template":"","meta":{"footnotes":""},"class_list":["post-1211","page","type-page","status-publish","hentry"],"_links":{"self":[{"href":"https:\/\/enjeux-rlaroche.philo-cvm.ca\/index.php?rest_route=\/wp\/v2\/pages\/1211","targetHints":{"allow":["GET"]}}],"collection":[{"href":"https:\/\/enjeux-rlaroche.philo-cvm.ca\/index.php?rest_route=\/wp\/v2\/pages"}],"about":[{"href":"https:\/\/enjeux-rlaroche.philo-cvm.ca\/index.php?rest_route=\/wp\/v2\/types\/page"}],"author":[{"embeddable":true,"href":"https:\/\/enjeux-rlaroche.philo-cvm.ca\/index.php?rest_route=\/wp\/v2\/users\/16"}],"replies":[{"embeddable":true,"href":"https:\/\/enjeux-rlaroche.philo-cvm.ca\/index.php?rest_route=%2Fwp%2Fv2%2Fcomments&post=1211"}],"version-history":[{"count":13,"href":"https:\/\/enjeux-rlaroche.philo-cvm.ca\/index.php?rest_route=\/wp\/v2\/pages\/1211\/revisions"}],"predecessor-version":[{"id":2500,"href":"https:\/\/enjeux-rlaroche.philo-cvm.ca\/index.php?rest_route=\/wp\/v2\/pages\/1211\/revisions\/2500"}],"wp:attachment":[{"href":"https:\/\/enjeux-rlaroche.philo-cvm.ca\/index.php?rest_route=%2Fwp%2Fv2%2Fmedia&parent=1211"}],"curies":[{"name":"wp","href":"https:\/\/api.w.org\/{rel}","templated":true}]}}