{"id":1144,"date":"2022-09-14T17:19:26","date_gmt":"2022-09-14T17:19:26","guid":{"rendered":"https:\/\/enjeux-rlaroche.profweb.ca\/?page_id=1144"},"modified":"2022-09-19T14:13:17","modified_gmt":"2022-09-19T14:13:17","slug":"processus-decriture-collaborative-de-lutopie","status":"publish","type":"page","link":"https:\/\/enjeux-rlaroche.philo-cvm.ca\/?page_id=1144","title":{"rendered":"Processus d&rsquo;\u00e9criture collaborative de l&rsquo;utopie &#8211; Premiers pas"},"content":{"rendered":"\n<blockquote class=\"wp-block-quote is-layout-flow wp-block-quote-is-layout-flow\"><p>\u00abAujourd&rsquo;hui les humains ont le courage de vivre leur vie mais ils n&rsquo;ont pas le courage de l&rsquo;imaginer.\u00bb <\/p><cite>Jean-Luc Godard<\/cite><\/blockquote>\n\n\n\n<p>1- Enregistrement sur le site (si ce n&rsquo;est pas d\u00e9j\u00e0 fait). Vous devez me faire parvenir une adresse courriel, celle du coll\u00e8ge ou une personnelle. Je vous retournerai un identifiant et un mot de passe. L&rsquo;onglet connexion se trouve tout en haut dans le menu de gauche (petites barres horizontales). <\/p>\n\n\n\n<p>2- D\u00e9finir votre nom d&rsquo;avatar dans votre profil en tant que pseudonyme \u00e0 afficher publiquement. L&rsquo;onglet <strong>Modifier votre profil<\/strong> se trouve dans la barre sup\u00e9rieure (noire) sous l&rsquo;onglet <strong>Salutations<\/strong> \u00e0 droite.<\/p>\n\n\n\n<p>3- Je vais \u00e9diter une page personnelle \u00e9dition 2022-2023 pour chaque participant.e. Cette page se trouvera dans le menu de gauche (trois petites barres parall\u00e8les). Dans ce menu, sont plac\u00e9s l&rsquo;onglet <strong>connexion<\/strong>, le <strong>forum<\/strong> de discussion et la liste des <strong>articles r\u00e9cents<\/strong>. <\/p>\n\n\n\n<p>4- Cr\u00e9er un article pr\u00e9sentant votre premier texte. Autoriser les commentaires et d\u00e9finir une image \u00e0 mettre de l&rsquo;avant. Il est important que ce soit un article plut\u00f4t qu&rsquo;une page afin que nous puissions utiliser la cat\u00e9gorisation pour d\u00e9velopper l&rsquo;utopie. <\/p>\n\n\n\n<p>5- Placer votre premier article dans la cat\u00e9gorie \u00abNAISSANCE DE L&rsquo;UTOPIE\u00bb. Nous d\u00e9velopperons les cat\u00e9gories \u00e0 mesure que se pr\u00e9cisera le monde de l&rsquo;utopie. <\/p>\n\n\n\n<p>6- Lire et commenter les articles des diff\u00e9rents avatars. <\/p>\n\n\n\n<p>7- Modifier notre texte (version 2) apr\u00e8s lecture et discussion des premi\u00e8res propositions.<\/p>\n\n\n\n<p>8- Et on recommence jusqu&rsquo;au moment de pr\u00e9senter l&rsquo;utopie \u00e0 la semaine de la citoyennet\u00e9. <\/p>\n\n\n\n<p class=\"has-text-align-left has-pale-pink-color has-text-color\">*** <\/p>\n\n\n\n<p>Apr\u00e8s chaque semaine d&rsquo;\u00e9criture il y aura r\u00e9am\u00e9nagement des cat\u00e9gories au niveau du menu principal. <\/p>\n\n\n\n<p>Notez que le th\u00e8me de la semaine de la citoyennet\u00e9 est <em>Reb\u00e2tir les solidarit\u00e9s<\/em> et le but de l&rsquo;utopie la qu\u00eate du Bonheur. <\/p>\n\n\n\n<p class=\"has-text-align-right\"><strong>Oh! l&rsquo;aventure dans laquelle nous nous lan\u00e7ons! <\/strong><\/p>\n","protected":false},"excerpt":{"rendered":"<p>\u00abAujourd&rsquo;hui les humains ont le courage de vivre leur vie mais ils n&rsquo;ont pas le courage de l&rsquo;imaginer.\u00bb Jean-Luc Godard 1- Enregistrement sur le site (si ce n&rsquo;est pas d\u00e9j\u00e0 fait). Vous devez me faire parvenir une adresse courriel, celle du coll\u00e8ge ou une personnelle. Je vous retournerai un identifiant et un mot de passe.&hellip;<\/p>\n","protected":false},"author":1,"featured_media":1145,"parent":0,"menu_order":0,"comment_status":"closed","ping_status":"closed","template":"","meta":{"footnotes":""},"class_list":["post-1144","page","type-page","status-publish","has-post-thumbnail","hentry"],"_links":{"self":[{"href":"https:\/\/enjeux-rlaroche.philo-cvm.ca\/index.php?rest_route=\/wp\/v2\/pages\/1144","targetHints":{"allow":["GET"]}}],"collection":[{"href":"https:\/\/enjeux-rlaroche.philo-cvm.ca\/index.php?rest_route=\/wp\/v2\/pages"}],"about":[{"href":"https:\/\/enjeux-rlaroche.philo-cvm.ca\/index.php?rest_route=\/wp\/v2\/types\/page"}],"author":[{"embeddable":true,"href":"https:\/\/enjeux-rlaroche.philo-cvm.ca\/index.php?rest_route=\/wp\/v2\/users\/1"}],"replies":[{"embeddable":true,"href":"https:\/\/enjeux-rlaroche.philo-cvm.ca\/index.php?rest_route=%2Fwp%2Fv2%2Fcomments&post=1144"}],"version-history":[{"count":18,"href":"https:\/\/enjeux-rlaroche.philo-cvm.ca\/index.php?rest_route=\/wp\/v2\/pages\/1144\/revisions"}],"predecessor-version":[{"id":1186,"href":"https:\/\/enjeux-rlaroche.philo-cvm.ca\/index.php?rest_route=\/wp\/v2\/pages\/1144\/revisions\/1186"}],"wp:featuredmedia":[{"embeddable":true,"href":"https:\/\/enjeux-rlaroche.philo-cvm.ca\/index.php?rest_route=\/wp\/v2\/media\/1145"}],"wp:attachment":[{"href":"https:\/\/enjeux-rlaroche.philo-cvm.ca\/index.php?rest_route=%2Fwp%2Fv2%2Fmedia&parent=1144"}],"curies":[{"name":"wp","href":"https:\/\/api.w.org\/{rel}","templated":true}]}}