{"id":1086,"date":"2022-09-08T12:49:24","date_gmt":"2022-09-08T12:49:24","guid":{"rendered":"https:\/\/enjeux-rlaroche.profweb.ca\/?page_id=1086"},"modified":"2022-09-28T14:56:50","modified_gmt":"2022-09-28T14:56:50","slug":"le-manifeste","status":"publish","type":"page","link":"https:\/\/enjeux-rlaroche.philo-cvm.ca\/?page_id=1086","title":{"rendered":"MANIFESTE"},"content":{"rendered":"\n<h2 class=\"wp-block-heading\"><strong><em>\u00c0 noter<\/em><\/strong> : <em><strong>\u00c9ternellement modifiable<\/strong><\/em><\/h2>\n\n\n<p>Le Groupe de r\u00e9flexion et d\u2019action philosophiques n&rsquo;est pas un rassemblement<br>de g\u00e9nie ou une assembl\u00e9e de jeunes frivoles en r\u00e9volte. C&rsquo;est un regroupement<br>d&rsquo;\u00e9l\u00e8ves qui se sont donn\u00e9 les moyens pour lib\u00e9rer la discussion et la<br>r\u00e9flexion philosophique.<\/p>\n<p><!-- \/wp:post-content --><!-- wp:paragraph --><\/p>\n<p>Le GRAP prend racine dans un cercle de lecture qui abordait une histoire<br>intellectuelle du lib\u00e9ralisme de Pierre Manent ainsi que dans un changement de<br>cours accept\u00e9 par l&rsquo;aide p\u00e9dagogique individuelle, \u00c9lyse Palardy. Ses premiers<br>semblants de regroupement rappellent une \u00e9poque o\u00f9 la seule question qui<br>m\u00e9ritait une r\u00e9ponse \u00e9tait&nbsp;\u00ab&nbsp;l&rsquo;avenir est-il <em>woke<\/em>?&nbsp;\u00bb.<\/p>\n<p><!-- \/wp:paragraph --><!-- wp:paragraph --><\/p>\n<p>Le groupe propose aujourd&rsquo;hui un univers intellectuel bien plus \u00e9tendu o\u00f9 la<br>discussion n&rsquo;est limit\u00e9e que par notre participation collective \u00e0 ce projet<br>magistral. Aucune id\u00e9e nouvelle, aucune proposition surr\u00e9elle, aucun concept<br>inexplor\u00e9 ne sera rejet\u00e9. Ce qu\u2019offre le GRAP n&rsquo;est ni plus ni moins que<br>l&rsquo;avant-garde de la r\u00e9flexion r\u00e9volutionnaire, un antagonisme \u00e0 une soci\u00e9t\u00e9 qui<br>s&rsquo;abrutit et qui refuse d&rsquo;agir face au n\u00e9ant.<\/p>\n<p><!-- \/wp:paragraph --><!-- wp:paragraph --><\/p>\n<p>Telle la relation de r\u00e9ciprocit\u00e9 entre l&rsquo;intellectuel et la soci\u00e9t\u00e9, le GRAP<br>d\u00e9sire cette symbiose entre recherche et action. Nous entendons par action<br>philosophique tout ce qui d\u00e9range, d\u00e9stabilise et d\u00e9mant\u00e8le l&rsquo;h\u00e9g\u00e9monie<br>id\u00e9ologique, l&rsquo;histoire unique et surmonte l&rsquo;Impasse. Tout ce qui pousse la<br>pens\u00e9e critique dans ses recoins les plus extraordinaires. Finalement, tout ce<br>qui permet de prendre contact avec le monde et d\u2019offrir la philosophie.<\/p>\n<p><!-- \/wp:paragraph --><!-- wp:paragraph --><\/p>\n<p>Dans le GRAP, il n&rsquo;y a aucune porte ferm\u00e9e, aucun portail barr\u00e9, seulement<br>des arches, amovibles et d\u00e9montables, sous lesquelles toustes sont<br>encourag\u00e9\u00b7e\u00b7s \u00e0 passer et \u00e0 laisser leurs marques.<\/p>\n<p><!-- \/wp:paragraph --><!-- wp:paragraph --><\/p>\n<p>Que le temps ne nous impose aucune fronti\u00e8re.<br>Soyons le bouleversement qui meut les actions.<br>Puissent nos travaux \u00eatre cr\u00e9ateurs de liens.<\/p>\n<p><!-- \/wp:paragraph --><!-- wp:paragraph --><\/p>\n<p>Place aux id\u00e9es contradictoires.<br>Place aux didascalies de la pens\u00e9e r\u00e9fractaire.<br>Place au jeu de l&rsquo;esprit.<br>Place \u00e0 la recherche de libert\u00e9.<\/p>\n<p><!-- \/wp:paragraph --><!-- wp:paragraph --><\/p>\n<p>En somme, le GRAP, c\u2019est une assiette de raisins m\u00e9taphoriques qui se<br>permettent d&rsquo;\u00e9changer des id\u00e9es attach\u00e9es \u00e0 la grappe.<br>Petits raisins de la Terre, unissez-vous!<\/p>\n<p><!-- \/wp:paragraph --><\/p>\n<p class=\"MsoNormal\"><\/p>","protected":false},"excerpt":{"rendered":"<p>\u00c0 noter : \u00c9ternellement modifiable Le Groupe de r\u00e9flexion et d\u2019action philosophiques n&rsquo;est pas un rassemblementde g\u00e9nie ou une assembl\u00e9e de jeunes frivoles en r\u00e9volte. C&rsquo;est un regroupementd&rsquo;\u00e9l\u00e8ves qui se sont donn\u00e9 les moyens pour lib\u00e9rer la discussion et lar\u00e9flexion philosophique. Le GRAP prend racine dans un cercle de lecture qui abordait une histoireintellectuelle du&hellip;<\/p>\n","protected":false},"author":13,"featured_media":1113,"parent":0,"menu_order":0,"comment_status":"open","ping_status":"closed","template":"","meta":{"footnotes":""},"class_list":["post-1086","page","type-page","status-publish","has-post-thumbnail","hentry"],"_links":{"self":[{"href":"https:\/\/enjeux-rlaroche.philo-cvm.ca\/index.php?rest_route=\/wp\/v2\/pages\/1086","targetHints":{"allow":["GET"]}}],"collection":[{"href":"https:\/\/enjeux-rlaroche.philo-cvm.ca\/index.php?rest_route=\/wp\/v2\/pages"}],"about":[{"href":"https:\/\/enjeux-rlaroche.philo-cvm.ca\/index.php?rest_route=\/wp\/v2\/types\/page"}],"author":[{"embeddable":true,"href":"https:\/\/enjeux-rlaroche.philo-cvm.ca\/index.php?rest_route=\/wp\/v2\/users\/13"}],"replies":[{"embeddable":true,"href":"https:\/\/enjeux-rlaroche.philo-cvm.ca\/index.php?rest_route=%2Fwp%2Fv2%2Fcomments&post=1086"}],"version-history":[{"count":4,"href":"https:\/\/enjeux-rlaroche.philo-cvm.ca\/index.php?rest_route=\/wp\/v2\/pages\/1086\/revisions"}],"predecessor-version":[{"id":1370,"href":"https:\/\/enjeux-rlaroche.philo-cvm.ca\/index.php?rest_route=\/wp\/v2\/pages\/1086\/revisions\/1370"}],"wp:featuredmedia":[{"embeddable":true,"href":"https:\/\/enjeux-rlaroche.philo-cvm.ca\/index.php?rest_route=\/wp\/v2\/media\/1113"}],"wp:attachment":[{"href":"https:\/\/enjeux-rlaroche.philo-cvm.ca\/index.php?rest_route=%2Fwp%2Fv2%2Fmedia&parent=1086"}],"curies":[{"name":"wp","href":"https:\/\/api.w.org\/{rel}","templated":true}]}}