{"id":1065,"date":"2022-09-08T12:26:23","date_gmt":"2022-09-08T12:26:23","guid":{"rendered":"https:\/\/enjeux-rlaroche.profweb.ca\/?page_id=1065"},"modified":"2023-02-16T15:49:00","modified_gmt":"2023-02-16T15:49:00","slug":"lavenir-est-il-woke","status":"publish","type":"page","link":"https:\/\/enjeux-rlaroche.philo-cvm.ca\/?page_id=1065","title":{"rendered":"L&rsquo;AVENIR EST-IL \u00abWOKE\u00bb?"},"content":{"rendered":"\n<p><\/p>\n\n\n\n<h2 class=\"has-text-align-center wp-block-heading\">L&rsquo;avenir est-il \u00abwoke\u00bb?<\/h2>\n\n\n\n<h4 class=\"has-text-align-center wp-block-heading\">Vous trouverez sur cette page les onglets permettant de revisiter le site d\u00e9di\u00e9 au Concours Philosopher 2021-2022<\/h4>\n\n\n\n<p class=\"has-text-align-center\"><a href=\"https:\/\/enjeux-rlaroche.philo-cvm.ca\/?page_id=25\" target=\"_blank\" rel=\"noreferrer noopener\">ACCUEIL<\/a><\/p>\n\n\n\n<p class=\"has-text-align-center\"><a href=\"https:\/\/enjeux-rlaroche.philo-cvm.ca\/?page_id=43\" target=\"_blank\" rel=\"noreferrer noopener\">M\u00c9THODE<\/a><\/p>\n\n\n\n<p class=\"has-text-align-center\"><a href=\"https:\/\/enjeux-rlaroche.philo-cvm.ca\/?page_id=93\" target=\"_blank\" rel=\"noreferrer noopener\">FIL D&rsquo;ACTUALIT\u00c9<\/a><\/p>\n\n\n\n<p class=\"has-text-align-center\"><a href=\"https:\/\/enjeux-rlaroche.philo-cvm.ca\/?page_id=111\" target=\"_blank\" rel=\"noreferrer noopener\">OBSERVATOIRE<\/a><\/p>\n\n\n\n<p class=\"has-text-align-center\"><a href=\"https:\/\/enjeux-rlaroche.philo-cvm.ca\/?page_id=130\" target=\"_blank\" rel=\"noreferrer noopener\">TH\u00c9ORIES<\/a><\/p>\n\n\n\n<p class=\"has-text-align-center\"><a href=\"https:\/\/enjeux-rlaroche.philo-cvm.ca\/?page_id=133\" target=\"_blank\" rel=\"noreferrer noopener\">ART ET R\u00c9CITS<\/a><\/p>\n\n\n\n<p><\/p>\n\n\n\n<p><\/p>\n","protected":false},"excerpt":{"rendered":"<p>L&rsquo;avenir est-il \u00abwoke\u00bb? Vous trouverez sur cette page les onglets permettant de revisiter le site d\u00e9di\u00e9 au Concours Philosopher 2021-2022 ACCUEIL M\u00c9THODE FIL D&rsquo;ACTUALIT\u00c9 OBSERVATOIRE TH\u00c9ORIES ART ET R\u00c9CITS<\/p>\n","protected":false},"author":1,"featured_media":392,"parent":0,"menu_order":0,"comment_status":"closed","ping_status":"closed","template":"","meta":{"footnotes":""},"class_list":["post-1065","page","type-page","status-publish","has-post-thumbnail","hentry"],"_links":{"self":[{"href":"https:\/\/enjeux-rlaroche.philo-cvm.ca\/index.php?rest_route=\/wp\/v2\/pages\/1065","targetHints":{"allow":["GET"]}}],"collection":[{"href":"https:\/\/enjeux-rlaroche.philo-cvm.ca\/index.php?rest_route=\/wp\/v2\/pages"}],"about":[{"href":"https:\/\/enjeux-rlaroche.philo-cvm.ca\/index.php?rest_route=\/wp\/v2\/types\/page"}],"author":[{"embeddable":true,"href":"https:\/\/enjeux-rlaroche.philo-cvm.ca\/index.php?rest_route=\/wp\/v2\/users\/1"}],"replies":[{"embeddable":true,"href":"https:\/\/enjeux-rlaroche.philo-cvm.ca\/index.php?rest_route=%2Fwp%2Fv2%2Fcomments&post=1065"}],"version-history":[{"count":11,"href":"https:\/\/enjeux-rlaroche.philo-cvm.ca\/index.php?rest_route=\/wp\/v2\/pages\/1065\/revisions"}],"predecessor-version":[{"id":2429,"href":"https:\/\/enjeux-rlaroche.philo-cvm.ca\/index.php?rest_route=\/wp\/v2\/pages\/1065\/revisions\/2429"}],"wp:featuredmedia":[{"embeddable":true,"href":"https:\/\/enjeux-rlaroche.philo-cvm.ca\/index.php?rest_route=\/wp\/v2\/media\/392"}],"wp:attachment":[{"href":"https:\/\/enjeux-rlaroche.philo-cvm.ca\/index.php?rest_route=%2Fwp%2Fv2%2Fmedia&parent=1065"}],"curies":[{"name":"wp","href":"https:\/\/api.w.org\/{rel}","templated":true}]}}